{"id":7199,"date":"2022-01-23T22:55:11","date_gmt":"2022-01-23T21:55:11","guid":{"rendered":"https:\/\/www.hml-fetish.de\/shop\/?post_type=product&#038;p=7199"},"modified":"2024-06-19T15:47:43","modified_gmt":"2024-06-19T13:47:43","slug":"rundring-zweiteilig","status":"publish","type":"product","link":"https:\/\/www.hml-fetish.de\/shop\/rundring-zweiteilig\/","title":{"rendered":"Rundring zweiteilig"},"content":{"rendered":"<p>Endlich wieder im Programm! Ein polierter, runder Ring aus massivem rostfreiem Edelstahl gedreht. Das besondere: Du ben\u00f6tigst nur eine Schraube zum Verschlie\u00dfen. Die andere Seite ist \u00fcber einen Bolzen verbunden. Das vermeidet Quetschungen beim Zusammenschrauben und spart eine Menge Zeit!<br \/>\n<BR>Dieser zweiteilige Ring ist etwa 15 mm stark und es gibt ihn in neun verschiedenen Innendurchmessern zusammen mit einem passenden Inbusschl\u00fcssel. Die gr\u00f6\u00dferen Ringe verwendest Du als Cockring. Die kleineren Ringe machen sich hervorragend um Deine Eier.<br \/>\n<BR>Das Gewicht liegt abh\u00e4ngig vom Innendurchmesser zwischen 200 g und 280 g. Wenn Du schon immer wissen wolltest, wie sich ein ganz enger Stahlring um Deine edlen Teile anf\u00fchlt, ohne das Risiko einzugehen, hinterher Bekanntschaft mit der Unfallambulanz zu machen, ist dies genau das richtige Teil, denn nach dem Benutzen schraubst Du ihn einfach wieder ab!<br \/>\n<BR><img decoding=\"async\" src=\"\/GIF\/size_ID.gif\" alt=\"Gr\u00f6\u00dfe = Innendurchmesser\" title=\"Gr\u00f6\u00dfe = Innendurchmesser\" border=\"0\" height=\"67\" width=\"183\"><\/p>\n","protected":false},"excerpt":{"rendered":"<h4>Rundring zweiteilig<\/h4>\n<p>Endlich wieder im Programm! Ein polierter, runder Ring aus massivem rostfreiem Edelstahl gedreht. Das besondere: Du ben\u00f6tigst nur eine Schraube zum Verschlie\u00dfen. Die andere Seite ist \u00fcber einen Bolzen verbunden. Das vermeidet Quetschungen beim Zusammenschrauben und spart eine Menge Zeit!<\/p>\n","protected":false},"featured_media":11832,"comment_status":"open","ping_status":"closed","template":"","meta":[],"product_brand":[],"product_cat":[167,130],"product_tag":[],"class_list":{"0":"post-7199","1":"product","2":"type-product","3":"status-publish","4":"has-post-thumbnail","6":"product_cat-cockringe","7":"product_cat-cbt","8":"product_shipping_class-brief","10":"first","11":"instock","12":"taxable","13":"shipping-taxable","14":"purchasable","15":"product-type-variable"},"_links":{"self":[{"href":"https:\/\/www.hml-fetish.de\/shop\/wp-json\/wp\/v2\/product\/7199","targetHints":{"allow":["GET"]}}],"collection":[{"href":"https:\/\/www.hml-fetish.de\/shop\/wp-json\/wp\/v2\/product"}],"about":[{"href":"https:\/\/www.hml-fetish.de\/shop\/wp-json\/wp\/v2\/types\/product"}],"replies":[{"embeddable":true,"href":"https:\/\/www.hml-fetish.de\/shop\/wp-json\/wp\/v2\/comments?post=7199"}],"version-history":[{"count":0,"href":"https:\/\/www.hml-fetish.de\/shop\/wp-json\/wp\/v2\/product\/7199\/revisions"}],"wp:featuredmedia":[{"embeddable":true,"href":"https:\/\/www.hml-fetish.de\/shop\/wp-json\/wp\/v2\/media\/11832"}],"wp:attachment":[{"href":"https:\/\/www.hml-fetish.de\/shop\/wp-json\/wp\/v2\/media?parent=7199"}],"wp:term":[{"taxonomy":"product_brand","embeddable":true,"href":"https:\/\/www.hml-fetish.de\/shop\/wp-json\/wp\/v2\/product_brand?post=7199"},{"taxonomy":"product_cat","embeddable":true,"href":"https:\/\/www.hml-fetish.de\/shop\/wp-json\/wp\/v2\/product_cat?post=7199"},{"taxonomy":"product_tag","embeddable":true,"href":"https:\/\/www.hml-fetish.de\/shop\/wp-json\/wp\/v2\/product_tag?post=7199"}],"curies":[{"name":"wp","href":"https:\/\/api.w.org\/{rel}","templated":true}]}}