{"id":7197,"date":"2022-01-23T22:55:11","date_gmt":"2022-01-23T21:55:11","guid":{"rendered":"https:\/\/www.hml-fetish.de\/shop\/?post_type=product&#038;p=7197"},"modified":"2022-06-25T15:52:24","modified_gmt":"2022-06-25T13:52:24","slug":"15-mm-breiter-cockring","status":"publish","type":"product","link":"https:\/\/www.hml-fetish.de\/shop\/15-mm-breiter-cockring\/","title":{"rendered":"15 mm breiter Cockring"},"content":{"rendered":"<p>Dieser Cockring aus gedrehtem und gl\u00e4nzend poliertem Edelstahl wiegt etwa 130 g &#8211; 180 g und hat eine Breite von 15 mm. Die Wandst\u00e4rke betr\u00e4gt 10 mm und es gibt verschiedene Innendurchmesser in fein abgestimmten Gr\u00f6\u00dfen.<br \/>\n<BR>Die Kanten sind sorgf\u00e4ltig abgerundet und ohne scharfe Grate.<br \/>\n<BR><img decoding=\"async\" src=\"\/GIF\/size_ID.gif\" alt=\"Gr\u00f6\u00dfe = Innendurchmesser\" title=\"Gr\u00f6\u00dfe = Innendurchmesser\" border=\"0\" height=\"67\" width=\"183\"><\/p>\n","protected":false},"excerpt":{"rendered":"<h4>15 mm breiter Cockring<\/h4>\n<p>Dieser Cockring aus gedrehtem und gl\u00e4nzend poliertem Edelstahl wiegt etwa 130 g &#8211; 180 g und hat eine Breite von 15 mm. Die Wandst\u00e4rke betr\u00e4gt 10 mm und es gibt verschiedene Innendurchmesser in fein abgestimmten Gr\u00f6\u00dfen.<\/p>\n","protected":false},"featured_media":11912,"comment_status":"open","ping_status":"closed","template":"","meta":[],"product_brand":[],"product_cat":[167,95],"product_tag":[4389],"class_list":{"0":"post-7197","1":"product","2":"type-product","3":"status-publish","4":"has-post-thumbnail","6":"product_cat-cockringe","7":"product_cat-bestseller","8":"product_tag-bestseller-intimschmuck","9":"product_shipping_class-brief","11":"first","12":"instock","13":"taxable","14":"shipping-taxable","15":"purchasable","16":"product-type-variable"},"_links":{"self":[{"href":"https:\/\/www.hml-fetish.de\/shop\/wp-json\/wp\/v2\/product\/7197","targetHints":{"allow":["GET"]}}],"collection":[{"href":"https:\/\/www.hml-fetish.de\/shop\/wp-json\/wp\/v2\/product"}],"about":[{"href":"https:\/\/www.hml-fetish.de\/shop\/wp-json\/wp\/v2\/types\/product"}],"replies":[{"embeddable":true,"href":"https:\/\/www.hml-fetish.de\/shop\/wp-json\/wp\/v2\/comments?post=7197"}],"version-history":[{"count":0,"href":"https:\/\/www.hml-fetish.de\/shop\/wp-json\/wp\/v2\/product\/7197\/revisions"}],"wp:featuredmedia":[{"embeddable":true,"href":"https:\/\/www.hml-fetish.de\/shop\/wp-json\/wp\/v2\/media\/11912"}],"wp:attachment":[{"href":"https:\/\/www.hml-fetish.de\/shop\/wp-json\/wp\/v2\/media?parent=7197"}],"wp:term":[{"taxonomy":"product_brand","embeddable":true,"href":"https:\/\/www.hml-fetish.de\/shop\/wp-json\/wp\/v2\/product_brand?post=7197"},{"taxonomy":"product_cat","embeddable":true,"href":"https:\/\/www.hml-fetish.de\/shop\/wp-json\/wp\/v2\/product_cat?post=7197"},{"taxonomy":"product_tag","embeddable":true,"href":"https:\/\/www.hml-fetish.de\/shop\/wp-json\/wp\/v2\/product_tag?post=7197"}],"curies":[{"name":"wp","href":"https:\/\/api.w.org\/{rel}","templated":true}]}}