{"id":7194,"date":"2022-01-23T22:55:10","date_gmt":"2022-01-23T21:55:10","guid":{"rendered":"https:\/\/www.hml-fetish.de\/shop\/?post_type=product&#038;p=7194"},"modified":"2022-02-19T20:08:02","modified_gmt":"2022-02-19T19:08:02","slug":"profil-cockring-5-mm","status":"publish","type":"product","link":"https:\/\/www.hml-fetish.de\/shop\/profil-cockring-5-mm\/","title":{"rendered":"Profil-Cockring 5 mm"},"content":{"rendered":"<p>Starke und gleichzeitig edle Optik: Ein Cockring aus gl\u00e4nzend poliertem Edelstahl. Gedreht, also ohne Schwei\u00dfnaht. Materialquerschnitt 5 mm \u00d7 5 mm. Die Kanten sind abgeschr\u00e4gt gegl\u00e4ttet. In verschiedenen Gr\u00f6\u00dfen und Zwischengr\u00f6\u00dfen zwischen 35 mm und 55 mm Innendurchmesser.<br \/>\n<BR><img decoding=\"async\" src=\"\/GIF\/size_ID.gif\" alt=\"Gr\u00f6\u00dfe = Innendurchmesser\" title=\"Gr\u00f6\u00dfe = Innendurchmesser\" border=\"0\" height=\"67\" width=\"183\"><\/p>\n","protected":false},"excerpt":{"rendered":"<h4>Profil-Cockring 5 mm<\/h4>\n<p>Starke und gleichzeitig edle Optik: Ein Cockring aus gl\u00e4nzend poliertem Edelstahl. Gedreht, also ohne Schwei\u00dfnaht. Materialquerschnitt 5 mm \u00d7 5 mm. Die Kanten sind abgeschr\u00e4gt gegl\u00e4ttet. In verschiedenen Gr\u00f6\u00dfen und Zwischengr\u00f6\u00dfen zwischen 35 mm und 55 mm Innendurchmesser.<\/p>\n","protected":false},"featured_media":11982,"comment_status":"open","ping_status":"closed","template":"","meta":[],"product_brand":[],"product_cat":[167,108],"product_tag":[],"class_list":{"0":"post-7194","1":"product","2":"type-product","3":"status-publish","4":"has-post-thumbnail","6":"product_cat-cockringe","7":"product_cat-restposten-einzelstuecke","8":"product_shipping_class-brief","10":"first","11":"instock","12":"sale","13":"taxable","14":"shipping-taxable","15":"purchasable","16":"product-type-variable"},"_links":{"self":[{"href":"https:\/\/www.hml-fetish.de\/shop\/wp-json\/wp\/v2\/product\/7194","targetHints":{"allow":["GET"]}}],"collection":[{"href":"https:\/\/www.hml-fetish.de\/shop\/wp-json\/wp\/v2\/product"}],"about":[{"href":"https:\/\/www.hml-fetish.de\/shop\/wp-json\/wp\/v2\/types\/product"}],"replies":[{"embeddable":true,"href":"https:\/\/www.hml-fetish.de\/shop\/wp-json\/wp\/v2\/comments?post=7194"}],"version-history":[{"count":0,"href":"https:\/\/www.hml-fetish.de\/shop\/wp-json\/wp\/v2\/product\/7194\/revisions"}],"wp:featuredmedia":[{"embeddable":true,"href":"https:\/\/www.hml-fetish.de\/shop\/wp-json\/wp\/v2\/media\/11982"}],"wp:attachment":[{"href":"https:\/\/www.hml-fetish.de\/shop\/wp-json\/wp\/v2\/media?parent=7194"}],"wp:term":[{"taxonomy":"product_brand","embeddable":true,"href":"https:\/\/www.hml-fetish.de\/shop\/wp-json\/wp\/v2\/product_brand?post=7194"},{"taxonomy":"product_cat","embeddable":true,"href":"https:\/\/www.hml-fetish.de\/shop\/wp-json\/wp\/v2\/product_cat?post=7194"},{"taxonomy":"product_tag","embeddable":true,"href":"https:\/\/www.hml-fetish.de\/shop\/wp-json\/wp\/v2\/product_tag?post=7194"}],"curies":[{"name":"wp","href":"https:\/\/api.w.org\/{rel}","templated":true}]}}