{"id":7189,"date":"2022-01-23T22:55:01","date_gmt":"2022-01-23T21:55:01","guid":{"rendered":"https:\/\/www.hml-fetish.de\/shop\/?post_type=product&#038;p=7189"},"modified":"2025-04-18T20:31:02","modified_gmt":"2025-04-18T18:31:02","slug":"cock-kaefig-deluxe","status":"publish","type":"product","link":"https:\/\/www.hml-fetish.de\/shop\/cock-kaefig-deluxe\/","title":{"rendered":"Cock-K\u00e4fig deluxe"},"content":{"rendered":"<p>Dieses Upgrade f\u00fcr Deine Hardware besteht aus drei miteinander verschwei\u00dften Stahlringen. Einmal angelegt bootet es Dein System automatisch und garantiert Dir ein langanhaltend stabiles Betriebssystem, das sich mit allen denkbaren Programmen vertr\u00e4gt.<br \/>\n<BR>Du bekommst hier die Deluxe-Version aus drei gedrehten, also v\u00f6llig nahtlosen Profil-Cockringen mit einem Querschnitt von 5 mm x 5 mm. Diese Ringe sind aus rostfreiem und antiallergischem Edelstahl.<br \/>\n<BR>Es gibt den Cock-K\u00e4fig in drei Gr\u00f6\u00dfen: Gr\u00f6\u00dfe M mit Ringen von 35 mm, 40 mm und 45 mm Innendurchmesser. Gr\u00f6\u00dfe L mit 40 mm, 45 mm und 50 mm. Oder brauchst Du Gr\u00f6\u00dfe XL mit 45 mm, 50 mm und 55 mm?<\/p>\n","protected":false},"excerpt":{"rendered":"<h4>Cock-K\u00e4fig deluxe<\/h4>\n<p>Dieses Upgrade f\u00fcr Deine Hardware besteht aus drei miteinander verschwei\u00dften Stahlringen. Einmal angelegt bootet es Dein System automatisch und garantiert Dir ein langanhaltend stabiles Betriebssystem, das sich mit allen denkbaren Programmen vertr\u00e4gt.<\/p>\n","protected":false},"featured_media":12100,"comment_status":"open","ping_status":"closed","template":"","meta":[],"product_brand":[],"product_cat":[167,130],"product_tag":[],"class_list":{"0":"post-7189","1":"product","2":"type-product","3":"status-publish","4":"has-post-thumbnail","6":"product_cat-cockringe","7":"product_cat-cbt","8":"product_shipping_class-paket","10":"first","11":"instock","12":"taxable","13":"shipping-taxable","14":"purchasable","15":"product-type-variable"},"_links":{"self":[{"href":"https:\/\/www.hml-fetish.de\/shop\/wp-json\/wp\/v2\/product\/7189","targetHints":{"allow":["GET"]}}],"collection":[{"href":"https:\/\/www.hml-fetish.de\/shop\/wp-json\/wp\/v2\/product"}],"about":[{"href":"https:\/\/www.hml-fetish.de\/shop\/wp-json\/wp\/v2\/types\/product"}],"replies":[{"embeddable":true,"href":"https:\/\/www.hml-fetish.de\/shop\/wp-json\/wp\/v2\/comments?post=7189"}],"version-history":[{"count":0,"href":"https:\/\/www.hml-fetish.de\/shop\/wp-json\/wp\/v2\/product\/7189\/revisions"}],"wp:featuredmedia":[{"embeddable":true,"href":"https:\/\/www.hml-fetish.de\/shop\/wp-json\/wp\/v2\/media\/12100"}],"wp:attachment":[{"href":"https:\/\/www.hml-fetish.de\/shop\/wp-json\/wp\/v2\/media?parent=7189"}],"wp:term":[{"taxonomy":"product_brand","embeddable":true,"href":"https:\/\/www.hml-fetish.de\/shop\/wp-json\/wp\/v2\/product_brand?post=7189"},{"taxonomy":"product_cat","embeddable":true,"href":"https:\/\/www.hml-fetish.de\/shop\/wp-json\/wp\/v2\/product_cat?post=7189"},{"taxonomy":"product_tag","embeddable":true,"href":"https:\/\/www.hml-fetish.de\/shop\/wp-json\/wp\/v2\/product_tag?post=7189"}],"curies":[{"name":"wp","href":"https:\/\/api.w.org\/{rel}","templated":true}]}}