{"id":7188,"date":"2022-01-23T22:55:00","date_gmt":"2022-01-23T21:55:00","guid":{"rendered":"https:\/\/www.hml-fetish.de\/shop\/?post_type=product&#038;p=7188"},"modified":"2026-03-01T18:04:42","modified_gmt":"2026-03-01T17:04:42","slug":"teardrop-cockring-edelstahl","status":"publish","type":"product","link":"https:\/\/www.hml-fetish.de\/shop\/teardrop-cockring-edelstahl\/","title":{"rendered":"Teardrop-Cockring Edelstahl"},"content":{"rendered":"<p>Diesen Ring wirst Du lieben! Ein hochgl\u00e4nzend polierter Ring aus massivem Edelstahl, der durch seine besondere Form einen unnachahmlichen Effekt erzielt: mit der Spitze nach hinten getragen stimuliert er bei jeder Bewegung die Dammregion, der besonders empfindliche Bereich zwischen Schwanzwurzel und Anus. Mit der Spitze nach vorne getragen dr\u00fcckt er Deine Eier nach vorne und bewirkt &#8211; unter einer Jeans getragen &#8211; einen herausragenden Effekt! Drehst Du die Zunge nach oben \u00fcber den Schwanz, h\u00f6rt Dein Partner die Engel singen, w\u00e4hrend Du ganz langsam in ihn eindringst &#8230;<\/p>\n<p><img decoding=\"async\" title=\"Gr\u00f6\u00dfe = Innendurchmesser\" src=\"\/GIF\/size_ID.gif\" alt=\"Gr\u00f6\u00dfe = Innendurchmesser\" width=\"183\" height=\"67\" border=\"0\" \/><\/p>\n","protected":false},"excerpt":{"rendered":"<h4>Teardrop-Cockring Edelstahl<\/h4>\n<p>Diesen Ring wirst Du lieben! Hochgl\u00e4nzend ist dieser polierte Ring aus massivem Edelstahl, der durch seine besondere Form einen unnachahmlichen Effekt erzielt&#8230;<\/p>\n","protected":false},"featured_media":12124,"comment_status":"open","ping_status":"closed","template":"","meta":[],"product_brand":[],"product_cat":[167,130,105],"product_tag":[],"class_list":{"0":"post-7188","1":"product","2":"type-product","3":"status-publish","4":"has-post-thumbnail","6":"product_cat-cockringe","7":"product_cat-cbt","8":"product_cat-sonderangebote","9":"product_shipping_class-paket","11":"first","12":"instock","13":"sale","14":"taxable","15":"shipping-taxable","16":"purchasable","17":"product-type-variable"},"_links":{"self":[{"href":"https:\/\/www.hml-fetish.de\/shop\/wp-json\/wp\/v2\/product\/7188","targetHints":{"allow":["GET"]}}],"collection":[{"href":"https:\/\/www.hml-fetish.de\/shop\/wp-json\/wp\/v2\/product"}],"about":[{"href":"https:\/\/www.hml-fetish.de\/shop\/wp-json\/wp\/v2\/types\/product"}],"replies":[{"embeddable":true,"href":"https:\/\/www.hml-fetish.de\/shop\/wp-json\/wp\/v2\/comments?post=7188"}],"version-history":[{"count":0,"href":"https:\/\/www.hml-fetish.de\/shop\/wp-json\/wp\/v2\/product\/7188\/revisions"}],"wp:featuredmedia":[{"embeddable":true,"href":"https:\/\/www.hml-fetish.de\/shop\/wp-json\/wp\/v2\/media\/12124"}],"wp:attachment":[{"href":"https:\/\/www.hml-fetish.de\/shop\/wp-json\/wp\/v2\/media?parent=7188"}],"wp:term":[{"taxonomy":"product_brand","embeddable":true,"href":"https:\/\/www.hml-fetish.de\/shop\/wp-json\/wp\/v2\/product_brand?post=7188"},{"taxonomy":"product_cat","embeddable":true,"href":"https:\/\/www.hml-fetish.de\/shop\/wp-json\/wp\/v2\/product_cat?post=7188"},{"taxonomy":"product_tag","embeddable":true,"href":"https:\/\/www.hml-fetish.de\/shop\/wp-json\/wp\/v2\/product_tag?post=7188"}],"curies":[{"name":"wp","href":"https:\/\/api.w.org\/{rel}","templated":true}]}}