{"id":7185,"date":"2022-01-23T22:55:00","date_gmt":"2022-01-23T21:55:00","guid":{"rendered":"https:\/\/www.hml-fetish.de\/shop\/?post_type=product&#038;p=7185"},"modified":"2026-02-27T14:47:25","modified_gmt":"2026-02-27T13:47:25","slug":"donut-cockring-mit-magnetverschluss","status":"publish","type":"product","link":"https:\/\/www.hml-fetish.de\/shop\/donut-cockring-mit-magnetverschluss\/","title":{"rendered":"Donut Cockring mit Magnetverschlu\u00df"},"content":{"rendered":"<p>Der Cockring mit dem besonderen Sitz. Hier in einer zweiteiligen Version mit Magnetverschlu\u00df. Damit darf der Cockring auch ruhig eine Nummer enger sein, als Du ihn sonst tr\u00e4gst, denn Du kannst ihn mit einem Klick wieder ablegen. Dieser Cockring ist 20 mm breit und hat eine Wandst\u00e4rke von 15 mm. Damit f\u00fchlt er sich richtig schwer an, w\u00e4hrend Du ihn tr\u00e4gst.<br \/>\n<BR>Der magnetische Donut wiegt \u2013 je nach Gr\u00f6\u00dfe \u2013 zwischen 280 g und 350 g, ist aus Edelstahl und sch\u00f6n auf Hochglanz poliert.<br \/>\n<BR><img decoding=\"async\" src=\"\/GIF\/size_ID.gif\" alt=\"Gr\u00f6\u00dfe = Innendurchmesser\" title=\"Gr\u00f6\u00dfe = Innendurchmesser\" border=\"0\" height=\"67\" width=\"183\"><\/p>\n","protected":false},"excerpt":{"rendered":"<h4>Donut Cockring mit Magnetverschlu\u00df<\/h4>\n<p>Der Cockring in Donutform mit dem besonderen Sitz. Hier in einer zweiteiligen Version mit Magnetverschlu\u00df. Damit darf der Cockring auch ruhig eine Nummer enger sein, als Du ihn sonst tr\u00e4gst, denn Du kannst ihn mit einem Klick wieder ablegen. Dieser Cockring ist 20 mm breit und hat eine Wandst\u00e4rke von 15 mm. Damit f\u00fchlt er sich richtig schwer an, w\u00e4hrend Du ihn tr\u00e4gst.<\/p>\n","protected":false},"featured_media":12171,"comment_status":"open","ping_status":"closed","template":"","meta":[],"product_brand":[],"product_cat":[167,130,106],"product_tag":[],"class_list":{"0":"post-7185","1":"product","2":"type-product","3":"status-publish","4":"has-post-thumbnail","6":"product_cat-cockringe","7":"product_cat-cbt","8":"product_cat-neu-bei-hml","9":"product_shipping_class-brief","11":"first","12":"instock","13":"taxable","14":"shipping-taxable","15":"purchasable","16":"product-type-variable"},"_links":{"self":[{"href":"https:\/\/www.hml-fetish.de\/shop\/wp-json\/wp\/v2\/product\/7185","targetHints":{"allow":["GET"]}}],"collection":[{"href":"https:\/\/www.hml-fetish.de\/shop\/wp-json\/wp\/v2\/product"}],"about":[{"href":"https:\/\/www.hml-fetish.de\/shop\/wp-json\/wp\/v2\/types\/product"}],"replies":[{"embeddable":true,"href":"https:\/\/www.hml-fetish.de\/shop\/wp-json\/wp\/v2\/comments?post=7185"}],"version-history":[{"count":0,"href":"https:\/\/www.hml-fetish.de\/shop\/wp-json\/wp\/v2\/product\/7185\/revisions"}],"wp:featuredmedia":[{"embeddable":true,"href":"https:\/\/www.hml-fetish.de\/shop\/wp-json\/wp\/v2\/media\/12171"}],"wp:attachment":[{"href":"https:\/\/www.hml-fetish.de\/shop\/wp-json\/wp\/v2\/media?parent=7185"}],"wp:term":[{"taxonomy":"product_brand","embeddable":true,"href":"https:\/\/www.hml-fetish.de\/shop\/wp-json\/wp\/v2\/product_brand?post=7185"},{"taxonomy":"product_cat","embeddable":true,"href":"https:\/\/www.hml-fetish.de\/shop\/wp-json\/wp\/v2\/product_cat?post=7185"},{"taxonomy":"product_tag","embeddable":true,"href":"https:\/\/www.hml-fetish.de\/shop\/wp-json\/wp\/v2\/product_tag?post=7185"}],"curies":[{"name":"wp","href":"https:\/\/api.w.org\/{rel}","templated":true}]}}