{"id":7184,"date":"2022-01-23T22:54:59","date_gmt":"2022-01-23T21:54:59","guid":{"rendered":"https:\/\/www.hml-fetish.de\/shop\/?post_type=product&#038;p=7184"},"modified":"2025-01-24T18:19:48","modified_gmt":"2025-01-24T17:19:48","slug":"leder-jock-gesteppt","status":"publish","type":"product","link":"https:\/\/www.hml-fetish.de\/shop\/leder-jock-gesteppt\/","title":{"rendered":"Leder-Jock gesteppt"},"content":{"rendered":"<p>Dieser Supporter sieht so maskulin aus, da\u00df Dir die Spucke wegbleiben wird, wenn Du Dich zum ersten Mal darin im Spiegel siehst: Elastische und einstellbare Pob\u00e4nder. Ein stabiler aus starkem Leder selbstformender Beutel mit Steppung wie bei einer schweren Lederjacke. In der Mitte ein schwarzer Kunststoff-Rei\u00dfverschlu\u00df. Der Rei\u00dfverschlu\u00df ist mit einer Lederlasche hinterlegt. Die Innenseite des Beutels ist zus\u00e4tzlich mit weichem Leder gef\u00fcttert. Unsere Jocks sehen besonders hei\u00df aus unter Chaps!<br \/>\n<BR><img decoding=\"async\" src=\"\/GIF\/size_unisex_sp.gif\" alt=\"Gr\u00f6\u00dfentabelle\" title=\"Gr\u00f6\u00dfentabelle\" border=\"0\" height=\"194\" width=\"114\"><\/p>\n","protected":false},"excerpt":{"rendered":"<h4>Leder-Jock gesteppt<\/h4>\n<p>Dieser Supporter sieht so maskulin aus, da\u00df Dir die Spucke wegbleiben wird, wenn Du Dich zum ersten Mal darin im Spiegel siehst: Elastische und einstellbare Pob\u00e4nder. Ein stabiler aus starkem Leder selbstformender Beutel mit Steppung wie bei einer schweren Lederjacke. In der Mitte ein schwarzer Kunststoff-Rei\u00dfverschlu\u00df. Der Rei\u00dfverschlu\u00df ist mit einer Lederlasche hinterlegt. Die Innenseite des Beutels ist zus\u00e4tzlich mit weichem Leder gef\u00fcttert. Unsere Jocks sehen besonders hei\u00df aus unter Chaps!<\/p>\n","protected":false},"featured_media":12200,"comment_status":"open","ping_status":"closed","template":"","meta":[],"product_brand":[],"product_cat":[162,95,106,119],"product_tag":[4398],"class_list":{"0":"post-7184","1":"product","2":"type-product","3":"status-publish","4":"has-post-thumbnail","6":"product_cat-unterwaesche","7":"product_cat-bestseller","8":"product_cat-neu-bei-hml","9":"product_cat-supporter","10":"product_tag-hml-fetish-original","11":"product_shipping_class-brief","13":"first","14":"instock","15":"taxable","16":"shipping-taxable","17":"purchasable","18":"product-type-variable"},"_links":{"self":[{"href":"https:\/\/www.hml-fetish.de\/shop\/wp-json\/wp\/v2\/product\/7184","targetHints":{"allow":["GET"]}}],"collection":[{"href":"https:\/\/www.hml-fetish.de\/shop\/wp-json\/wp\/v2\/product"}],"about":[{"href":"https:\/\/www.hml-fetish.de\/shop\/wp-json\/wp\/v2\/types\/product"}],"replies":[{"embeddable":true,"href":"https:\/\/www.hml-fetish.de\/shop\/wp-json\/wp\/v2\/comments?post=7184"}],"version-history":[{"count":0,"href":"https:\/\/www.hml-fetish.de\/shop\/wp-json\/wp\/v2\/product\/7184\/revisions"}],"wp:featuredmedia":[{"embeddable":true,"href":"https:\/\/www.hml-fetish.de\/shop\/wp-json\/wp\/v2\/media\/12200"}],"wp:attachment":[{"href":"https:\/\/www.hml-fetish.de\/shop\/wp-json\/wp\/v2\/media?parent=7184"}],"wp:term":[{"taxonomy":"product_brand","embeddable":true,"href":"https:\/\/www.hml-fetish.de\/shop\/wp-json\/wp\/v2\/product_brand?post=7184"},{"taxonomy":"product_cat","embeddable":true,"href":"https:\/\/www.hml-fetish.de\/shop\/wp-json\/wp\/v2\/product_cat?post=7184"},{"taxonomy":"product_tag","embeddable":true,"href":"https:\/\/www.hml-fetish.de\/shop\/wp-json\/wp\/v2\/product_tag?post=7184"}],"curies":[{"name":"wp","href":"https:\/\/api.w.org\/{rel}","templated":true}]}}