{"id":7183,"date":"2022-01-23T22:54:59","date_gmt":"2022-01-23T21:54:59","guid":{"rendered":"https:\/\/www.hml-fetish.de\/shop\/?post_type=product&#038;p=7183"},"modified":"2026-05-04T15:22:26","modified_gmt":"2026-05-04T13:22:26","slug":"leder-supporter-mit-farbigen-biesen","status":"publish","type":"product","link":"https:\/\/www.hml-fetish.de\/shop\/leder-supporter-mit-farbigen-biesen\/","title":{"rendered":"Leder Supporter mit farbigen Biesen"},"content":{"rendered":"<p>Dieser Jock-Strap besitzt einen Beutel aus echtem Leder und sieht besonders scharf unter Deiner Chaps aus: Elastische Gummi Pob\u00e4nder. Ein stabiler aus starkem Leder selbstformender Beutel mit einem Biesenpaar in drei verschiedenen Farben (rot, gelb oder blau). In der Mitte ein schwarzer Kunststoff-Rei\u00dfverschlu\u00df, der mit einer Lederlasche hinterlegt ist. So kannst Du auspacken, ohne ihn ausziehen zu m\u00fcssen.<\/p>\n<p><img decoding=\"async\" title=\"Gr\u00f6\u00dfentabelle\" src=\"\/GIF\/size_unisex_sp.gif\" alt=\"Gr\u00f6\u00dfentabelle\" width=\"114\" height=\"194\" border=\"0\" \/><\/p>\n","protected":false},"excerpt":{"rendered":"<h4>Leder Supporter mit farbigen Biesen<\/h4>\n<p>Dieser Jock-Strap besitzt einen Beutel aus echtem Leder und sieht besonders scharf unter Deiner Chaps aus: Elastische Pob\u00e4nder. Ein stabiler aus starkem Leder selbst formender Beutel mit einem Biesenpaar in drei verschiedenen Farben (rot, gelb oder blau). In der Mitte ein schwarzer Kunststoff-Rei\u00dfverschlu\u00df, der mit einer Lederlasche hinterlegt ist. So kannst Du auspacken, ohne ihn ausziehen zu m\u00fcssen.<\/p>\n","protected":false},"featured_media":37556,"comment_status":"open","ping_status":"closed","template":"","meta":[],"product_brand":[],"product_cat":[106,119,162],"product_tag":[4398],"class_list":{"0":"post-7183","1":"product","2":"type-product","3":"status-publish","4":"has-post-thumbnail","6":"product_cat-neu-bei-hml","7":"product_cat-supporter","8":"product_cat-unterwaesche","9":"product_tag-hml-fetish-original","10":"product_shipping_class-brief","12":"first","13":"instock","14":"taxable","15":"shipping-taxable","16":"purchasable","17":"product-type-variable"},"_links":{"self":[{"href":"https:\/\/www.hml-fetish.de\/shop\/wp-json\/wp\/v2\/product\/7183","targetHints":{"allow":["GET"]}}],"collection":[{"href":"https:\/\/www.hml-fetish.de\/shop\/wp-json\/wp\/v2\/product"}],"about":[{"href":"https:\/\/www.hml-fetish.de\/shop\/wp-json\/wp\/v2\/types\/product"}],"replies":[{"embeddable":true,"href":"https:\/\/www.hml-fetish.de\/shop\/wp-json\/wp\/v2\/comments?post=7183"}],"version-history":[{"count":0,"href":"https:\/\/www.hml-fetish.de\/shop\/wp-json\/wp\/v2\/product\/7183\/revisions"}],"wp:featuredmedia":[{"embeddable":true,"href":"https:\/\/www.hml-fetish.de\/shop\/wp-json\/wp\/v2\/media\/37556"}],"wp:attachment":[{"href":"https:\/\/www.hml-fetish.de\/shop\/wp-json\/wp\/v2\/media?parent=7183"}],"wp:term":[{"taxonomy":"product_brand","embeddable":true,"href":"https:\/\/www.hml-fetish.de\/shop\/wp-json\/wp\/v2\/product_brand?post=7183"},{"taxonomy":"product_cat","embeddable":true,"href":"https:\/\/www.hml-fetish.de\/shop\/wp-json\/wp\/v2\/product_cat?post=7183"},{"taxonomy":"product_tag","embeddable":true,"href":"https:\/\/www.hml-fetish.de\/shop\/wp-json\/wp\/v2\/product_tag?post=7183"}],"curies":[{"name":"wp","href":"https:\/\/api.w.org\/{rel}","templated":true}]}}