{"id":7180,"date":"2022-01-23T22:54:58","date_gmt":"2022-01-23T21:54:58","guid":{"rendered":"https:\/\/www.hml-fetish.de\/shop\/?post_type=product&#038;p=7180"},"modified":"2026-03-14T11:57:00","modified_gmt":"2026-03-14T10:57:00","slug":"gummi-slip-mit-kondom-und-rohr","status":"publish","type":"product","link":"https:\/\/www.hml-fetish.de\/shop\/gummi-slip-mit-kondom-und-rohr\/","title":{"rendered":"Gummi Slip mit Kondom und Rohr"},"content":{"rendered":"<p>Gummi-Slips mit einem angearbeiteten Kondom waren \u00fcber viele Jahre einer unserer Bestseller. Jetzt haben wir wieder einen Hersteller gefunden f\u00fcr diesen exklusiven Artikel. Die Dicke des Gummis betr\u00e4gt 0,6 mm. Diese Slips halten also besonders lange.<\/p>\n<p>Dieser Slip ist etwas Besonderes. Nicht so d\u00fcnn, wie die \u00fcbliche Konfektionsware, sondern in 0,6 mm starkem und belastbarem getauchtem Gummi. Das integrierte Kondom wirkt wie ein Cockring, so da\u00df Du &#8211; einmal angezogen &#8211; keine Chance mehr hast, Deine Erektion zu verbergen. In den Gr\u00f6\u00dfen S bis XL (entsprechend den Slipgr\u00f6\u00dfen 4 bis 7). Das macht sich auch verdammt gut unter einer Jeans. Ein Tip: falls Du zwischen zwei Gr\u00f6\u00dfen liegst, nimm besser die gr\u00f6\u00dfere Version, damit es hinterher nicht kneift. Das dickere Gummi dehnt sich weniger leicht.<\/p>\n<p>Diese Version ist mit Pi\u00dfrohr, damit Du Dich zwischendurch erleichtern kannst, denn so schnell wirst Du dieses scharfe Latex-Teil nicht mehr ausziehen wollen. Es ist etwa 13 cm lang und besitzt einen au\u00dfendurchmesser von 4,5 cm.<\/p>\n<p><img decoding=\"async\" title=\"Gr\u00f6\u00dfentabelle\" src=\"\/GIF\/size_unisex_sp.gif\" alt=\"Gr\u00f6\u00dfentabelle\" width=\"114\" height=\"194\" border=\"0\" \/><\/p>\n","protected":false},"excerpt":{"rendered":"<h4>Gummi Slip mit Kondom und Rohr<\/h4>\n<p>Gummi-Slips mit einem angearbeiteten Kondom waren \u00fcber viele Jahre einer unserer Bestseller. Jetzt haben wir wieder einen Hersteller gefunden f\u00fcr diesen exklusiven Artikel. Die Dicke des Gummis betr\u00e4gt 0,6 mm. Diese Slips halten also besonders lange.<\/p>\n","protected":false},"featured_media":12405,"comment_status":"open","ping_status":"closed","template":"","meta":[],"product_brand":[],"product_cat":[175,117],"product_tag":[4398],"class_list":{"0":"post-7180","1":"product","2":"type-product","3":"status-publish","4":"has-post-thumbnail","6":"product_cat-gummi-unterwaesche","7":"product_cat-slips-strings","8":"product_tag-hml-fetish-original","9":"product_shipping_class-brief","11":"first","12":"instock","13":"taxable","14":"shipping-taxable","15":"purchasable","16":"product-type-variable"},"_links":{"self":[{"href":"https:\/\/www.hml-fetish.de\/shop\/wp-json\/wp\/v2\/product\/7180","targetHints":{"allow":["GET"]}}],"collection":[{"href":"https:\/\/www.hml-fetish.de\/shop\/wp-json\/wp\/v2\/product"}],"about":[{"href":"https:\/\/www.hml-fetish.de\/shop\/wp-json\/wp\/v2\/types\/product"}],"replies":[{"embeddable":true,"href":"https:\/\/www.hml-fetish.de\/shop\/wp-json\/wp\/v2\/comments?post=7180"}],"version-history":[{"count":1,"href":"https:\/\/www.hml-fetish.de\/shop\/wp-json\/wp\/v2\/product\/7180\/revisions"}],"predecessor-version":[{"id":39584,"href":"https:\/\/www.hml-fetish.de\/shop\/wp-json\/wp\/v2\/product\/7180\/revisions\/39584"}],"wp:featuredmedia":[{"embeddable":true,"href":"https:\/\/www.hml-fetish.de\/shop\/wp-json\/wp\/v2\/media\/12405"}],"wp:attachment":[{"href":"https:\/\/www.hml-fetish.de\/shop\/wp-json\/wp\/v2\/media?parent=7180"}],"wp:term":[{"taxonomy":"product_brand","embeddable":true,"href":"https:\/\/www.hml-fetish.de\/shop\/wp-json\/wp\/v2\/product_brand?post=7180"},{"taxonomy":"product_cat","embeddable":true,"href":"https:\/\/www.hml-fetish.de\/shop\/wp-json\/wp\/v2\/product_cat?post=7180"},{"taxonomy":"product_tag","embeddable":true,"href":"https:\/\/www.hml-fetish.de\/shop\/wp-json\/wp\/v2\/product_tag?post=7180"}],"curies":[{"name":"wp","href":"https:\/\/api.w.org\/{rel}","templated":true}]}}