{"id":7164,"date":"2022-01-23T22:54:53","date_gmt":"2022-01-23T21:54:53","guid":{"rendered":"https:\/\/www.hml-fetish.de\/shop\/?post_type=product&#038;p=7164"},"modified":"2023-04-22T14:51:33","modified_gmt":"2023-04-22T12:51:33","slug":"leather-army-jock","status":"publish","type":"product","link":"https:\/\/www.hml-fetish.de\/shop\/leather-army-jock\/","title":{"rendered":"Leather-Army-Jock"},"content":{"rendered":"<p>Ein besonderer Supporter. Mit Beutel aus Tarnzeug. Die Kombination von schwarzem Leder mit brauner Kontrastnaht und Army-Stoff (in Bundeswehr flecktarn) wird jedem Rekruten gefallen. Der Beutel ist gef\u00fcttert und knapp bemessen. Elastikb\u00e4nder sorgen f\u00fcr den strammen Sitz und sind an den Flanken Deines hinteren Einsatzgebietes so angebracht, da\u00df sie einen Push-up Effekt machen. Das formt &#8216;nen netten Knackarsch!<\/p>\n<p><img decoding=\"async\" title=\"Gr\u00f6\u00dfentabelle\" src=\"\/GIF\/size_unisex_sp.gif\" alt=\"Gr\u00f6\u00dfentabelle\" width=\"114\" height=\"194\" border=\"0\" \/><\/p>\n","protected":false},"excerpt":{"rendered":"<h4>Leather-Army-Jock<\/h4>\n<p>Ein besonderer Supporter. Mit Beutel aus Tarnzeug. Die Kombination von schwarzem Leder mit brauner Kontrastnaht und Army-Stoff (in Bundeswehr flecktarn) wird jedem Rekruten gefallen. Der Beutel dieses Szene Jock Straps ist gef\u00fcttert und knapp bemessen. Elastikb\u00e4nder sorgen f\u00fcr den strammen Sitz und sind an den Flanken Deines hinteren Einsatzgebietes so angebracht, da\u00df sie einen Push-up Effekt machen. Das formt &#8216;nen netten Knackarsch!<\/p>\n","protected":false},"featured_media":12852,"comment_status":"open","ping_status":"closed","template":"","meta":[],"product_brand":[],"product_cat":[162,170,108,119],"product_tag":[],"class_list":{"0":"post-7164","1":"product","2":"type-product","3":"status-publish","4":"has-post-thumbnail","6":"product_cat-unterwaesche","7":"product_cat-army-kleidung","8":"product_cat-restposten-einzelstuecke","9":"product_cat-supporter","10":"product_shipping_class-brief","12":"first","13":"instock","14":"sale","15":"taxable","16":"shipping-taxable","17":"purchasable","18":"product-type-variable"},"_links":{"self":[{"href":"https:\/\/www.hml-fetish.de\/shop\/wp-json\/wp\/v2\/product\/7164","targetHints":{"allow":["GET"]}}],"collection":[{"href":"https:\/\/www.hml-fetish.de\/shop\/wp-json\/wp\/v2\/product"}],"about":[{"href":"https:\/\/www.hml-fetish.de\/shop\/wp-json\/wp\/v2\/types\/product"}],"replies":[{"embeddable":true,"href":"https:\/\/www.hml-fetish.de\/shop\/wp-json\/wp\/v2\/comments?post=7164"}],"version-history":[{"count":0,"href":"https:\/\/www.hml-fetish.de\/shop\/wp-json\/wp\/v2\/product\/7164\/revisions"}],"wp:featuredmedia":[{"embeddable":true,"href":"https:\/\/www.hml-fetish.de\/shop\/wp-json\/wp\/v2\/media\/12852"}],"wp:attachment":[{"href":"https:\/\/www.hml-fetish.de\/shop\/wp-json\/wp\/v2\/media?parent=7164"}],"wp:term":[{"taxonomy":"product_brand","embeddable":true,"href":"https:\/\/www.hml-fetish.de\/shop\/wp-json\/wp\/v2\/product_brand?post=7164"},{"taxonomy":"product_cat","embeddable":true,"href":"https:\/\/www.hml-fetish.de\/shop\/wp-json\/wp\/v2\/product_cat?post=7164"},{"taxonomy":"product_tag","embeddable":true,"href":"https:\/\/www.hml-fetish.de\/shop\/wp-json\/wp\/v2\/product_tag?post=7164"}],"curies":[{"name":"wp","href":"https:\/\/api.w.org\/{rel}","templated":true}]}}