{"id":7158,"date":"2022-01-23T22:54:33","date_gmt":"2022-01-23T21:54:33","guid":{"rendered":"https:\/\/www.hml-fetish.de\/shop\/?post_type=product&#038;p=7158"},"modified":"2026-03-02T12:25:58","modified_gmt":"2026-03-02T11:25:58","slug":"plug-halter","status":"publish","type":"product","link":"https:\/\/www.hml-fetish.de\/shop\/plug-halter\/","title":{"rendered":"Plug-Halter"},"content":{"rendered":"<p>Jetzt bleibt der Plug drin &#8211; in jeder Lage. Dieses kleine, wirksame Teil, aufwendig verarbeitet, pa\u00dft auf den Schrittgurt deines Harness&#8217;, Tangas oder Strings. Viele kaufen unseren Mini String dazu. Auch zur Erg\u00e4nzung der <a href=\"https:\/\/www.hml-fetish.de\/shop\/hals-ruecken-fessel\/\" title=\"Hals-R\u00fccken-Fessel\"><strong>Hals-R\u00fccken-Fessel<\/strong><\/a> bestens geeignet. Nicht einfach eine Platte mit Gurten, sondern aus mehreren Lagen Nappaleder mit einer weichen Randeinfassung in Handarbeit hergestellt.<br \/>\n<BR>Um diesen Plughalter bestimmungsgem\u00e4\u00df nutzen zu k\u00f6nnen, ben\u00f6tigst Du einen passenden Plug, den Du <B><a href=\"https:\/\/www.hml-fetish.de\/shop\/harness-plug\/\" title=\"harness-plug\">hier<\/a><\/B> findest. Ein einfaches, passendes Gurtgeschirr ist der <B><a href=\"https:\/\/www.hml-fetish.de\/shop\/mini-string\/\" title=\"Mini-String\">Mini-String<\/a><\/B>.<br \/>\nEin preiswertes Set aus allen drei Teilen findest Du <a href=\"https:\/\/www.hml-fetish.de\/shop\/plug-halter-set\/\" title=\"plug-halter-set\"><B>hier<\/B><\/a>.<\/p>\n","protected":false},"excerpt":{"rendered":"<h4>Plug-Halter<\/h4>\n<p>Jetzt bleibt der Plug drin &#8211; in jeder Lage. Dieses kleine, wirksame Teil, aufwendig verarbeitet, pa\u00dft auf den Schrittgurt deines Harness&#8217;, Tangas oder Strings. Viele kaufen unseren Mini-String dazu. Auch zur Erg\u00e4nzung der Hals-R\u00fccken-Fessel bestens geeignet. Nicht einfach eine Platte mit Gurten, sondern aus mehreren Lagen Nappaleder mit einer weichen Randeinfassung in Handarbeit hergestellt.<\/p>\n","protected":false},"featured_media":13106,"comment_status":"open","ping_status":"closed","template":"","meta":[],"product_brand":[],"product_cat":[151,95,166,132,139,117],"product_tag":[4398],"class_list":{"0":"post-7158","1":"product","2":"type-product","3":"status-publish","4":"has-post-thumbnail","6":"product_cat-accessoires-2","7":"product_cat-bestseller","8":"product_cat-cockhalfter","9":"product_cat-dungeon","10":"product_cat-plugs","11":"product_cat-slips-strings","12":"product_tag-hml-fetish-original","13":"product_shipping_class-brief","15":"first","16":"instock","17":"taxable","18":"shipping-taxable","19":"purchasable","20":"product-type-simple"},"_links":{"self":[{"href":"https:\/\/www.hml-fetish.de\/shop\/wp-json\/wp\/v2\/product\/7158","targetHints":{"allow":["GET"]}}],"collection":[{"href":"https:\/\/www.hml-fetish.de\/shop\/wp-json\/wp\/v2\/product"}],"about":[{"href":"https:\/\/www.hml-fetish.de\/shop\/wp-json\/wp\/v2\/types\/product"}],"replies":[{"embeddable":true,"href":"https:\/\/www.hml-fetish.de\/shop\/wp-json\/wp\/v2\/comments?post=7158"}],"version-history":[{"count":0,"href":"https:\/\/www.hml-fetish.de\/shop\/wp-json\/wp\/v2\/product\/7158\/revisions"}],"wp:featuredmedia":[{"embeddable":true,"href":"https:\/\/www.hml-fetish.de\/shop\/wp-json\/wp\/v2\/media\/13106"}],"wp:attachment":[{"href":"https:\/\/www.hml-fetish.de\/shop\/wp-json\/wp\/v2\/media?parent=7158"}],"wp:term":[{"taxonomy":"product_brand","embeddable":true,"href":"https:\/\/www.hml-fetish.de\/shop\/wp-json\/wp\/v2\/product_brand?post=7158"},{"taxonomy":"product_cat","embeddable":true,"href":"https:\/\/www.hml-fetish.de\/shop\/wp-json\/wp\/v2\/product_cat?post=7158"},{"taxonomy":"product_tag","embeddable":true,"href":"https:\/\/www.hml-fetish.de\/shop\/wp-json\/wp\/v2\/product_tag?post=7158"}],"curies":[{"name":"wp","href":"https:\/\/api.w.org\/{rel}","templated":true}]}}