{"id":7157,"date":"2022-01-23T22:54:33","date_gmt":"2022-01-23T21:54:33","guid":{"rendered":"https:\/\/www.hml-fetish.de\/shop\/?post_type=product&#038;p=7157"},"modified":"2022-06-26T12:23:07","modified_gmt":"2022-06-26T10:23:07","slug":"mini-string","status":"publish","type":"product","link":"https:\/\/www.hml-fetish.de\/shop\/mini-string\/","title":{"rendered":"Mini-String"},"content":{"rendered":"<p>Drei Ledergurte und ein Cockring &#8211; weniger sollte man nicht anhaben. Die Gurte, je etwa 2 cm breit, sind mit Druckkn\u00f6pfen in der L\u00e4nge regulierbar. Bei der Bestellung bitte auch die gew\u00fcnschte Cockring-Gr\u00f6\u00dfe angeben (wir empfehlen eine Nummer gr\u00f6\u00dfer als Du normalerweise tr\u00e4gst!). Sonst liefern wir dieses nette kleine Untenrum mit einem Nirosta Cockring von 50 mm Innendurchmesser.<br \/>\n<br \/>Der Mini-String ist sehr sch\u00f6n erweiterbar. Du kannst ihn mit einigen unserer Cockhalfter ziemlich geil kombinieren. Auch ist er der perfekte String f\u00fcr unseren <a href=\"https:\/\/www.hml-fetish.de\/shop\/plug-halter\/\" title=\"Plug-Halter\"<strong>>Plug-Halter<\/strong><\/a>. Von vorne d\u00fcrfen wir ihn Dir leider nur ausgezogen abbilden. Du kannst Dir sicher vorstellen, warum.<br \/>\n<BR><img decoding=\"async\" src=\"\/GIF\/size_unisex_sp.gif\" alt=\"Gr\u00f6\u00dfentabelle\" title=\"Gr\u00f6\u00dfentabelle\" border=\"0\" height=\"194\" width=\"114\"><\/p>\n","protected":false},"excerpt":{"rendered":"<h4>Mini-String<\/h4>\n<p>Drei Ledergurte und ein Cockring &#8211; weniger sollte man nicht anhaben. Die Gurte, je etwa 2 cm breit, sind mit Druckkn\u00f6pfen in der L\u00e4nge regulierbar. Bei der Bestellung bitte auch die gew\u00fcnschte Cockring-Gr\u00f6\u00dfe angeben (wir empfehlen eine Nummer gr\u00f6\u00dfer als Du normalerweise tr\u00e4gst!). Sonst liefern wir dieses nette kleine Untenrum mit einem Nirosta Cockring von 50 mm Innendurchmesser.<\/p>\n","protected":false},"featured_media":13129,"comment_status":"open","ping_status":"closed","template":"","meta":[],"product_brand":[],"product_cat":[162,151,169,95,130,166,117],"product_tag":[4398],"class_list":{"0":"post-7157","1":"product","2":"type-product","3":"status-publish","4":"has-post-thumbnail","6":"product_cat-unterwaesche","7":"product_cat-accessoires-2","8":"product_cat-army-accessoires","9":"product_cat-bestseller","10":"product_cat-cbt","11":"product_cat-cockhalfter","12":"product_cat-slips-strings","13":"product_tag-hml-fetish-original","14":"product_shipping_class-brief","16":"first","17":"instock","18":"taxable","19":"shipping-taxable","20":"purchasable","21":"product-type-variable"},"_links":{"self":[{"href":"https:\/\/www.hml-fetish.de\/shop\/wp-json\/wp\/v2\/product\/7157","targetHints":{"allow":["GET"]}}],"collection":[{"href":"https:\/\/www.hml-fetish.de\/shop\/wp-json\/wp\/v2\/product"}],"about":[{"href":"https:\/\/www.hml-fetish.de\/shop\/wp-json\/wp\/v2\/types\/product"}],"replies":[{"embeddable":true,"href":"https:\/\/www.hml-fetish.de\/shop\/wp-json\/wp\/v2\/comments?post=7157"}],"version-history":[{"count":0,"href":"https:\/\/www.hml-fetish.de\/shop\/wp-json\/wp\/v2\/product\/7157\/revisions"}],"wp:featuredmedia":[{"embeddable":true,"href":"https:\/\/www.hml-fetish.de\/shop\/wp-json\/wp\/v2\/media\/13129"}],"wp:attachment":[{"href":"https:\/\/www.hml-fetish.de\/shop\/wp-json\/wp\/v2\/media?parent=7157"}],"wp:term":[{"taxonomy":"product_brand","embeddable":true,"href":"https:\/\/www.hml-fetish.de\/shop\/wp-json\/wp\/v2\/product_brand?post=7157"},{"taxonomy":"product_cat","embeddable":true,"href":"https:\/\/www.hml-fetish.de\/shop\/wp-json\/wp\/v2\/product_cat?post=7157"},{"taxonomy":"product_tag","embeddable":true,"href":"https:\/\/www.hml-fetish.de\/shop\/wp-json\/wp\/v2\/product_tag?post=7157"}],"curies":[{"name":"wp","href":"https:\/\/api.w.org\/{rel}","templated":true}]}}