{"id":7154,"date":"2022-01-23T22:54:32","date_gmt":"2022-01-23T21:54:32","guid":{"rendered":"https:\/\/www.hml-fetish.de\/shop\/?post_type=product&#038;p=7154"},"modified":"2026-03-20T17:20:07","modified_gmt":"2026-03-20T16:20:07","slug":"luxus-leder-jock","status":"publish","type":"product","link":"https:\/\/www.hml-fetish.de\/shop\/luxus-leder-jock\/","title":{"rendered":"Luxus Leder-Jock"},"content":{"rendered":"<p>Der High-End Supporter: Schwarz gl\u00e4nzendes Rindleder, vorne mit Druckkn\u00f6pfen zu \u00f6ffnen, hinten mit Schn\u00fcrung (wie bei einer Chaps). Elastische und einstellbare Pob\u00e4nder. Ein stabiler aus starkem Leder selbstformender Beutel mit Metall-Rei\u00dfverschlu\u00df. Der Rei\u00dfverschlu\u00df ist mit einer Lederlasche hinterlegt. Dieser Jock sieht besonders hei\u00df unter einer Chaps aus!<br \/>\n<BR><img decoding=\"async\" src=\"\/GIF\/size_unisex_sp.gif\" alt=\"Gr\u00f6\u00dfentabelle\" title=\"Gr\u00f6\u00dfentabelle\" border=\"0\" height=\"194\" width=\"114\"><\/p>\n","protected":false},"excerpt":{"rendered":"<h4>Luxus Leder-Jock<\/h4>\n<p>Der High-End Supporter: Schwarz gl\u00e4nzendes Rindleder, vorne mit Druckkn\u00f6pfen zu \u00f6ffnen, hinten mit Schn\u00fcrung (wie bei einer Chaps). Elastische und einstellbare Pob\u00e4nder. Ein stabiler aus starkem Leder selbstformender Beutel mit Metall-Rei\u00dfverschlu\u00df. Der Rei\u00dfverschlu\u00df ist mit einer Lederlasche hinterlegt. Dieser Jock sieht besonders hei\u00df unter einer Chaps aus!<\/p>\n","protected":false},"featured_media":13303,"comment_status":"open","ping_status":"closed","template":"","meta":[],"product_brand":[],"product_cat":[162,105,119],"product_tag":[],"class_list":{"0":"post-7154","1":"product","2":"type-product","3":"status-publish","4":"has-post-thumbnail","6":"product_cat-unterwaesche","7":"product_cat-sonderangebote","8":"product_cat-supporter","9":"product_shipping_class-paket","11":"first","12":"instock","13":"sale","14":"taxable","15":"shipping-taxable","16":"purchasable","17":"product-type-variable"},"_links":{"self":[{"href":"https:\/\/www.hml-fetish.de\/shop\/wp-json\/wp\/v2\/product\/7154","targetHints":{"allow":["GET"]}}],"collection":[{"href":"https:\/\/www.hml-fetish.de\/shop\/wp-json\/wp\/v2\/product"}],"about":[{"href":"https:\/\/www.hml-fetish.de\/shop\/wp-json\/wp\/v2\/types\/product"}],"replies":[{"embeddable":true,"href":"https:\/\/www.hml-fetish.de\/shop\/wp-json\/wp\/v2\/comments?post=7154"}],"version-history":[{"count":1,"href":"https:\/\/www.hml-fetish.de\/shop\/wp-json\/wp\/v2\/product\/7154\/revisions"}],"predecessor-version":[{"id":39681,"href":"https:\/\/www.hml-fetish.de\/shop\/wp-json\/wp\/v2\/product\/7154\/revisions\/39681"}],"wp:featuredmedia":[{"embeddable":true,"href":"https:\/\/www.hml-fetish.de\/shop\/wp-json\/wp\/v2\/media\/13303"}],"wp:attachment":[{"href":"https:\/\/www.hml-fetish.de\/shop\/wp-json\/wp\/v2\/media?parent=7154"}],"wp:term":[{"taxonomy":"product_brand","embeddable":true,"href":"https:\/\/www.hml-fetish.de\/shop\/wp-json\/wp\/v2\/product_brand?post=7154"},{"taxonomy":"product_cat","embeddable":true,"href":"https:\/\/www.hml-fetish.de\/shop\/wp-json\/wp\/v2\/product_cat?post=7154"},{"taxonomy":"product_tag","embeddable":true,"href":"https:\/\/www.hml-fetish.de\/shop\/wp-json\/wp\/v2\/product_tag?post=7154"}],"curies":[{"name":"wp","href":"https:\/\/api.w.org\/{rel}","templated":true}]}}