{"id":7152,"date":"2022-01-23T22:54:32","date_gmt":"2022-01-23T21:54:32","guid":{"rendered":"https:\/\/www.hml-fetish.de\/shop\/?post_type=product&#038;p=7152"},"modified":"2026-03-20T17:16:02","modified_gmt":"2026-03-20T16:16:02","slug":"leder-tanga","status":"publish","type":"product","link":"https:\/\/www.hml-fetish.de\/shop\/leder-tanga\/","title":{"rendered":"Leder Tanga"},"content":{"rendered":"<p>Dieser Stringtanga hat einen festen Beutel, der oben an einem schmalen H\u00fcftband mit Druckkn\u00f6pfen gehalten wird. Hinten f\u00fchren die seitlichen H\u00fcftgurte und der eine Schrittgurt in einen Stahlring und sind dort mit Druckkn\u00f6pfen noch in der L\u00e4nge einstellbar. Die Gurte sind aus Bekleidungsleder gearbeitet, etwa 2 mm dick. Darum l\u00e4\u00dft sich dieser Tanga auch unter einer Jeans komfortabel tragen und macht eine tolle Beule in der Hose &#8211; vor allem, wenn Du einen Cockring darunter tr\u00e4gst! Unbedingt probieren mit unserem <a href=\"https:\/\/www.hml-fetish.de\/shop\/plug-halter\/\" title=\"Plug-Halter\">Plug-Halter<\/a>!<br \/>\n<BR><img decoding=\"async\" src=\"\/GIF\/size_unisex_sp.gif\" alt=\"Gr\u00f6\u00dfentabelle\" title=\"Gr\u00f6\u00dfentabelle\" border=\"0\" height=\"194\" width=\"114\"><\/p>\n","protected":false},"excerpt":{"rendered":"<h4>Leder Tanga<\/h4>\n<p>Dieser String-Tanga hat einen festen Beutel, der oben an einem schmalen H\u00fcftband mit Druckkn\u00f6pfen gehalten wird. Hinten f\u00fchren die seitlichen H\u00fcftgurte und der eine Schrittgurt in einen Stahlring und sind dort mit Druckkn\u00f6pfen noch in der L\u00e4nge einstellbar. Die Gurte sind aus Bekleidungsleder gearbeitet, etwa 2 mm dick. Darum l\u00e4\u00dft sich dieser Tanga auch unter einer Jeans komfortabel tragen und macht eine tolle Beule in der Hose &#8211; vor allem, wenn Du einen Cockring darunter tr\u00e4gst!<\/p>\n","protected":false},"featured_media":13368,"comment_status":"open","ping_status":"closed","template":"","meta":[],"product_brand":[],"product_cat":[162,108,117,105],"product_tag":[],"class_list":{"0":"post-7152","1":"product","2":"type-product","3":"status-publish","4":"has-post-thumbnail","6":"product_cat-unterwaesche","7":"product_cat-restposten-einzelstuecke","8":"product_cat-slips-strings","9":"product_cat-sonderangebote","10":"product_shipping_class-brief","12":"first","13":"instock","14":"sale","15":"taxable","16":"shipping-taxable","17":"purchasable","18":"product-type-variable"},"_links":{"self":[{"href":"https:\/\/www.hml-fetish.de\/shop\/wp-json\/wp\/v2\/product\/7152","targetHints":{"allow":["GET"]}}],"collection":[{"href":"https:\/\/www.hml-fetish.de\/shop\/wp-json\/wp\/v2\/product"}],"about":[{"href":"https:\/\/www.hml-fetish.de\/shop\/wp-json\/wp\/v2\/types\/product"}],"replies":[{"embeddable":true,"href":"https:\/\/www.hml-fetish.de\/shop\/wp-json\/wp\/v2\/comments?post=7152"}],"version-history":[{"count":1,"href":"https:\/\/www.hml-fetish.de\/shop\/wp-json\/wp\/v2\/product\/7152\/revisions"}],"predecessor-version":[{"id":39670,"href":"https:\/\/www.hml-fetish.de\/shop\/wp-json\/wp\/v2\/product\/7152\/revisions\/39670"}],"wp:featuredmedia":[{"embeddable":true,"href":"https:\/\/www.hml-fetish.de\/shop\/wp-json\/wp\/v2\/media\/13368"}],"wp:attachment":[{"href":"https:\/\/www.hml-fetish.de\/shop\/wp-json\/wp\/v2\/media?parent=7152"}],"wp:term":[{"taxonomy":"product_brand","embeddable":true,"href":"https:\/\/www.hml-fetish.de\/shop\/wp-json\/wp\/v2\/product_brand?post=7152"},{"taxonomy":"product_cat","embeddable":true,"href":"https:\/\/www.hml-fetish.de\/shop\/wp-json\/wp\/v2\/product_cat?post=7152"},{"taxonomy":"product_tag","embeddable":true,"href":"https:\/\/www.hml-fetish.de\/shop\/wp-json\/wp\/v2\/product_tag?post=7152"}],"curies":[{"name":"wp","href":"https:\/\/api.w.org\/{rel}","templated":true}]}}