{"id":7151,"date":"2022-01-23T22:54:31","date_gmt":"2022-01-23T21:54:31","guid":{"rendered":"https:\/\/www.hml-fetish.de\/shop\/?post_type=product&#038;p=7151"},"modified":"2026-02-10T17:23:53","modified_gmt":"2026-02-10T16:23:53","slug":"hml-mini-supporter","status":"publish","type":"product","link":"https:\/\/www.hml-fetish.de\/shop\/hml-mini-supporter\/","title":{"rendered":"HML Mini Supporter"},"content":{"rendered":"<p>Mehr mu\u00df ein Supporter nicht haben: Eine stabile Einfassung aus Leder h\u00e4lt die Form jederzeit. Der eigentliche Beutel ist aus dunklem, halb transparenten Netzgewebe. Jede Verh\u00e4rtung zeichnet sich darunter deutlich ab, ohne jedoch allzu viele Einzelheiten zu enth\u00fcllen. Die schwarzen Gummib\u00e4nder sind modisch knapp geschnitten und 25 mm (1 Zoll) breit. Sie bringen Deine Pobacken in Form. Das Label &#8216;Scared Cat&#8217; gibt&#8217;s nur bei uns!<br \/>\n<BR><img decoding=\"async\" src=\"\/GIF\/size_unisex_sp.gif\" alt=\"Gr\u00f6\u00dfentabelle\" title=\"Gr\u00f6\u00dfentabelle\" border=\"0\" height=\"194\" width=\"114\"><\/p>\n","protected":false},"excerpt":{"rendered":"<h4>HML Mini Supporter<\/h4>\n<p>Mehr mu\u00df ein Supporter nicht haben: Eine stabile Einfassung aus Leder h\u00e4lt die Form jederzeit. Der eigentliche Beutel ist aus dunklem, halb transparenten Netzgewebe. Jede Verh\u00e4rtung zeichnet sich darunter deutlich ab, ohne jedoch allzu viele Einzelheiten zu enth\u00fcllen. Die schwarzen Gummib\u00e4nder sind modisch knapp geschnitten und 25 mm (1 Zoll) breit. Sie bringen Deine Pobacken in Form. Das Label &#8216;Scared-Cat&#8217; gibt&#8217;s nur bei uns!<\/p>\n","protected":false},"featured_media":13403,"comment_status":"open","ping_status":"closed","template":"","meta":[],"product_brand":[],"product_cat":[162,169,119],"product_tag":[],"class_list":{"0":"post-7151","1":"product","2":"type-product","3":"status-publish","4":"has-post-thumbnail","6":"product_cat-unterwaesche","7":"product_cat-army-accessoires","8":"product_cat-supporter","9":"product_shipping_class-brief","11":"first","12":"instock","13":"taxable","14":"shipping-taxable","15":"purchasable","16":"product-type-variable"},"_links":{"self":[{"href":"https:\/\/www.hml-fetish.de\/shop\/wp-json\/wp\/v2\/product\/7151","targetHints":{"allow":["GET"]}}],"collection":[{"href":"https:\/\/www.hml-fetish.de\/shop\/wp-json\/wp\/v2\/product"}],"about":[{"href":"https:\/\/www.hml-fetish.de\/shop\/wp-json\/wp\/v2\/types\/product"}],"replies":[{"embeddable":true,"href":"https:\/\/www.hml-fetish.de\/shop\/wp-json\/wp\/v2\/comments?post=7151"}],"version-history":[{"count":0,"href":"https:\/\/www.hml-fetish.de\/shop\/wp-json\/wp\/v2\/product\/7151\/revisions"}],"wp:featuredmedia":[{"embeddable":true,"href":"https:\/\/www.hml-fetish.de\/shop\/wp-json\/wp\/v2\/media\/13403"}],"wp:attachment":[{"href":"https:\/\/www.hml-fetish.de\/shop\/wp-json\/wp\/v2\/media?parent=7151"}],"wp:term":[{"taxonomy":"product_brand","embeddable":true,"href":"https:\/\/www.hml-fetish.de\/shop\/wp-json\/wp\/v2\/product_brand?post=7151"},{"taxonomy":"product_cat","embeddable":true,"href":"https:\/\/www.hml-fetish.de\/shop\/wp-json\/wp\/v2\/product_cat?post=7151"},{"taxonomy":"product_tag","embeddable":true,"href":"https:\/\/www.hml-fetish.de\/shop\/wp-json\/wp\/v2\/product_tag?post=7151"}],"curies":[{"name":"wp","href":"https:\/\/api.w.org\/{rel}","templated":true}]}}