{"id":7150,"date":"2022-01-23T22:54:31","date_gmt":"2022-01-23T21:54:31","guid":{"rendered":"https:\/\/www.hml-fetish.de\/shop\/?post_type=product&#038;p=7150"},"modified":"2026-02-10T17:24:18","modified_gmt":"2026-02-10T16:24:18","slug":"nervenraedchen-10-fach","status":"publish","type":"product","link":"https:\/\/www.hml-fetish.de\/shop\/nervenraedchen-10-fach\/","title":{"rendered":"Nervenr\u00e4dchen 10-fach"},"content":{"rendered":"<p>Ein Nervenrad im Stil des Original Wartenbergs mit zehnfachem Nadelr\u00e4dchen. Ganz aus medizinischem Edelstahl. Hochwertig verarbeitet und sieht echt gef\u00e4hrlich aus. Stell Dir vor, wie sich das anf\u00fchlt, wenn Du die Augen verbunden hast und Dir jemand mit diesem Instrument ganz sachte \u00fcber den K\u00f6rper rollt! Die zehn parallel laufenden R\u00e4dchen k\u00f6nnen die Erregung bis ins unerme\u00dfliche steigern!<\/p>\n","protected":false},"excerpt":{"rendered":"<h4>Nervenr\u00e4dchen 10-fach<\/h4>\n<p>Ein Nervenrad im Stil des Originals von Wartenberg mit zehnfachem Nadelr\u00e4dchen. Ganz aus medizinischem Edelstahl. Hochwertig verarbeitet und sieht echt gef\u00e4hrlich aus. Stell Dir vor, wie sich das anf\u00fchlt, wenn Du die Augen verbunden hast und Dir jemand mit diesem Instrument ganz sachte \u00fcber den K\u00f6rper rollt! Die zehn parallel laufenden R\u00e4dchen k\u00f6nnen die Erregung bis ins unerme\u00dfliche steigern!<\/p>\n","protected":false},"featured_media":13444,"comment_status":"open","ping_status":"closed","template":"","meta":[],"product_brand":[],"product_cat":[130,132],"product_tag":[],"class_list":{"0":"post-7150","1":"product","2":"type-product","3":"status-publish","4":"has-post-thumbnail","6":"product_cat-cbt","7":"product_cat-dungeon","8":"product_shipping_class-brief","10":"first","11":"instock","12":"taxable","13":"shipping-taxable","14":"purchasable","15":"product-type-simple"},"_links":{"self":[{"href":"https:\/\/www.hml-fetish.de\/shop\/wp-json\/wp\/v2\/product\/7150","targetHints":{"allow":["GET"]}}],"collection":[{"href":"https:\/\/www.hml-fetish.de\/shop\/wp-json\/wp\/v2\/product"}],"about":[{"href":"https:\/\/www.hml-fetish.de\/shop\/wp-json\/wp\/v2\/types\/product"}],"replies":[{"embeddable":true,"href":"https:\/\/www.hml-fetish.de\/shop\/wp-json\/wp\/v2\/comments?post=7150"}],"version-history":[{"count":0,"href":"https:\/\/www.hml-fetish.de\/shop\/wp-json\/wp\/v2\/product\/7150\/revisions"}],"wp:featuredmedia":[{"embeddable":true,"href":"https:\/\/www.hml-fetish.de\/shop\/wp-json\/wp\/v2\/media\/13444"}],"wp:attachment":[{"href":"https:\/\/www.hml-fetish.de\/shop\/wp-json\/wp\/v2\/media?parent=7150"}],"wp:term":[{"taxonomy":"product_brand","embeddable":true,"href":"https:\/\/www.hml-fetish.de\/shop\/wp-json\/wp\/v2\/product_brand?post=7150"},{"taxonomy":"product_cat","embeddable":true,"href":"https:\/\/www.hml-fetish.de\/shop\/wp-json\/wp\/v2\/product_cat?post=7150"},{"taxonomy":"product_tag","embeddable":true,"href":"https:\/\/www.hml-fetish.de\/shop\/wp-json\/wp\/v2\/product_tag?post=7150"}],"curies":[{"name":"wp","href":"https:\/\/api.w.org\/{rel}","templated":true}]}}