{"id":7148,"date":"2022-01-23T22:54:31","date_gmt":"2022-01-23T21:54:31","guid":{"rendered":"https:\/\/www.hml-fetish.de\/shop\/?post_type=product&#038;p=7148"},"modified":"2022-11-13T18:23:15","modified_gmt":"2022-11-13T17:23:15","slug":"nervenraedchen-3-fach","status":"publish","type":"product","link":"https:\/\/www.hml-fetish.de\/shop\/nervenraedchen-3-fach\/","title":{"rendered":"Nervenr\u00e4dchen 3-fach"},"content":{"rendered":"<p>Ein Nervenrad im Stil des Original Wartenbergs mit dreifachem Nadelr\u00e4dchen. Ganz aus medizinischem Edelstahl. Hochwertig verarbeitet. Stell Dir vor, wie sich das anf\u00fchlt, wenn Du die Augen verbunden hast und Dir jemand mit diesem Instrument ganz sachte \u00fcber den K\u00f6rper rollt! Die drei parallel laufenden R\u00e4dchen k\u00f6nnen die Erregung bis ins unerme\u00dfliche steigern!<\/p>\n","protected":false},"excerpt":{"rendered":"<h4>Nervenr\u00e4dchen 3-fach<\/h4>\n<p>Ein Nervenrad im Stil des Originals von Wartenberg mit dreifachem Nadelr\u00e4dchen. Ganz aus medizinischem Edelstahl. Hochwertig verarbeitet. Stell Dir vor, wie sich das anf\u00fchlt, wenn Du die Augen verbunden hast und Dir jemand mit diesem Instrument ganz sachte \u00fcber den K\u00f6rper rollt! Die drei parallel laufenden R\u00e4dchen k\u00f6nnen die Erregung bis ins unerme\u00dfliche steigern!<\/p>\n","protected":false},"featured_media":13473,"comment_status":"open","ping_status":"closed","template":"","meta":[],"product_brand":[],"product_cat":[141,130,132,106],"product_tag":[],"class_list":{"0":"post-7148","1":"product","2":"type-product","3":"status-publish","4":"has-post-thumbnail","6":"product_cat-tt","7":"product_cat-cbt","8":"product_cat-dungeon","9":"product_cat-neu-bei-hml","10":"product_shipping_class-brief","12":"first","13":"instock","14":"taxable","15":"shipping-taxable","16":"purchasable","17":"product-type-simple"},"_links":{"self":[{"href":"https:\/\/www.hml-fetish.de\/shop\/wp-json\/wp\/v2\/product\/7148","targetHints":{"allow":["GET"]}}],"collection":[{"href":"https:\/\/www.hml-fetish.de\/shop\/wp-json\/wp\/v2\/product"}],"about":[{"href":"https:\/\/www.hml-fetish.de\/shop\/wp-json\/wp\/v2\/types\/product"}],"replies":[{"embeddable":true,"href":"https:\/\/www.hml-fetish.de\/shop\/wp-json\/wp\/v2\/comments?post=7148"}],"version-history":[{"count":0,"href":"https:\/\/www.hml-fetish.de\/shop\/wp-json\/wp\/v2\/product\/7148\/revisions"}],"wp:featuredmedia":[{"embeddable":true,"href":"https:\/\/www.hml-fetish.de\/shop\/wp-json\/wp\/v2\/media\/13473"}],"wp:attachment":[{"href":"https:\/\/www.hml-fetish.de\/shop\/wp-json\/wp\/v2\/media?parent=7148"}],"wp:term":[{"taxonomy":"product_brand","embeddable":true,"href":"https:\/\/www.hml-fetish.de\/shop\/wp-json\/wp\/v2\/product_brand?post=7148"},{"taxonomy":"product_cat","embeddable":true,"href":"https:\/\/www.hml-fetish.de\/shop\/wp-json\/wp\/v2\/product_cat?post=7148"},{"taxonomy":"product_tag","embeddable":true,"href":"https:\/\/www.hml-fetish.de\/shop\/wp-json\/wp\/v2\/product_tag?post=7148"}],"curies":[{"name":"wp","href":"https:\/\/api.w.org\/{rel}","templated":true}]}}