{"id":7143,"date":"2022-01-23T22:54:29","date_gmt":"2022-01-23T21:54:29","guid":{"rendered":"https:\/\/www.hml-fetish.de\/shop\/?post_type=product&#038;p=7143"},"modified":"2023-06-23T14:09:36","modified_gmt":"2023-06-23T12:09:36","slug":"leder-beinschlaufen","status":"publish","type":"product","link":"https:\/\/www.hml-fetish.de\/shop\/leder-beinschlaufen\/","title":{"rendered":"Leder Beinschlaufen"},"content":{"rendered":"<p>Zum Festhalten der Beine w\u00e4hrend einer Session. Langlebiges Rindnappaleder, etwa 40 mm breit, mit einem Schiebegurt zum Fixieren der F\u00fc\u00dfe (nackt oder in Stiefeln). Ein Paar inklusive zwei Karabinern.<\/p>\n","protected":false},"excerpt":{"rendered":"<h4>Leder Beinschlaufen<\/h4>\n<p>Zum Festhalten der Beine w\u00e4hrend einer Session. Langlebiges Rindnappaleder, etwa 40 mm breit, mit einem Schiebegurt zum Fixieren der F\u00fc\u00dfe (nackt oder in Stiefeln). Ein Paar inklusive zwei Karabinern.<\/p>\n","protected":false},"featured_media":13551,"comment_status":"open","ping_status":"closed","template":"","meta":[],"product_brand":[],"product_cat":[155,137,132,163],"product_tag":[],"class_list":{"0":"post-7143","1":"product","2":"type-product","3":"status-publish","4":"has-post-thumbnail","6":"product_cat-guertel-gurte-2","7":"product_cat-bondage","8":"product_cat-dungeon","9":"product_cat-lederfesseln","10":"product_shipping_class-paket","12":"first","13":"instock","14":"taxable","15":"shipping-taxable","16":"purchasable","17":"product-type-simple"},"_links":{"self":[{"href":"https:\/\/www.hml-fetish.de\/shop\/wp-json\/wp\/v2\/product\/7143","targetHints":{"allow":["GET"]}}],"collection":[{"href":"https:\/\/www.hml-fetish.de\/shop\/wp-json\/wp\/v2\/product"}],"about":[{"href":"https:\/\/www.hml-fetish.de\/shop\/wp-json\/wp\/v2\/types\/product"}],"replies":[{"embeddable":true,"href":"https:\/\/www.hml-fetish.de\/shop\/wp-json\/wp\/v2\/comments?post=7143"}],"version-history":[{"count":0,"href":"https:\/\/www.hml-fetish.de\/shop\/wp-json\/wp\/v2\/product\/7143\/revisions"}],"wp:featuredmedia":[{"embeddable":true,"href":"https:\/\/www.hml-fetish.de\/shop\/wp-json\/wp\/v2\/media\/13551"}],"wp:attachment":[{"href":"https:\/\/www.hml-fetish.de\/shop\/wp-json\/wp\/v2\/media?parent=7143"}],"wp:term":[{"taxonomy":"product_brand","embeddable":true,"href":"https:\/\/www.hml-fetish.de\/shop\/wp-json\/wp\/v2\/product_brand?post=7143"},{"taxonomy":"product_cat","embeddable":true,"href":"https:\/\/www.hml-fetish.de\/shop\/wp-json\/wp\/v2\/product_cat?post=7143"},{"taxonomy":"product_tag","embeddable":true,"href":"https:\/\/www.hml-fetish.de\/shop\/wp-json\/wp\/v2\/product_tag?post=7143"}],"curies":[{"name":"wp","href":"https:\/\/api.w.org\/{rel}","templated":true}]}}