{"id":7141,"date":"2022-01-23T22:54:29","date_gmt":"2022-01-23T21:54:29","guid":{"rendered":"https:\/\/www.hml-fetish.de\/shop\/?post_type=product&#038;p=7141"},"modified":"2026-02-17T13:54:50","modified_gmt":"2026-02-17T12:54:50","slug":"u-wear-mens-essentials-slip","status":"publish","type":"product","link":"https:\/\/www.hml-fetish.de\/shop\/u-wear-mens-essentials-slip\/","title":{"rendered":"U-Wear Mens Essentials Slip"},"content":{"rendered":"<p>Mehr muss ein Mann nicht anhaben: einen Slip aus richtig gutem Baumwollgewebe. Super bequem mit konturierter Pa\u00dfform und waschfest bei 60\u00b0C, dabei k\u00f6rpernah und anschmiegsam durch einen 5% Elasthananteil. <B>Das besondere an dieser Unterw\u00e4sche ist ihr Schnitt. Sie sitzt auch bei extra gro\u00dfen Gr\u00f6\u00dfen perfekt und sieht geil aus. Das Umklappen des Bundes nach unten, das uns ab Gr\u00f6\u00dfe L das Tragen geiler Unterw\u00e4sche verleidet, ist endlich Vergangenheit. Wir haben&#8217;s getestet und k\u00f6nnen die Wirkung best\u00e4tigen!<\/B><br \/>\n<BR><img decoding=\"async\" src=\"\/GIF\/size_unisex_sp.gif\" alt=\"Gr\u00f6\u00dfentabelle\" title=\"Gr\u00f6\u00dfentabelle\" border=\"0\" height=\"194\" width=\"114\"><\/p>\n","protected":false},"excerpt":{"rendered":"<h4>U-Wear Mens Essentials Slip<\/h4>\n<p>Mehr muss ein Mann nicht anhaben: einen Slip aus Baumwollgewebe. Super bequem mit konturierter Pa\u00dfform und waschfest bei 60\u00b0C, dabei k\u00f6rpernah und anschmiegsam durch einen 5% Elasthananteil. &lt;B&gt;Das besondere an dieser Unterw\u00e4sche ist ihr Schnitt. Sie sitzt auch bei extra gro\u00dfen Gr\u00f6\u00dfen perfekt und sieht geil aus. Das Umklappen des Bundes nach unten, das uns ab Gr\u00f6\u00dfe L das Tragen geiler Unterw\u00e4sche verleidet, ist endlich Vergangenheit. Wir haben&#8217;s getestet und k\u00f6nnen die Wirkung best\u00e4tigen!&lt;\/B&gt;<\/p>\n","protected":false},"featured_media":13577,"comment_status":"open","ping_status":"closed","template":"","meta":[],"product_brand":[],"product_cat":[117,108],"product_tag":[],"class_list":{"0":"post-7141","1":"product","2":"type-product","3":"status-publish","4":"has-post-thumbnail","6":"product_cat-slips-strings","7":"product_cat-restposten-einzelstuecke","8":"product_shipping_class-brief","10":"first","11":"instock","12":"sale","13":"taxable","14":"shipping-taxable","15":"purchasable","16":"product-type-variable"},"_links":{"self":[{"href":"https:\/\/www.hml-fetish.de\/shop\/wp-json\/wp\/v2\/product\/7141","targetHints":{"allow":["GET"]}}],"collection":[{"href":"https:\/\/www.hml-fetish.de\/shop\/wp-json\/wp\/v2\/product"}],"about":[{"href":"https:\/\/www.hml-fetish.de\/shop\/wp-json\/wp\/v2\/types\/product"}],"replies":[{"embeddable":true,"href":"https:\/\/www.hml-fetish.de\/shop\/wp-json\/wp\/v2\/comments?post=7141"}],"version-history":[{"count":0,"href":"https:\/\/www.hml-fetish.de\/shop\/wp-json\/wp\/v2\/product\/7141\/revisions"}],"wp:featuredmedia":[{"embeddable":true,"href":"https:\/\/www.hml-fetish.de\/shop\/wp-json\/wp\/v2\/media\/13577"}],"wp:attachment":[{"href":"https:\/\/www.hml-fetish.de\/shop\/wp-json\/wp\/v2\/media?parent=7141"}],"wp:term":[{"taxonomy":"product_brand","embeddable":true,"href":"https:\/\/www.hml-fetish.de\/shop\/wp-json\/wp\/v2\/product_brand?post=7141"},{"taxonomy":"product_cat","embeddable":true,"href":"https:\/\/www.hml-fetish.de\/shop\/wp-json\/wp\/v2\/product_cat?post=7141"},{"taxonomy":"product_tag","embeddable":true,"href":"https:\/\/www.hml-fetish.de\/shop\/wp-json\/wp\/v2\/product_tag?post=7141"}],"curies":[{"name":"wp","href":"https:\/\/api.w.org\/{rel}","templated":true}]}}