{"id":7138,"date":"2022-01-23T22:54:28","date_gmt":"2022-01-23T21:54:28","guid":{"rendered":"https:\/\/www.hml-fetish.de\/shop\/?post_type=product&#038;p=7138"},"modified":"2026-02-10T17:23:41","modified_gmt":"2026-02-10T16:23:41","slug":"stahlhelm-ww2-schwarz","status":"publish","type":"product","link":"https:\/\/www.hml-fetish.de\/shop\/stahlhelm-ww2-schwarz\/","title":{"rendered":"Stahlhelm WW2 schwarz"},"content":{"rendered":"<p>Eine ziemlich originalgetreue Replik eines Wehrmacht-Stahlhelms. Er ist schwarz lackiert und besitzt ein Innenfutter aus Leder. Mit Kinnriemen und gr\u00f6\u00dfenverstellbar. F\u00fcr <a href=\"http:\/\/www.bluf.com\/\" target=\"neu\" rel=\"noopener\">BLUF Mitglieder<\/a> und echte Sammler. Dieser Helm ist nichts f\u00fcr Weicheier, denn er wiegt \u00fcber 3 Pfund!<\/p>\n<p>Es handelt sich um einen Dekorationsartikel ohne Schutzfunktion!<\/p>\n","protected":false},"excerpt":{"rendered":"<h4>Stahlhelm WW2 schwarz<\/h4>\n<p>Eine ziemlich originalgetreue Replik eines Wehrmacht-Stahlhelms. Er ist schwarz lackiert und besitzt ein Innenfutter aus Leder. Mit Kinnriemen und gr\u00f6\u00dfenverstellbar. F\u00fcr <a href=\"http:\/\/www.bluf.com\/\" target=\"neu\" rel=\"noopener\">BLUF Mitglieder<\/a> und echte Sammler. Dieser Helm ist nichts f\u00fcr Weicheier, denn er wiegt \u00fcber 3 Pfund!<\/p>\n","protected":false},"featured_media":37788,"comment_status":"open","ping_status":"closed","template":"","meta":[],"product_brand":[],"product_cat":[171,132],"product_tag":[3290],"class_list":{"0":"post-7138","1":"product","2":"type-product","3":"status-publish","4":"has-post-thumbnail","6":"product_cat-army-boots-caps","7":"product_cat-dungeon","8":"product_tag-bluf-fetisch","9":"product_shipping_class-paket","11":"first","12":"instock","13":"taxable","14":"shipping-taxable","15":"purchasable","16":"product-type-simple"},"_links":{"self":[{"href":"https:\/\/www.hml-fetish.de\/shop\/wp-json\/wp\/v2\/product\/7138","targetHints":{"allow":["GET"]}}],"collection":[{"href":"https:\/\/www.hml-fetish.de\/shop\/wp-json\/wp\/v2\/product"}],"about":[{"href":"https:\/\/www.hml-fetish.de\/shop\/wp-json\/wp\/v2\/types\/product"}],"replies":[{"embeddable":true,"href":"https:\/\/www.hml-fetish.de\/shop\/wp-json\/wp\/v2\/comments?post=7138"}],"version-history":[{"count":0,"href":"https:\/\/www.hml-fetish.de\/shop\/wp-json\/wp\/v2\/product\/7138\/revisions"}],"wp:featuredmedia":[{"embeddable":true,"href":"https:\/\/www.hml-fetish.de\/shop\/wp-json\/wp\/v2\/media\/37788"}],"wp:attachment":[{"href":"https:\/\/www.hml-fetish.de\/shop\/wp-json\/wp\/v2\/media?parent=7138"}],"wp:term":[{"taxonomy":"product_brand","embeddable":true,"href":"https:\/\/www.hml-fetish.de\/shop\/wp-json\/wp\/v2\/product_brand?post=7138"},{"taxonomy":"product_cat","embeddable":true,"href":"https:\/\/www.hml-fetish.de\/shop\/wp-json\/wp\/v2\/product_cat?post=7138"},{"taxonomy":"product_tag","embeddable":true,"href":"https:\/\/www.hml-fetish.de\/shop\/wp-json\/wp\/v2\/product_tag?post=7138"}],"curies":[{"name":"wp","href":"https:\/\/api.w.org\/{rel}","templated":true}]}}