{"id":7134,"date":"2022-01-23T22:54:27","date_gmt":"2022-01-23T21:54:27","guid":{"rendered":"https:\/\/www.hml-fetish.de\/shop\/?post_type=product&#038;p=7134"},"modified":"2023-08-09T13:31:01","modified_gmt":"2023-08-09T11:31:01","slug":"baumwoll-seil-schwarz","status":"publish","type":"product","link":"https:\/\/www.hml-fetish.de\/shop\/baumwoll-seil-schwarz\/","title":{"rendered":"Baumwoll-Seil schwarz 2,5 Meter"},"content":{"rendered":"<p>In einer richtigen Seilerei f\u00fcr uns geflochten, und zwar in 10 mm Dicke. Qualit\u00e4t, die h\u00e4lt. Du erh\u00e4ltst Dein Seil einsatzfertig mit versiegelten Enden in verschiedenen L\u00e4nge 2,50 Meter. Diese Seile sind aus echter 16-fach geflochtener Baumwolle in Oberbekleidungsqualit\u00e4t. Die Seile sind schwarz gef\u00e4rbt und besonders weich und biegsam. Am besten vor dem ersten Einsatz bei 60 Grad waschen.<\/p>\n","protected":false},"excerpt":{"rendered":"<h4>Baumwoll-Seil schwarz<\/h4>\n<p>In einer richtigen Seilerei f\u00fcr uns geflochten, und zwar in 10 mm Dicke. Qualit\u00e4t, die h\u00e4lt. Du erh\u00e4ltst Dein Seil einsatzfertig mit versiegelten Enden in 2,50 Meter. Diese Seile sind aus echter 16-fach geflochtener Baumwolle in Oberbekleidungsqualit\u00e4t. Schwarz. Am besten vor dem ersten Einsatz bei 60 Grad waschen.<\/p>\n","protected":false},"featured_media":13713,"comment_status":"open","ping_status":"closed","template":"","meta":[],"product_brand":[],"product_cat":[137,132,105],"product_tag":[],"class_list":{"0":"post-7134","1":"product","2":"type-product","3":"status-publish","4":"has-post-thumbnail","6":"product_cat-bondage","7":"product_cat-dungeon","8":"product_cat-sonderangebote","9":"product_shipping_class-paket","11":"first","12":"instock","13":"sale","14":"taxable","15":"shipping-taxable","16":"purchasable","17":"product-type-simple"},"_links":{"self":[{"href":"https:\/\/www.hml-fetish.de\/shop\/wp-json\/wp\/v2\/product\/7134","targetHints":{"allow":["GET"]}}],"collection":[{"href":"https:\/\/www.hml-fetish.de\/shop\/wp-json\/wp\/v2\/product"}],"about":[{"href":"https:\/\/www.hml-fetish.de\/shop\/wp-json\/wp\/v2\/types\/product"}],"replies":[{"embeddable":true,"href":"https:\/\/www.hml-fetish.de\/shop\/wp-json\/wp\/v2\/comments?post=7134"}],"version-history":[{"count":0,"href":"https:\/\/www.hml-fetish.de\/shop\/wp-json\/wp\/v2\/product\/7134\/revisions"}],"wp:featuredmedia":[{"embeddable":true,"href":"https:\/\/www.hml-fetish.de\/shop\/wp-json\/wp\/v2\/media\/13713"}],"wp:attachment":[{"href":"https:\/\/www.hml-fetish.de\/shop\/wp-json\/wp\/v2\/media?parent=7134"}],"wp:term":[{"taxonomy":"product_brand","embeddable":true,"href":"https:\/\/www.hml-fetish.de\/shop\/wp-json\/wp\/v2\/product_brand?post=7134"},{"taxonomy":"product_cat","embeddable":true,"href":"https:\/\/www.hml-fetish.de\/shop\/wp-json\/wp\/v2\/product_cat?post=7134"},{"taxonomy":"product_tag","embeddable":true,"href":"https:\/\/www.hml-fetish.de\/shop\/wp-json\/wp\/v2\/product_tag?post=7134"}],"curies":[{"name":"wp","href":"https:\/\/api.w.org\/{rel}","templated":true}]}}