{"id":7126,"date":"2022-01-23T22:54:16","date_gmt":"2022-01-23T21:54:16","guid":{"rendered":"https:\/\/www.hml-fetish.de\/shop\/?post_type=product&#038;p=7126"},"modified":"2024-05-15T20:20:25","modified_gmt":"2024-05-15T18:20:25","slug":"leder-cockband-gefuellt","status":"publish","type":"product","link":"https:\/\/www.hml-fetish.de\/shop\/leder-cockband-gefuellt\/","title":{"rendered":"Leder Cockband gef\u00fcllt"},"content":{"rendered":"<p>Soft und schwer zugleich ist dieses Leder-Cockband mit F\u00fcllung. Etwa 20 mm breit, aus weichem Leder und mit feinem Sand schwer und prall gef\u00fcllt. Zu verschlie\u00dfen mit Druckkn\u00f6pfen. F\u00fcnf verschiedene Gr\u00f6\u00dfen zwischen 40 mm und 60 mm am Lager.<\/p>\n","protected":false},"excerpt":{"rendered":"<h4>Leder Cockband gef\u00fcllt<\/h4>\n<p>Soft und schwer zugleich ist dieses Leder-Cockband mit F\u00fcllung. Etwa 20 mm breit, aus weichem Leder und mit feinem Sand schwer und prall gef\u00fcllt. Zu verschlie\u00dfen mit Druckkn\u00f6pfen. F\u00fcnf verschiedene Gr\u00f6\u00dfen zwischen 40 mm und 60 mm am Lager.<\/p>\n","protected":false},"featured_media":13864,"comment_status":"open","ping_status":"closed","template":"","meta":[],"product_brand":[],"product_cat":[165,123,95,135],"product_tag":[4398],"class_list":{"0":"post-7126","1":"product","2":"type-product","3":"status-publish","4":"has-post-thumbnail","6":"product_cat-cockbaender","7":"product_cat-adult","8":"product_cat-bestseller","9":"product_cat-toys","10":"product_tag-hml-fetish-original","11":"product_shipping_class-brief","13":"first","14":"instock","15":"taxable","16":"shipping-taxable","17":"purchasable","18":"product-type-variable"},"_links":{"self":[{"href":"https:\/\/www.hml-fetish.de\/shop\/wp-json\/wp\/v2\/product\/7126","targetHints":{"allow":["GET"]}}],"collection":[{"href":"https:\/\/www.hml-fetish.de\/shop\/wp-json\/wp\/v2\/product"}],"about":[{"href":"https:\/\/www.hml-fetish.de\/shop\/wp-json\/wp\/v2\/types\/product"}],"replies":[{"embeddable":true,"href":"https:\/\/www.hml-fetish.de\/shop\/wp-json\/wp\/v2\/comments?post=7126"}],"version-history":[{"count":0,"href":"https:\/\/www.hml-fetish.de\/shop\/wp-json\/wp\/v2\/product\/7126\/revisions"}],"wp:featuredmedia":[{"embeddable":true,"href":"https:\/\/www.hml-fetish.de\/shop\/wp-json\/wp\/v2\/media\/13864"}],"wp:attachment":[{"href":"https:\/\/www.hml-fetish.de\/shop\/wp-json\/wp\/v2\/media?parent=7126"}],"wp:term":[{"taxonomy":"product_brand","embeddable":true,"href":"https:\/\/www.hml-fetish.de\/shop\/wp-json\/wp\/v2\/product_brand?post=7126"},{"taxonomy":"product_cat","embeddable":true,"href":"https:\/\/www.hml-fetish.de\/shop\/wp-json\/wp\/v2\/product_cat?post=7126"},{"taxonomy":"product_tag","embeddable":true,"href":"https:\/\/www.hml-fetish.de\/shop\/wp-json\/wp\/v2\/product_tag?post=7126"}],"curies":[{"name":"wp","href":"https:\/\/api.w.org\/{rel}","templated":true}]}}