{"id":7125,"date":"2022-01-23T22:54:16","date_gmt":"2022-01-23T21:54:16","guid":{"rendered":"https:\/\/www.hml-fetish.de\/shop\/?post_type=product&#038;p=7125"},"modified":"2022-06-21T22:15:57","modified_gmt":"2022-06-21T20:15:57","slug":"farbige-leder-riemen","status":"publish","type":"product","link":"https:\/\/www.hml-fetish.de\/shop\/farbige-leder-riemen\/","title":{"rendered":"farbige Leder Riemen"},"content":{"rendered":"<p>Ein Leder-Riemen in verschiedenen Farben. Etwa 3 mm x 3 mm im Querschnitt und in 1 Meter oder 2 Meter L\u00e4nge. Zum Abbinden, als Armband, als Halsband, als Ersatz-B\u00e4nder f\u00fcr die Schn\u00fcrjeans oder zum Zusammenschn\u00fcren Deiner Korsage, die Einsatzm\u00f6glichkeiten dieser rei\u00dffesten B\u00e4nder sind schier grenzenlos!<\/p>\n","protected":false},"excerpt":{"rendered":"<h4>farbige Leder Riemen<\/h4>\n<p>Ein Leder-Riemen in verschiedenen Farben. Etwa 3 mm x 3 mm im Querschnitt und in 1 Meter oder 2 Meter L\u00e4nge. Zum Abbinden, als Armband, als Halsband, als Ersatz-B\u00e4nder f\u00fcr die Schn\u00fcrjeans oder zum Zusammenschn\u00fcren Deiner Korsage, die Einsatzm\u00f6glichkeiten dieser rei\u00dffesten B\u00e4nder sind schier grenzenlos!<\/p>\n","protected":false},"featured_media":13884,"comment_status":"open","ping_status":"closed","template":"","meta":[],"product_brand":[],"product_cat":[151,95,130,165,129],"product_tag":[],"class_list":{"0":"post-7125","1":"product","2":"type-product","3":"status-publish","4":"has-post-thumbnail","6":"product_cat-accessoires-2","7":"product_cat-bestseller","8":"product_cat-cbt","9":"product_cat-cockbaender","10":"product_cat-hanky-code","11":"product_shipping_class-brief","13":"first","14":"instock","15":"taxable","16":"shipping-taxable","17":"purchasable","18":"product-type-variable"},"_links":{"self":[{"href":"https:\/\/www.hml-fetish.de\/shop\/wp-json\/wp\/v2\/product\/7125","targetHints":{"allow":["GET"]}}],"collection":[{"href":"https:\/\/www.hml-fetish.de\/shop\/wp-json\/wp\/v2\/product"}],"about":[{"href":"https:\/\/www.hml-fetish.de\/shop\/wp-json\/wp\/v2\/types\/product"}],"replies":[{"embeddable":true,"href":"https:\/\/www.hml-fetish.de\/shop\/wp-json\/wp\/v2\/comments?post=7125"}],"version-history":[{"count":0,"href":"https:\/\/www.hml-fetish.de\/shop\/wp-json\/wp\/v2\/product\/7125\/revisions"}],"wp:featuredmedia":[{"embeddable":true,"href":"https:\/\/www.hml-fetish.de\/shop\/wp-json\/wp\/v2\/media\/13884"}],"wp:attachment":[{"href":"https:\/\/www.hml-fetish.de\/shop\/wp-json\/wp\/v2\/media?parent=7125"}],"wp:term":[{"taxonomy":"product_brand","embeddable":true,"href":"https:\/\/www.hml-fetish.de\/shop\/wp-json\/wp\/v2\/product_brand?post=7125"},{"taxonomy":"product_cat","embeddable":true,"href":"https:\/\/www.hml-fetish.de\/shop\/wp-json\/wp\/v2\/product_cat?post=7125"},{"taxonomy":"product_tag","embeddable":true,"href":"https:\/\/www.hml-fetish.de\/shop\/wp-json\/wp\/v2\/product_tag?post=7125"}],"curies":[{"name":"wp","href":"https:\/\/api.w.org\/{rel}","templated":true}]}}