{"id":7123,"date":"2022-01-23T22:54:15","date_gmt":"2022-01-23T21:54:15","guid":{"rendered":"https:\/\/www.hml-fetish.de\/shop\/?post_type=product&#038;p=7123"},"modified":"2022-09-23T19:21:39","modified_gmt":"2022-09-23T17:21:39","slug":"ballstretcher-mak","status":"publish","type":"product","link":"https:\/\/www.hml-fetish.de\/shop\/ballstretcher-mak\/","title":{"rendered":"Ballstretcher MAK"},"content":{"rendered":"<p>Eine softig weiche, extra breite Manschette legt sich sanft und unerbittlich um Deinen Sack und zieht ihn seehr lang \u2026 wie die Hand Deines Masters. Dies edle Teil ist am Rand eingefa\u00dft und mit Druckkn\u00f6pfen zu schlie\u00dfen. Dein Master entscheidet, in welcher Einstellung Du die MAK-Leder Manschette zur Arbeit anlegen mu\u00dft. Die Breite betr\u00e4gt 50 mm &#8211; 70 mm und der Innendurchmesser kann auf ca. 35 mm bzw. ca. 40 mm eingestellt werden.<\/p>\n","protected":false},"excerpt":{"rendered":"<h4>Ballstretcher MAK<\/h4>\n<p>Eine softig weiche, extra breite Manschette legt sich sanft und unerbittlich um Deinen Sack und zieht ihn seehr lang \u2026 wie die Hand Deines Masters. Dies edle Teil ist am Rand eingefa\u00dft und mit Druckkn\u00f6pfen zu schlie\u00dfen. Dein Master entscheidet, in welcher Einstellung Du die MAK-Leder Manschette zur Arbeit anlegen mu\u00dft. Die Breite betr\u00e4gt 50 mm &#8211; 70 mm und den Innendurchmesser kannst Du auf ca. 35 mm bzw. ca. 40 mm einstellen.<\/p>\n","protected":false},"featured_media":13933,"comment_status":"open","ping_status":"closed","template":"","meta":[],"product_brand":[],"product_cat":[165,130],"product_tag":[4398],"class_list":{"0":"post-7123","1":"product","2":"type-product","3":"status-publish","4":"has-post-thumbnail","6":"product_cat-cockbaender","7":"product_cat-cbt","8":"product_tag-hml-fetish-original","9":"product_shipping_class-brief","11":"first","12":"instock","13":"taxable","14":"shipping-taxable","15":"purchasable","16":"product-type-simple"},"_links":{"self":[{"href":"https:\/\/www.hml-fetish.de\/shop\/wp-json\/wp\/v2\/product\/7123","targetHints":{"allow":["GET"]}}],"collection":[{"href":"https:\/\/www.hml-fetish.de\/shop\/wp-json\/wp\/v2\/product"}],"about":[{"href":"https:\/\/www.hml-fetish.de\/shop\/wp-json\/wp\/v2\/types\/product"}],"replies":[{"embeddable":true,"href":"https:\/\/www.hml-fetish.de\/shop\/wp-json\/wp\/v2\/comments?post=7123"}],"version-history":[{"count":0,"href":"https:\/\/www.hml-fetish.de\/shop\/wp-json\/wp\/v2\/product\/7123\/revisions"}],"wp:featuredmedia":[{"embeddable":true,"href":"https:\/\/www.hml-fetish.de\/shop\/wp-json\/wp\/v2\/media\/13933"}],"wp:attachment":[{"href":"https:\/\/www.hml-fetish.de\/shop\/wp-json\/wp\/v2\/media?parent=7123"}],"wp:term":[{"taxonomy":"product_brand","embeddable":true,"href":"https:\/\/www.hml-fetish.de\/shop\/wp-json\/wp\/v2\/product_brand?post=7123"},{"taxonomy":"product_cat","embeddable":true,"href":"https:\/\/www.hml-fetish.de\/shop\/wp-json\/wp\/v2\/product_cat?post=7123"},{"taxonomy":"product_tag","embeddable":true,"href":"https:\/\/www.hml-fetish.de\/shop\/wp-json\/wp\/v2\/product_tag?post=7123"}],"curies":[{"name":"wp","href":"https:\/\/api.w.org\/{rel}","templated":true}]}}