{"id":7122,"date":"2022-01-23T22:54:15","date_gmt":"2022-01-23T21:54:15","guid":{"rendered":"https:\/\/www.hml-fetish.de\/shop\/?post_type=product&#038;p=7122"},"modified":"2024-06-01T16:07:36","modified_gmt":"2024-06-01T14:07:36","slug":"eier-stulpe-aus-leder","status":"publish","type":"product","link":"https:\/\/www.hml-fetish.de\/shop\/eier-stulpe-aus-leder\/","title":{"rendered":"Eier-Stulpe aus Leder"},"content":{"rendered":"<p>Eine speziell geformte Manschette, vorne kurz, hinten lang mit einer Schlaufe (z.B. f\u00fcr Gewichte). Schwarzes hochwertig verarbeitetes Rindleder. Wie eng Du deine Eier-Stulpe m\u00f6chtest, kannst Du mittels Klettverschlu\u00df einfach regulieren.<\/p>\n","protected":false},"excerpt":{"rendered":"<h4>Eier-Stulpe aus Leder<\/h4>\n<p>Eine speziell geformte Manschette, vorne kurz, hinten lang mit einer Schlaufe (z.B. f\u00fcr Gewichte). Schwarzes hochwertig verarbeitetes Rindleder. Wie eng du deine Eier-Stulpe m\u00f6chtest, kannst du mittels Klettverschlu\u00df einfach regulieren.<\/p>\n","protected":false},"featured_media":13950,"comment_status":"open","ping_status":"closed","template":"","meta":[],"product_brand":[],"product_cat":[166,130,106],"product_tag":[4398],"class_list":{"0":"post-7122","1":"product","2":"type-product","3":"status-publish","4":"has-post-thumbnail","6":"product_cat-cockhalfter","7":"product_cat-cbt","8":"product_cat-neu-bei-hml","9":"product_tag-hml-fetish-original","10":"product_shipping_class-brief","12":"first","13":"instock","14":"taxable","15":"shipping-taxable","16":"purchasable","17":"product-type-simple"},"_links":{"self":[{"href":"https:\/\/www.hml-fetish.de\/shop\/wp-json\/wp\/v2\/product\/7122","targetHints":{"allow":["GET"]}}],"collection":[{"href":"https:\/\/www.hml-fetish.de\/shop\/wp-json\/wp\/v2\/product"}],"about":[{"href":"https:\/\/www.hml-fetish.de\/shop\/wp-json\/wp\/v2\/types\/product"}],"replies":[{"embeddable":true,"href":"https:\/\/www.hml-fetish.de\/shop\/wp-json\/wp\/v2\/comments?post=7122"}],"version-history":[{"count":0,"href":"https:\/\/www.hml-fetish.de\/shop\/wp-json\/wp\/v2\/product\/7122\/revisions"}],"wp:featuredmedia":[{"embeddable":true,"href":"https:\/\/www.hml-fetish.de\/shop\/wp-json\/wp\/v2\/media\/13950"}],"wp:attachment":[{"href":"https:\/\/www.hml-fetish.de\/shop\/wp-json\/wp\/v2\/media?parent=7122"}],"wp:term":[{"taxonomy":"product_brand","embeddable":true,"href":"https:\/\/www.hml-fetish.de\/shop\/wp-json\/wp\/v2\/product_brand?post=7122"},{"taxonomy":"product_cat","embeddable":true,"href":"https:\/\/www.hml-fetish.de\/shop\/wp-json\/wp\/v2\/product_cat?post=7122"},{"taxonomy":"product_tag","embeddable":true,"href":"https:\/\/www.hml-fetish.de\/shop\/wp-json\/wp\/v2\/product_tag?post=7122"}],"curies":[{"name":"wp","href":"https:\/\/api.w.org\/{rel}","templated":true}]}}