{"id":7121,"date":"2022-01-23T22:54:15","date_gmt":"2022-01-23T21:54:15","guid":{"rendered":"https:\/\/www.hml-fetish.de\/shop\/?post_type=product&#038;p=7121"},"modified":"2026-01-02T10:18:07","modified_gmt":"2026-01-02T09:18:07","slug":"cockhalfter-gefuellt-mit-ring","status":"publish","type":"product","link":"https:\/\/www.hml-fetish.de\/shop\/cockhalfter-gefuellt-mit-ring\/","title":{"rendered":"Cockhalfter gef\u00fcllt mit Ring"},"content":{"rendered":"<p>Eine einfache Konstruktion &#8211; aber enorm wirksam. Ein Cockband aus Leder, das mit Sand prall gef\u00fcllt und richtig sch\u00f6n dick ist. Der Ring ist austauschbar. Das Cockband ist mit Druckkn\u00f6pfen verstellbar und zus\u00e4tzlich in zwei verschiedenen Gr\u00f6\u00dfen (ca. 45 mm und ca. 50 mm) am Lager.<\/p>\n","protected":false},"excerpt":{"rendered":"<h4>Cockhalfter gef\u00fcllt mit Ring<\/h4>\n<p>Eine einfache Konstruktion &#8211; aber enorm wirksam. Ein Cockband aus Leder, das mit Sand prall gef\u00fcllt und richtig sch\u00f6n dick ist. Der Ring ist austauschbar. Das Cockband ist mit Druckkn\u00f6pfen verstellbar und zus\u00e4tzlich in zwei verschiedenen Gr\u00f6\u00dfen (ca. 45 mm und ca. 50 mm) am Lager.<\/p>\n","protected":false},"featured_media":13975,"comment_status":"open","ping_status":"closed","template":"","meta":[],"product_brand":[],"product_cat":[166,95,167],"product_tag":[4398],"class_list":{"0":"post-7121","1":"product","2":"type-product","3":"status-publish","4":"has-post-thumbnail","6":"product_cat-cockhalfter","7":"product_cat-bestseller","8":"product_cat-cockringe","9":"product_tag-hml-fetish-original","10":"product_shipping_class-brief","12":"first","13":"instock","14":"taxable","15":"shipping-taxable","16":"purchasable","17":"product-type-variable"},"_links":{"self":[{"href":"https:\/\/www.hml-fetish.de\/shop\/wp-json\/wp\/v2\/product\/7121","targetHints":{"allow":["GET"]}}],"collection":[{"href":"https:\/\/www.hml-fetish.de\/shop\/wp-json\/wp\/v2\/product"}],"about":[{"href":"https:\/\/www.hml-fetish.de\/shop\/wp-json\/wp\/v2\/types\/product"}],"replies":[{"embeddable":true,"href":"https:\/\/www.hml-fetish.de\/shop\/wp-json\/wp\/v2\/comments?post=7121"}],"version-history":[{"count":0,"href":"https:\/\/www.hml-fetish.de\/shop\/wp-json\/wp\/v2\/product\/7121\/revisions"}],"wp:featuredmedia":[{"embeddable":true,"href":"https:\/\/www.hml-fetish.de\/shop\/wp-json\/wp\/v2\/media\/13975"}],"wp:attachment":[{"href":"https:\/\/www.hml-fetish.de\/shop\/wp-json\/wp\/v2\/media?parent=7121"}],"wp:term":[{"taxonomy":"product_brand","embeddable":true,"href":"https:\/\/www.hml-fetish.de\/shop\/wp-json\/wp\/v2\/product_brand?post=7121"},{"taxonomy":"product_cat","embeddable":true,"href":"https:\/\/www.hml-fetish.de\/shop\/wp-json\/wp\/v2\/product_cat?post=7121"},{"taxonomy":"product_tag","embeddable":true,"href":"https:\/\/www.hml-fetish.de\/shop\/wp-json\/wp\/v2\/product_tag?post=7121"}],"curies":[{"name":"wp","href":"https:\/\/api.w.org\/{rel}","templated":true}]}}