{"id":7120,"date":"2022-01-23T22:54:15","date_gmt":"2022-01-23T21:54:15","guid":{"rendered":"https:\/\/www.hml-fetish.de\/shop\/?post_type=product&#038;p=7120"},"modified":"2026-02-10T17:23:11","modified_gmt":"2026-02-10T16:23:11","slug":"hodenfallschirm-aus-leder","status":"publish","type":"product","link":"https:\/\/www.hml-fetish.de\/shop\/hodenfallschirm-aus-leder\/","title":{"rendered":"Hodenfallschirm aus Leder"},"content":{"rendered":"<p>Ein speziell gearbeiteter Leder-Ring mit weich eingefa\u00dften R\u00e4ndern bildet, zusammengekn\u00f6pft, eine konische Form. Am Leder befinden sich drei Ketten, die sich nach unten in einem Karabiner treffen. Was Du daran h\u00e4ngst, bleibt Deiner Phantasie \u00fcberlassen. Unser Tipp: ordentliche Bleigewichte.<\/p>\n<p>Diesen Parachute aus Leder gibt es in der Gr\u00f6sse M, die auf einen Innendurchmesser von ca. 30 &#8211; 35 mm einstellbar ist; und in der Gr\u00f6\u00dfe L (ca. 35 &#8211; 45 mm). Au\u00dferdem kannst Du hier eine Version mit Innendornen bestellen. Damit lockst Du jeden aus der Reserve!<\/p>\n<p>Warum dieses erregende Spielzeug so hei\u00dft, erkennst Du \u00fcbrigens schnell, sobald er sich im Einsatz befindet. Dann erinnert die Konstruktion n\u00e4mlich an einen Fallschirm (englisch Parachute).<\/p>\n","protected":false},"excerpt":{"rendered":"<h4>Hodenfallschirm aus Leder<\/h4>\n<p>Ein speziell gearbeiteter Leder-Ring mit weich eingefa\u00dften R\u00e4ndern bildet, zusammengekn\u00f6pft, eine konische Form. Am Leder befinden sich drei Ketten, die sich nach unten in einem Karabiner treffen. Was Du daran h\u00e4ngst, bleibt Deiner Phantasie \u00fcberlassen. Unser Tipp: ordentliche Bleigewichte.<\/p>\n","protected":false},"featured_media":13992,"comment_status":"open","ping_status":"closed","template":"","meta":[],"product_brand":[],"product_cat":[166,123,130],"product_tag":[4389,4398],"class_list":{"0":"post-7120","1":"product","2":"type-product","3":"status-publish","4":"has-post-thumbnail","6":"product_cat-cockhalfter","7":"product_cat-adult","8":"product_cat-cbt","9":"product_tag-bestseller-intimschmuck","10":"product_tag-hml-fetish-original","11":"product_shipping_class-brief","13":"first","14":"instock","15":"taxable","16":"shipping-taxable","17":"purchasable","18":"product-type-variable"},"_links":{"self":[{"href":"https:\/\/www.hml-fetish.de\/shop\/wp-json\/wp\/v2\/product\/7120","targetHints":{"allow":["GET"]}}],"collection":[{"href":"https:\/\/www.hml-fetish.de\/shop\/wp-json\/wp\/v2\/product"}],"about":[{"href":"https:\/\/www.hml-fetish.de\/shop\/wp-json\/wp\/v2\/types\/product"}],"replies":[{"embeddable":true,"href":"https:\/\/www.hml-fetish.de\/shop\/wp-json\/wp\/v2\/comments?post=7120"}],"version-history":[{"count":0,"href":"https:\/\/www.hml-fetish.de\/shop\/wp-json\/wp\/v2\/product\/7120\/revisions"}],"wp:featuredmedia":[{"embeddable":true,"href":"https:\/\/www.hml-fetish.de\/shop\/wp-json\/wp\/v2\/media\/13992"}],"wp:attachment":[{"href":"https:\/\/www.hml-fetish.de\/shop\/wp-json\/wp\/v2\/media?parent=7120"}],"wp:term":[{"taxonomy":"product_brand","embeddable":true,"href":"https:\/\/www.hml-fetish.de\/shop\/wp-json\/wp\/v2\/product_brand?post=7120"},{"taxonomy":"product_cat","embeddable":true,"href":"https:\/\/www.hml-fetish.de\/shop\/wp-json\/wp\/v2\/product_cat?post=7120"},{"taxonomy":"product_tag","embeddable":true,"href":"https:\/\/www.hml-fetish.de\/shop\/wp-json\/wp\/v2\/product_tag?post=7120"}],"curies":[{"name":"wp","href":"https:\/\/api.w.org\/{rel}","templated":true}]}}