{"id":7119,"date":"2022-01-23T22:54:14","date_gmt":"2022-01-23T21:54:14","guid":{"rendered":"https:\/\/www.hml-fetish.de\/shop\/?post_type=product&#038;p=7119"},"modified":"2024-01-30T07:57:10","modified_gmt":"2024-01-30T06:57:10","slug":"elektro-hodenmanschette-zweipolig","status":"publish","type":"product","link":"https:\/\/www.hml-fetish.de\/shop\/elektro-hodenmanschette-zweipolig\/","title":{"rendered":"Elektro-Hodenmanschette zweipolig"},"content":{"rendered":"<p>Diese 40 mm breite Hodenmanschette mit ca. 35 mm Innendurchmesser umschlie\u00dft die Eier mit festem Griff und kann zus\u00e4tzlich noch elektrisch aufgeladen werden. Kommt noch besser mit einem eingeh\u00e4ngten Gewicht. Dieses Ger\u00e4t ben\u00f6tigt f\u00fcr die Stromversorgung ein Reizstromger\u00e4t mit 3,5 mm Stereo-Klinken-Buchse und ein Verbindungskabel-Set. Beide sind nicht im Preis enthalten!<br \/>\n<BR><a HREF=\"http:\/\/www.toytorture.com\/hml-electro-ballstretcher-2\/\" TARGET=\"neu\">Hier findet ihr einen lesenswerten, englischen Artikel \u00fcber unseren Elektro Ballstretcher. Dieser Review zeigt klar, welchen Mehrwert das \u00bbmade in Germany\u00ab bietet. Und nun viel Spa\u00df Jungs!<\/A><\/p>\n","protected":false},"excerpt":{"rendered":"<h4>Elektro-Hodenmanschette zweipolig<\/h4>\n<p>Diese 40 mm breite Hodenmanschette mit ca. 35 mm Innendurchmesser umschlie\u00dft die Eier mit festem Griff und kann zus\u00e4tzlich noch elektrisch aufgeladen werden. Kommt noch besser mit einem eingeh\u00e4ngten Gewicht. Dieses Ger\u00e4t ben\u00f6tigt f\u00fcr die Stromversorgung ein Reizstromger\u00e4t mit 3,5 mm Stereo-Klinken-Buchse und ein Verbindungskabel-Set. Beide sind nicht im Preis enthalten!<\/p>\n","protected":false},"featured_media":14015,"comment_status":"open","ping_status":"closed","template":"","meta":[],"product_brand":[],"product_cat":[133,130,166,132],"product_tag":[],"class_list":{"0":"post-7119","1":"product","2":"type-product","3":"status-publish","4":"has-post-thumbnail","6":"product_cat-elektro","7":"product_cat-cbt","8":"product_cat-cockhalfter","9":"product_cat-dungeon","10":"product_shipping_class-brief","12":"first","13":"instock","14":"taxable","15":"shipping-taxable","16":"purchasable","17":"product-type-simple"},"_links":{"self":[{"href":"https:\/\/www.hml-fetish.de\/shop\/wp-json\/wp\/v2\/product\/7119","targetHints":{"allow":["GET"]}}],"collection":[{"href":"https:\/\/www.hml-fetish.de\/shop\/wp-json\/wp\/v2\/product"}],"about":[{"href":"https:\/\/www.hml-fetish.de\/shop\/wp-json\/wp\/v2\/types\/product"}],"replies":[{"embeddable":true,"href":"https:\/\/www.hml-fetish.de\/shop\/wp-json\/wp\/v2\/comments?post=7119"}],"version-history":[{"count":0,"href":"https:\/\/www.hml-fetish.de\/shop\/wp-json\/wp\/v2\/product\/7119\/revisions"}],"wp:featuredmedia":[{"embeddable":true,"href":"https:\/\/www.hml-fetish.de\/shop\/wp-json\/wp\/v2\/media\/14015"}],"wp:attachment":[{"href":"https:\/\/www.hml-fetish.de\/shop\/wp-json\/wp\/v2\/media?parent=7119"}],"wp:term":[{"taxonomy":"product_brand","embeddable":true,"href":"https:\/\/www.hml-fetish.de\/shop\/wp-json\/wp\/v2\/product_brand?post=7119"},{"taxonomy":"product_cat","embeddable":true,"href":"https:\/\/www.hml-fetish.de\/shop\/wp-json\/wp\/v2\/product_cat?post=7119"},{"taxonomy":"product_tag","embeddable":true,"href":"https:\/\/www.hml-fetish.de\/shop\/wp-json\/wp\/v2\/product_tag?post=7119"}],"curies":[{"name":"wp","href":"https:\/\/api.w.org\/{rel}","templated":true}]}}