{"id":7118,"date":"2022-01-23T22:54:14","date_gmt":"2022-01-23T21:54:14","guid":{"rendered":"https:\/\/www.hml-fetish.de\/shop\/?post_type=product&#038;p=7118"},"modified":"2022-03-01T19:50:43","modified_gmt":"2022-03-01T18:50:43","slug":"elektro-cockmanschette","status":"publish","type":"product","link":"https:\/\/www.hml-fetish.de\/shop\/elektro-cockmanschette\/","title":{"rendered":"Elektro-Cockmanschette"},"content":{"rendered":"<p>Ein 80 mm breites Lederst\u00fcck mit Schn\u00fcrung, verbunden mit einem Cockband. Der Metall-Polschuh der Manschette stellt den einen Pol dar, der Polschuh des Cockbandes den anderen. Beide Elektroden besitzen nur einen Kontaktpunkt. Der Strom flie\u00dft also zwischen Schwanzwurzel und Eichel. Das kann Dir ein sehr intensives Erlebnis verschaffen \u2013 zumal Du mit diesem Riemen nicht wichsen kannst!<br \/>\n<BR>Dieses Ger\u00e4t ben\u00f6tigt f\u00fcr die Stromversorgung ein Reizstromger\u00e4t mit 3,5 mm Stereo-Klinken-Buchse und ein Verbindungskabel-Set. Beide sind nicht im Preis enthalten!<\/p>\n","protected":false},"excerpt":{"rendered":"<h4>Elektro-Cockmanschette<\/h4>\n<p>Ein 80 mm breites Lederst\u00fcck mit Schn\u00fcrung, verbunden mit einem Cockband. Der Metall-Polschuh der Elektro-Cockmanschette stellt den einen Pol dar, der Polschuh des Cockbandes den anderen. Beide Elektroden besitzen nur einen Kontaktpunkt. Der Strom flie\u00dft also zwischen Schwanzwurzel und Eichel. Das kann Dir ein sehr intensives Erlebnis verschaffen \u2013 zumal Du mit diesem Riemen nicht wichsen kannst!<\/p>\n","protected":false},"featured_media":14034,"comment_status":"open","ping_status":"closed","template":"","meta":[],"product_brand":[],"product_cat":[133,130,166],"product_tag":[],"class_list":{"0":"post-7118","1":"product","2":"type-product","3":"status-publish","4":"has-post-thumbnail","6":"product_cat-elektro","7":"product_cat-cbt","8":"product_cat-cockhalfter","9":"product_shipping_class-brief","11":"first","12":"instock","13":"taxable","14":"shipping-taxable","15":"purchasable","16":"product-type-simple"},"_links":{"self":[{"href":"https:\/\/www.hml-fetish.de\/shop\/wp-json\/wp\/v2\/product\/7118","targetHints":{"allow":["GET"]}}],"collection":[{"href":"https:\/\/www.hml-fetish.de\/shop\/wp-json\/wp\/v2\/product"}],"about":[{"href":"https:\/\/www.hml-fetish.de\/shop\/wp-json\/wp\/v2\/types\/product"}],"replies":[{"embeddable":true,"href":"https:\/\/www.hml-fetish.de\/shop\/wp-json\/wp\/v2\/comments?post=7118"}],"version-history":[{"count":0,"href":"https:\/\/www.hml-fetish.de\/shop\/wp-json\/wp\/v2\/product\/7118\/revisions"}],"wp:featuredmedia":[{"embeddable":true,"href":"https:\/\/www.hml-fetish.de\/shop\/wp-json\/wp\/v2\/media\/14034"}],"wp:attachment":[{"href":"https:\/\/www.hml-fetish.de\/shop\/wp-json\/wp\/v2\/media?parent=7118"}],"wp:term":[{"taxonomy":"product_brand","embeddable":true,"href":"https:\/\/www.hml-fetish.de\/shop\/wp-json\/wp\/v2\/product_brand?post=7118"},{"taxonomy":"product_cat","embeddable":true,"href":"https:\/\/www.hml-fetish.de\/shop\/wp-json\/wp\/v2\/product_cat?post=7118"},{"taxonomy":"product_tag","embeddable":true,"href":"https:\/\/www.hml-fetish.de\/shop\/wp-json\/wp\/v2\/product_tag?post=7118"}],"curies":[{"name":"wp","href":"https:\/\/api.w.org\/{rel}","templated":true}]}}