{"id":7117,"date":"2022-01-23T22:54:14","date_gmt":"2022-01-23T21:54:14","guid":{"rendered":"https:\/\/www.hml-fetish.de\/shop\/?post_type=product&#038;p=7117"},"modified":"2022-06-26T12:25:25","modified_gmt":"2022-06-26T10:25:25","slug":"cockhalfter-mike","status":"publish","type":"product","link":"https:\/\/www.hml-fetish.de\/shop\/cockhalfter-mike\/","title":{"rendered":"Cockhalfter Mike"},"content":{"rendered":"<p>Eine besondere Gurt- und Ring-Konstruktion, die Deiner Phantasie freien Raum l\u00e4\u00dft. (Deinem Geh\u00e4nge eher weniger). Je nachdem, wie Du ihn zusammenkn\u00f6pfst, ergeben sich zwei erregende Varianten. Mike wirkt \u2013 als Cockring und -manschette, als Eierteiler (mit einer Schlaufe f\u00fcr Gewichte) und als Cockband. Wirklich ein Wahnsinns-Ger\u00e4t! Nicht ohne Grund ist Mike einer unserer Bestseller. Achtung, auch Mike sitzt sehr eng.<\/p>\n","protected":false},"excerpt":{"rendered":"<h4>Cockhalfter Mike<\/h4>\n<p>Eine besondere Gurt- und Ring-Konstruktion, die Deiner Phantasie freien Raum l\u00e4\u00dft. (Deinem Geh\u00e4nge eher weniger). Je nachdem, wie Du ihn zusammenkn\u00f6pfst, ergeben sich zwei erregende Varianten. Mike wirkt \u2013 als Cockring und -manschette, als Eierteiler (mit einer Schlaufe f\u00fcr Gewichte) und als Cockband. Wirklich ein Wahnsinns-Ger\u00e4t! Nicht ohne Grund ist der Cockhalfter Mike einer unserer Bestseller. Achtung, auch Mike sitzt sehr eng.<\/p>\n","protected":false},"featured_media":14044,"comment_status":"open","ping_status":"closed","template":"","meta":[],"product_brand":[],"product_cat":[166,95,130],"product_tag":[4398],"class_list":{"0":"post-7117","1":"product","2":"type-product","3":"status-publish","4":"has-post-thumbnail","6":"product_cat-cockhalfter","7":"product_cat-bestseller","8":"product_cat-cbt","9":"product_tag-hml-fetish-original","10":"product_shipping_class-paket","12":"first","13":"instock","14":"taxable","15":"shipping-taxable","16":"purchasable","17":"product-type-simple"},"_links":{"self":[{"href":"https:\/\/www.hml-fetish.de\/shop\/wp-json\/wp\/v2\/product\/7117","targetHints":{"allow":["GET"]}}],"collection":[{"href":"https:\/\/www.hml-fetish.de\/shop\/wp-json\/wp\/v2\/product"}],"about":[{"href":"https:\/\/www.hml-fetish.de\/shop\/wp-json\/wp\/v2\/types\/product"}],"replies":[{"embeddable":true,"href":"https:\/\/www.hml-fetish.de\/shop\/wp-json\/wp\/v2\/comments?post=7117"}],"version-history":[{"count":0,"href":"https:\/\/www.hml-fetish.de\/shop\/wp-json\/wp\/v2\/product\/7117\/revisions"}],"wp:featuredmedia":[{"embeddable":true,"href":"https:\/\/www.hml-fetish.de\/shop\/wp-json\/wp\/v2\/media\/14044"}],"wp:attachment":[{"href":"https:\/\/www.hml-fetish.de\/shop\/wp-json\/wp\/v2\/media?parent=7117"}],"wp:term":[{"taxonomy":"product_brand","embeddable":true,"href":"https:\/\/www.hml-fetish.de\/shop\/wp-json\/wp\/v2\/product_brand?post=7117"},{"taxonomy":"product_cat","embeddable":true,"href":"https:\/\/www.hml-fetish.de\/shop\/wp-json\/wp\/v2\/product_cat?post=7117"},{"taxonomy":"product_tag","embeddable":true,"href":"https:\/\/www.hml-fetish.de\/shop\/wp-json\/wp\/v2\/product_tag?post=7117"}],"curies":[{"name":"wp","href":"https:\/\/api.w.org\/{rel}","templated":true}]}}