{"id":7115,"date":"2022-01-23T22:54:13","date_gmt":"2022-01-23T21:54:13","guid":{"rendered":"https:\/\/www.hml-fetish.de\/shop\/?post_type=product&#038;p=7115"},"modified":"2025-02-03T13:07:19","modified_gmt":"2025-02-03T12:07:19","slug":"leder-hodenmanschette","status":"publish","type":"product","link":"https:\/\/www.hml-fetish.de\/shop\/leder-hodenmanschette\/","title":{"rendered":"Leder Hodenmanschette"},"content":{"rendered":"<p>Ein Ballstretcher aus zwei Lagen stabilem und dennoch weichen Rindleder. Mit Druckkn\u00f6pfen zu schlie\u00dfen und einer kleinen Metallschlaufe zum Anh\u00e4ngen von Gewichten. Innendurchmesser etwa 35 mm. Es gibt sie in drei H\u00f6hen: 30 mm und 40 mm packt fast jeder, 50 mm H\u00f6he zieht Dir den Sack aber richtig lang!<\/p>\n","protected":false},"excerpt":{"rendered":"<h4>Leder Hodenmanschette<\/h4>\n<p>Ein Leder Ballstretcher aus zwei Lagen stabilem und dennoch weichen Rindleder. Mit Druckkn\u00f6pfen zu schlie\u00dfen und einer kleinen Metallschlaufe zum Anh\u00e4ngen von Gewichten. Innendurchmesser etwa 35 mm. Es gibt sie in drei H\u00f6hen: 30 mm und 40 mm packt fast jeder, 50 mm H\u00f6he zieht Dir den Sack aber richtig lang!<\/p>\n","protected":false},"featured_media":14067,"comment_status":"open","ping_status":"closed","template":"","meta":[],"product_brand":[],"product_cat":[166,130],"product_tag":[4398],"class_list":{"0":"post-7115","1":"product","2":"type-product","3":"status-publish","4":"has-post-thumbnail","6":"product_cat-cockhalfter","7":"product_cat-cbt","8":"product_tag-hml-fetish-original","9":"product_shipping_class-brief","11":"first","12":"instock","13":"taxable","14":"shipping-taxable","15":"purchasable","16":"product-type-variable"},"_links":{"self":[{"href":"https:\/\/www.hml-fetish.de\/shop\/wp-json\/wp\/v2\/product\/7115","targetHints":{"allow":["GET"]}}],"collection":[{"href":"https:\/\/www.hml-fetish.de\/shop\/wp-json\/wp\/v2\/product"}],"about":[{"href":"https:\/\/www.hml-fetish.de\/shop\/wp-json\/wp\/v2\/types\/product"}],"replies":[{"embeddable":true,"href":"https:\/\/www.hml-fetish.de\/shop\/wp-json\/wp\/v2\/comments?post=7115"}],"version-history":[{"count":0,"href":"https:\/\/www.hml-fetish.de\/shop\/wp-json\/wp\/v2\/product\/7115\/revisions"}],"wp:featuredmedia":[{"embeddable":true,"href":"https:\/\/www.hml-fetish.de\/shop\/wp-json\/wp\/v2\/media\/14067"}],"wp:attachment":[{"href":"https:\/\/www.hml-fetish.de\/shop\/wp-json\/wp\/v2\/media?parent=7115"}],"wp:term":[{"taxonomy":"product_brand","embeddable":true,"href":"https:\/\/www.hml-fetish.de\/shop\/wp-json\/wp\/v2\/product_brand?post=7115"},{"taxonomy":"product_cat","embeddable":true,"href":"https:\/\/www.hml-fetish.de\/shop\/wp-json\/wp\/v2\/product_cat?post=7115"},{"taxonomy":"product_tag","embeddable":true,"href":"https:\/\/www.hml-fetish.de\/shop\/wp-json\/wp\/v2\/product_tag?post=7115"}],"curies":[{"name":"wp","href":"https:\/\/api.w.org\/{rel}","templated":true}]}}