{"id":7110,"date":"2022-01-23T22:54:12","date_gmt":"2022-01-23T21:54:12","guid":{"rendered":"https:\/\/www.hml-fetish.de\/shop\/?post_type=product&#038;p=7110"},"modified":"2022-06-26T12:26:16","modified_gmt":"2022-06-26T10:26:16","slug":"leder-cock-manschette","status":"publish","type":"product","link":"https:\/\/www.hml-fetish.de\/shop\/leder-cock-manschette\/","title":{"rendered":"Leder Cock-Manschette"},"content":{"rendered":"<p>Ein Cockband (etwa 20 mm breit) verbunden mit einem 80 mm breiten Leder-Pad zum Umlegen und Verschn\u00fcren. Mit Lederschnur und Druckkn\u00f6pfen zu verschlie\u00dfen.<\/p>\n","protected":false},"excerpt":{"rendered":"<h4>Leder Cock-Manschette<\/h4>\n<p>Ein Cockband (etwa 20 mm breit) verbunden mit einem 80 mm breiten Leder-Pad zum Umlegen und Verschn\u00fcren. Mit Lederschnur und Druckkn\u00f6pfen zu verschlie\u00dfen.<\/p>\n","protected":false},"featured_media":14136,"comment_status":"open","ping_status":"closed","template":"","meta":[],"product_brand":[],"product_cat":[166,130],"product_tag":[4398],"class_list":{"0":"post-7110","1":"product","2":"type-product","3":"status-publish","4":"has-post-thumbnail","6":"product_cat-cockhalfter","7":"product_cat-cbt","8":"product_tag-hml-fetish-original","9":"product_shipping_class-brief","11":"first","12":"instock","13":"taxable","14":"shipping-taxable","15":"purchasable","16":"product-type-simple"},"_links":{"self":[{"href":"https:\/\/www.hml-fetish.de\/shop\/wp-json\/wp\/v2\/product\/7110","targetHints":{"allow":["GET"]}}],"collection":[{"href":"https:\/\/www.hml-fetish.de\/shop\/wp-json\/wp\/v2\/product"}],"about":[{"href":"https:\/\/www.hml-fetish.de\/shop\/wp-json\/wp\/v2\/types\/product"}],"replies":[{"embeddable":true,"href":"https:\/\/www.hml-fetish.de\/shop\/wp-json\/wp\/v2\/comments?post=7110"}],"version-history":[{"count":0,"href":"https:\/\/www.hml-fetish.de\/shop\/wp-json\/wp\/v2\/product\/7110\/revisions"}],"wp:featuredmedia":[{"embeddable":true,"href":"https:\/\/www.hml-fetish.de\/shop\/wp-json\/wp\/v2\/media\/14136"}],"wp:attachment":[{"href":"https:\/\/www.hml-fetish.de\/shop\/wp-json\/wp\/v2\/media?parent=7110"}],"wp:term":[{"taxonomy":"product_brand","embeddable":true,"href":"https:\/\/www.hml-fetish.de\/shop\/wp-json\/wp\/v2\/product_brand?post=7110"},{"taxonomy":"product_cat","embeddable":true,"href":"https:\/\/www.hml-fetish.de\/shop\/wp-json\/wp\/v2\/product_cat?post=7110"},{"taxonomy":"product_tag","embeddable":true,"href":"https:\/\/www.hml-fetish.de\/shop\/wp-json\/wp\/v2\/product_tag?post=7110"}],"curies":[{"name":"wp","href":"https:\/\/api.w.org\/{rel}","templated":true}]}}