{"id":7109,"date":"2022-01-23T22:54:11","date_gmt":"2022-01-23T21:54:11","guid":{"rendered":"https:\/\/www.hml-fetish.de\/shop\/?post_type=product&#038;p=7109"},"modified":"2022-03-02T21:30:25","modified_gmt":"2022-03-02T20:30:25","slug":"leder-cock-binder","status":"publish","type":"product","link":"https:\/\/www.hml-fetish.de\/shop\/leder-cock-binder\/","title":{"rendered":"Leder Cock Binder"},"content":{"rendered":"<p>Willst Du dieses Feeling fester Einschn\u00fcrung? Oder f\u00fchlen, wie er unter der Hose fetter wird, die Beschr\u00e4nkung durch die B\u00e4nder des Leder Cock Binders sprengen will? Dann probier&#8217; dieses intensive Ger\u00e4t! Aus stabilem, schwarzen Rindbox-Leder mit kleinen, vernickelten Schnallen zum Einstellen des Druckes, den Du brauchst. In zwei Gr\u00f6\u00dfen: M (pa\u00dft auch f\u00fcr S-Schw\u00e4nze) und L (pa\u00dft auch f\u00fcr XL).<\/p>\n","protected":false},"excerpt":{"rendered":"<h4>Leder Cock Binder<\/h4>\n<p>Willst Du dieses Feeling fester Einschn\u00fcrung? Oder f\u00fchlen, wie er unter der Hose fetter wird, die Beschr\u00e4nkung durch die Lederb\u00e4nder sprengen will? Dann probier&#8217; dieses intensive Ger\u00e4t! Aus stabilem, schwarzen Rindbox-Leder mit kleinen, vernickelten Schnallen zum Einstellen des Druckes, den Du brauchst. In zwei Gr\u00f6\u00dfen: M (pa\u00dft auch f\u00fcr S-Schw\u00e4nze) und L (pa\u00dft auch f\u00fcr XL).<\/p>\n","protected":false},"featured_media":14144,"comment_status":"open","ping_status":"closed","template":"","meta":[],"product_brand":[],"product_cat":[166,132],"product_tag":[],"class_list":{"0":"post-7109","1":"product","2":"type-product","3":"status-publish","4":"has-post-thumbnail","6":"product_cat-cockhalfter","7":"product_cat-dungeon","8":"product_shipping_class-brief","10":"first","11":"instock","12":"taxable","13":"shipping-taxable","14":"purchasable","15":"product-type-variable"},"_links":{"self":[{"href":"https:\/\/www.hml-fetish.de\/shop\/wp-json\/wp\/v2\/product\/7109","targetHints":{"allow":["GET"]}}],"collection":[{"href":"https:\/\/www.hml-fetish.de\/shop\/wp-json\/wp\/v2\/product"}],"about":[{"href":"https:\/\/www.hml-fetish.de\/shop\/wp-json\/wp\/v2\/types\/product"}],"replies":[{"embeddable":true,"href":"https:\/\/www.hml-fetish.de\/shop\/wp-json\/wp\/v2\/comments?post=7109"}],"version-history":[{"count":0,"href":"https:\/\/www.hml-fetish.de\/shop\/wp-json\/wp\/v2\/product\/7109\/revisions"}],"wp:featuredmedia":[{"embeddable":true,"href":"https:\/\/www.hml-fetish.de\/shop\/wp-json\/wp\/v2\/media\/14144"}],"wp:attachment":[{"href":"https:\/\/www.hml-fetish.de\/shop\/wp-json\/wp\/v2\/media?parent=7109"}],"wp:term":[{"taxonomy":"product_brand","embeddable":true,"href":"https:\/\/www.hml-fetish.de\/shop\/wp-json\/wp\/v2\/product_brand?post=7109"},{"taxonomy":"product_cat","embeddable":true,"href":"https:\/\/www.hml-fetish.de\/shop\/wp-json\/wp\/v2\/product_cat?post=7109"},{"taxonomy":"product_tag","embeddable":true,"href":"https:\/\/www.hml-fetish.de\/shop\/wp-json\/wp\/v2\/product_tag?post=7109"}],"curies":[{"name":"wp","href":"https:\/\/api.w.org\/{rel}","templated":true}]}}