{"id":7104,"date":"2022-01-23T22:54:10","date_gmt":"2022-01-23T21:54:10","guid":{"rendered":"https:\/\/www.hml-fetish.de\/shop\/?post_type=product&#038;p=7104"},"modified":"2024-03-15T04:50:50","modified_gmt":"2024-03-15T03:50:50","slug":"doppel-ballstretcher","status":"publish","type":"product","link":"https:\/\/www.hml-fetish.de\/shop\/doppel-ballstretcher\/","title":{"rendered":"Doppel-Ballstretcher"},"content":{"rendered":"<p>An ein etwa 20 mm breites Leder Cockband sind zwei schmalere Hodenteiler B\u00e4nder angearbeitet. Die k\u00f6nnen nach unten \u00fcberkreuz oder parallel gekn\u00f6pft werden. Das Teil sitzt doch recht eng, wird also bei gr\u00f6\u00dferen Eiern schnell unbequem. Aber das genau ist ja auch Sinn der Sache. Oder bist Du etwa Du nur zu Deinem Vergn\u00fcgen hier?<\/p>\n","protected":false},"excerpt":{"rendered":"<h4>Doppel-Ballstretcher<\/h4>\n<p>An ein etwa 20 mm breites Leder-Cockband sind zwei schmalere Hodenteiler B\u00e4nder angearbeitet. Die k\u00f6nnen nach unten \u00fcberkreuz oder parallel gekn\u00f6pft werden. Das Teil sitzt doch recht eng, wird also bei gr\u00f6\u00dferen Eiern schnell unbequem. Aber das genau ist ja auch Sinn der Sache. Oder bist Du etwa Du nur zu Deinem Vergn\u00fcgen hier?<\/p>\n","protected":false},"featured_media":14254,"comment_status":"open","ping_status":"closed","template":"","meta":[],"product_brand":[],"product_cat":[166,130],"product_tag":[],"class_list":{"0":"post-7104","1":"product","2":"type-product","3":"status-publish","4":"has-post-thumbnail","6":"product_cat-cockhalfter","7":"product_cat-cbt","8":"product_shipping_class-brief","10":"first","11":"instock","12":"taxable","13":"shipping-taxable","14":"purchasable","15":"product-type-simple"},"_links":{"self":[{"href":"https:\/\/www.hml-fetish.de\/shop\/wp-json\/wp\/v2\/product\/7104","targetHints":{"allow":["GET"]}}],"collection":[{"href":"https:\/\/www.hml-fetish.de\/shop\/wp-json\/wp\/v2\/product"}],"about":[{"href":"https:\/\/www.hml-fetish.de\/shop\/wp-json\/wp\/v2\/types\/product"}],"replies":[{"embeddable":true,"href":"https:\/\/www.hml-fetish.de\/shop\/wp-json\/wp\/v2\/comments?post=7104"}],"version-history":[{"count":0,"href":"https:\/\/www.hml-fetish.de\/shop\/wp-json\/wp\/v2\/product\/7104\/revisions"}],"wp:featuredmedia":[{"embeddable":true,"href":"https:\/\/www.hml-fetish.de\/shop\/wp-json\/wp\/v2\/media\/14254"}],"wp:attachment":[{"href":"https:\/\/www.hml-fetish.de\/shop\/wp-json\/wp\/v2\/media?parent=7104"}],"wp:term":[{"taxonomy":"product_brand","embeddable":true,"href":"https:\/\/www.hml-fetish.de\/shop\/wp-json\/wp\/v2\/product_brand?post=7104"},{"taxonomy":"product_cat","embeddable":true,"href":"https:\/\/www.hml-fetish.de\/shop\/wp-json\/wp\/v2\/product_cat?post=7104"},{"taxonomy":"product_tag","embeddable":true,"href":"https:\/\/www.hml-fetish.de\/shop\/wp-json\/wp\/v2\/product_tag?post=7104"}],"curies":[{"name":"wp","href":"https:\/\/api.w.org\/{rel}","templated":true}]}}