{"id":7101,"date":"2022-01-23T22:54:09","date_gmt":"2022-01-23T21:54:09","guid":{"rendered":"https:\/\/www.hml-fetish.de\/shop\/?post_type=product&#038;p=7101"},"modified":"2026-03-15T11:00:09","modified_gmt":"2026-03-15T10:00:09","slug":"leder-doppel-cockband","status":"publish","type":"product","link":"https:\/\/www.hml-fetish.de\/shop\/leder-doppel-cockband\/","title":{"rendered":"Leder-Doppel-Cockband"},"content":{"rendered":"<p>Zwei Lederb\u00e4nder, fest miteinander verbunden. Jedes etwa 2 cm breit. Nicht aus G\u00fcrtelleder geschnittene Streifen, sondern aus zwei Lagen Bekleidungsleder gefertigt, darum besonders haltbar, feuchtigkeitsunempfindlich und mit einem soften Tragegef\u00fchl ohne scharfe Kanten. Das Leder-Doppel-Cockband ist einstellbar mit gro\u00dfen Druckkn\u00f6pfen: Das gr\u00f6\u00dfere Band auf 45 mm, 50 mm oder 55 mm Durchmesser und das kleinere auf 35 mm oder 40 mm.<\/p>\n","protected":false},"excerpt":{"rendered":"<h4>Leder-Doppel-Cockband<\/h4>\n<p>Zwei Lederb\u00e4nder, fest miteinander verbunden. Jedes etwa 2 cm breit. Nicht aus G\u00fcrtelleder geschnittene Streifen, sondern aus zwei Lagen Bekleidungsleder gefertigt, darum besonders haltbar, feuchtigkeitsunempfindlich und mit einem soften Tragegef\u00fchl ohne scharfe Kanten. Einstellbar mit gro\u00dfen Druckkn\u00f6pfen: Das gr\u00f6\u00dfere Band auf 45 mm, 50 mm oder 55 mm Durchmesser und das kleinere auf 35 mm oder 40 mm.<\/p>\n","protected":false},"featured_media":14300,"comment_status":"open","ping_status":"closed","template":"","meta":[],"product_brand":[],"product_cat":[165,95,166],"product_tag":[],"class_list":{"0":"post-7101","1":"product","2":"type-product","3":"status-publish","4":"has-post-thumbnail","6":"product_cat-cockbaender","7":"product_cat-bestseller","8":"product_cat-cockhalfter","9":"product_shipping_class-brief","11":"first","12":"instock","13":"taxable","14":"shipping-taxable","15":"purchasable","16":"product-type-simple"},"_links":{"self":[{"href":"https:\/\/www.hml-fetish.de\/shop\/wp-json\/wp\/v2\/product\/7101","targetHints":{"allow":["GET"]}}],"collection":[{"href":"https:\/\/www.hml-fetish.de\/shop\/wp-json\/wp\/v2\/product"}],"about":[{"href":"https:\/\/www.hml-fetish.de\/shop\/wp-json\/wp\/v2\/types\/product"}],"replies":[{"embeddable":true,"href":"https:\/\/www.hml-fetish.de\/shop\/wp-json\/wp\/v2\/comments?post=7101"}],"version-history":[{"count":0,"href":"https:\/\/www.hml-fetish.de\/shop\/wp-json\/wp\/v2\/product\/7101\/revisions"}],"wp:featuredmedia":[{"embeddable":true,"href":"https:\/\/www.hml-fetish.de\/shop\/wp-json\/wp\/v2\/media\/14300"}],"wp:attachment":[{"href":"https:\/\/www.hml-fetish.de\/shop\/wp-json\/wp\/v2\/media?parent=7101"}],"wp:term":[{"taxonomy":"product_brand","embeddable":true,"href":"https:\/\/www.hml-fetish.de\/shop\/wp-json\/wp\/v2\/product_brand?post=7101"},{"taxonomy":"product_cat","embeddable":true,"href":"https:\/\/www.hml-fetish.de\/shop\/wp-json\/wp\/v2\/product_cat?post=7101"},{"taxonomy":"product_tag","embeddable":true,"href":"https:\/\/www.hml-fetish.de\/shop\/wp-json\/wp\/v2\/product_tag?post=7101"}],"curies":[{"name":"wp","href":"https:\/\/api.w.org\/{rel}","templated":true}]}}