{"id":7100,"date":"2022-01-23T22:54:09","date_gmt":"2022-01-23T21:54:09","guid":{"rendered":"https:\/\/www.hml-fetish.de\/shop\/?post_type=product&#038;p=7100"},"modified":"2022-06-17T22:59:40","modified_gmt":"2022-06-17T20:59:40","slug":"elektro-doppel-cockband","status":"publish","type":"product","link":"https:\/\/www.hml-fetish.de\/shop\/elektro-doppel-cockband\/","title":{"rendered":"Elektro-Doppel-Cockband"},"content":{"rendered":"<p>In dieses feine Teil sind bereits Pol und Gegenpol eingearbeitet. Wenn Dein Partner Dir die Augen verbindet, dann vorsichtig dieses geile Teil anlegt, Dich hochwichst und dann an den Reglern spielt, wirst Du Dir w\u00fcnschen, er w\u00fcrde niemals damit aufh\u00f6ren. Besonders gut kann er Dich aus der Reserve locken, wenn er Elektro Cum Control mit Dir macht und Dich nicht abspritzen l\u00e4\u00dft!<\/p>\n<p>Dieses Ger\u00e4t ben\u00f6tigt f\u00fcr die Stromversorgung ein passendes Reizstromger\u00e4t und ein Verbindungskabel-Set. Beide sind nicht im Preis enthalten!<\/p>\n","protected":false},"excerpt":{"rendered":"<h4>Elektro-Doppel-Cockband<\/h4>\n<p>In dieses feine Teil sind bereits Pol und Gegenpol eingearbeitet. Wenn Dein Partner Dir die Augen verbindet, dann vorsichtig dieses geile Teil anlegt, Dich hochwichst und dann an den Reglern spielt, wirst Du Dir w\u00fcnschen, er w\u00fcrde niemals damit aufh\u00f6ren.<\/p>\n","protected":false},"featured_media":14317,"comment_status":"open","ping_status":"closed","template":"","meta":[],"product_brand":[],"product_cat":[133,165],"product_tag":[],"class_list":{"0":"post-7100","1":"product","2":"type-product","3":"status-publish","4":"has-post-thumbnail","6":"product_cat-elektro","7":"product_cat-cockbaender","8":"product_shipping_class-brief","10":"first","11":"instock","12":"taxable","13":"shipping-taxable","14":"purchasable","15":"product-type-simple"},"_links":{"self":[{"href":"https:\/\/www.hml-fetish.de\/shop\/wp-json\/wp\/v2\/product\/7100","targetHints":{"allow":["GET"]}}],"collection":[{"href":"https:\/\/www.hml-fetish.de\/shop\/wp-json\/wp\/v2\/product"}],"about":[{"href":"https:\/\/www.hml-fetish.de\/shop\/wp-json\/wp\/v2\/types\/product"}],"replies":[{"embeddable":true,"href":"https:\/\/www.hml-fetish.de\/shop\/wp-json\/wp\/v2\/comments?post=7100"}],"version-history":[{"count":0,"href":"https:\/\/www.hml-fetish.de\/shop\/wp-json\/wp\/v2\/product\/7100\/revisions"}],"wp:featuredmedia":[{"embeddable":true,"href":"https:\/\/www.hml-fetish.de\/shop\/wp-json\/wp\/v2\/media\/14317"}],"wp:attachment":[{"href":"https:\/\/www.hml-fetish.de\/shop\/wp-json\/wp\/v2\/media?parent=7100"}],"wp:term":[{"taxonomy":"product_brand","embeddable":true,"href":"https:\/\/www.hml-fetish.de\/shop\/wp-json\/wp\/v2\/product_brand?post=7100"},{"taxonomy":"product_cat","embeddable":true,"href":"https:\/\/www.hml-fetish.de\/shop\/wp-json\/wp\/v2\/product_cat?post=7100"},{"taxonomy":"product_tag","embeddable":true,"href":"https:\/\/www.hml-fetish.de\/shop\/wp-json\/wp\/v2\/product_tag?post=7100"}],"curies":[{"name":"wp","href":"https:\/\/api.w.org\/{rel}","templated":true}]}}