{"id":7097,"date":"2022-01-23T22:53:49","date_gmt":"2022-01-23T21:53:49","guid":{"rendered":"https:\/\/www.hml-fetish.de\/shop\/?post_type=product&#038;p=7097"},"modified":"2024-06-07T21:38:52","modified_gmt":"2024-06-07T19:38:52","slug":"leder-cockband-mit-lochoesen","status":"publish","type":"product","link":"https:\/\/www.hml-fetish.de\/shop\/leder-cockband-mit-lochoesen\/","title":{"rendered":"Leder Cockband mit Loch\u00f6sen"},"content":{"rendered":"<p>Dieses Cockband ist etwa 20 mm breit. Zum Verschlie\u00dfen hat es starke Druckkn\u00f6pfe und ist damit einstellbar auf die Durchmesser von ca. 45 mm und 50 mm. Es besitzt eine Reihe nietenverst\u00e4rkter L\u00f6cher. Das sieht nicht nur gut aus, Du kannst auch Schn\u00fcre daran befestigen.<\/p>\n","protected":false},"excerpt":{"rendered":"<h4>Leder Cockband mit Loch\u00f6sen<\/h4>\n<p>Dieses Cockband ist etwa 20 mm breit. Zum Verschlie\u00dfen hat es starke Druckkn\u00f6pfe und ist damit einstellbar auf die Durchmesser von ca. 45 mm und 50 mm. Es hat eine Reihe nietenverst\u00e4rkter L\u00f6cher, einfach nur f\u00fcr die Optik oder f\u00fcr weitere Verwendungen.<\/p>\n","protected":false},"featured_media":14385,"comment_status":"open","ping_status":"closed","template":"","meta":[],"product_brand":[],"product_cat":[165,152,137],"product_tag":[4398],"class_list":{"0":"post-7097","1":"product","2":"type-product","3":"status-publish","4":"has-post-thumbnail","6":"product_cat-cockbaender","7":"product_cat-armbaender","8":"product_cat-bondage","9":"product_tag-hml-fetish-original","10":"product_shipping_class-brief","12":"first","13":"instock","14":"taxable","15":"shipping-taxable","16":"purchasable","17":"product-type-simple"},"_links":{"self":[{"href":"https:\/\/www.hml-fetish.de\/shop\/wp-json\/wp\/v2\/product\/7097","targetHints":{"allow":["GET"]}}],"collection":[{"href":"https:\/\/www.hml-fetish.de\/shop\/wp-json\/wp\/v2\/product"}],"about":[{"href":"https:\/\/www.hml-fetish.de\/shop\/wp-json\/wp\/v2\/types\/product"}],"replies":[{"embeddable":true,"href":"https:\/\/www.hml-fetish.de\/shop\/wp-json\/wp\/v2\/comments?post=7097"}],"version-history":[{"count":0,"href":"https:\/\/www.hml-fetish.de\/shop\/wp-json\/wp\/v2\/product\/7097\/revisions"}],"wp:featuredmedia":[{"embeddable":true,"href":"https:\/\/www.hml-fetish.de\/shop\/wp-json\/wp\/v2\/media\/14385"}],"wp:attachment":[{"href":"https:\/\/www.hml-fetish.de\/shop\/wp-json\/wp\/v2\/media?parent=7097"}],"wp:term":[{"taxonomy":"product_brand","embeddable":true,"href":"https:\/\/www.hml-fetish.de\/shop\/wp-json\/wp\/v2\/product_brand?post=7097"},{"taxonomy":"product_cat","embeddable":true,"href":"https:\/\/www.hml-fetish.de\/shop\/wp-json\/wp\/v2\/product_cat?post=7097"},{"taxonomy":"product_tag","embeddable":true,"href":"https:\/\/www.hml-fetish.de\/shop\/wp-json\/wp\/v2\/product_tag?post=7097"}],"curies":[{"name":"wp","href":"https:\/\/api.w.org\/{rel}","templated":true}]}}