{"id":7095,"date":"2022-01-23T22:53:49","date_gmt":"2022-01-23T21:53:49","guid":{"rendered":"https:\/\/www.hml-fetish.de\/shop\/?post_type=product&#038;p=7095"},"modified":"2025-12-24T12:42:48","modified_gmt":"2025-12-24T11:42:48","slug":"leder-dornen-cockband","status":"publish","type":"product","link":"https:\/\/www.hml-fetish.de\/shop\/leder-dornen-cockband\/","title":{"rendered":"Leder Dornen-Cockband"},"content":{"rendered":"<p>Au\u00dfen schlicht &#8211; aber Vorsicht: das Ding ist innen mit Dornen besetzt. Etwa 24 mm breit. Auch bei der langweiligsten B\u00fcroarbeit h\u00e4lt dich das spitze Ding garantiert wach.<\/p>\n<p>Zur Beruhigung f\u00fcr zart Besaitete: Die Haut um Schwanz und Sack ist zu dick, als da\u00df die Dornen zu ernsthaften Verletzungen f\u00fchren k\u00f6nnten. Sie bringen sich nur bei jeder Bewegung in Erinnerung\u2026<\/p>\n","protected":false},"excerpt":{"rendered":"<h4>Leder Dornen-Cockband<\/h4>\n<p>Au\u00dfen schlicht &#8211; aber Vorsicht: das Ding ist innen mit Dornen besetzt. Etwa 24 mm breit. Auch bei der langweiligsten B\u00fcroarbeit h\u00e4lt dich das spitze Ding garantiert wach.<\/p>\n","protected":false},"featured_media":14414,"comment_status":"open","ping_status":"closed","template":"","meta":[],"product_brand":[],"product_cat":[165,130,142],"product_tag":[4398],"class_list":{"0":"post-7095","1":"product","2":"type-product","3":"status-publish","4":"has-post-thumbnail","6":"product_cat-cockbaender","7":"product_cat-cbt","8":"product_cat-keuschheit","9":"product_tag-hml-fetish-original","10":"product_shipping_class-brief","12":"first","13":"instock","14":"taxable","15":"shipping-taxable","16":"purchasable","17":"product-type-simple"},"_links":{"self":[{"href":"https:\/\/www.hml-fetish.de\/shop\/wp-json\/wp\/v2\/product\/7095","targetHints":{"allow":["GET"]}}],"collection":[{"href":"https:\/\/www.hml-fetish.de\/shop\/wp-json\/wp\/v2\/product"}],"about":[{"href":"https:\/\/www.hml-fetish.de\/shop\/wp-json\/wp\/v2\/types\/product"}],"replies":[{"embeddable":true,"href":"https:\/\/www.hml-fetish.de\/shop\/wp-json\/wp\/v2\/comments?post=7095"}],"version-history":[{"count":0,"href":"https:\/\/www.hml-fetish.de\/shop\/wp-json\/wp\/v2\/product\/7095\/revisions"}],"wp:featuredmedia":[{"embeddable":true,"href":"https:\/\/www.hml-fetish.de\/shop\/wp-json\/wp\/v2\/media\/14414"}],"wp:attachment":[{"href":"https:\/\/www.hml-fetish.de\/shop\/wp-json\/wp\/v2\/media?parent=7095"}],"wp:term":[{"taxonomy":"product_brand","embeddable":true,"href":"https:\/\/www.hml-fetish.de\/shop\/wp-json\/wp\/v2\/product_brand?post=7095"},{"taxonomy":"product_cat","embeddable":true,"href":"https:\/\/www.hml-fetish.de\/shop\/wp-json\/wp\/v2\/product_cat?post=7095"},{"taxonomy":"product_tag","embeddable":true,"href":"https:\/\/www.hml-fetish.de\/shop\/wp-json\/wp\/v2\/product_tag?post=7095"}],"curies":[{"name":"wp","href":"https:\/\/api.w.org\/{rel}","templated":true}]}}