{"id":7094,"date":"2022-01-23T22:53:48","date_gmt":"2022-01-23T21:53:48","guid":{"rendered":"https:\/\/www.hml-fetish.de\/shop\/?post_type=product&#038;p=7094"},"modified":"2025-01-23T18:27:06","modified_gmt":"2025-01-23T17:27:06","slug":"dornen-cock-und-ballband","status":"publish","type":"product","link":"https:\/\/www.hml-fetish.de\/shop\/dornen-cock-und-ballband\/","title":{"rendered":"Dornen-Cock-und-Ballband"},"content":{"rendered":"<p><P>Drei miteinander fest vernietete B\u00e4nder, je eines f\u00fcr Schwanzwurzel, Schwanz und Sack, ergeben dieses kleine und sehr wirksame Ger\u00e4t. Du kannst es mit Druckkn\u00f6pfen verschlie\u00dfen und verstellen. Der Clou: alle drei B\u00e4nder sind innen mit spitzen Dornen besetzt. Deinen n\u00e4chsten Einkauf im Supermarkt wirst Du sicher nachhaltig in Erinnerung behalten, wenn Du dieses fiese, kleine Ding tr\u00e4gst.<\/P><br \/>\n<P>Zur Beruhigung f\u00fcr zart Besaitete: Die Haut um Schwanz und Sack ist zu dick, als da\u00df die Dornen zu ernsthaften Verletzungen f\u00fchren k\u00f6nnten. Das Dornen-Cock-und-Ballband bringt sich nur bei jeder Bewegung in Erinnerung\u2026<\/P><\/p>\n","protected":false},"excerpt":{"rendered":"<h4>Dornen-Cock-und-Ballband<\/h4>\n<p>Drei miteinander fest vernietete B\u00e4nder, je eines f\u00fcr Schwanzwurzel, Schwanz und Sack, ergeben dieses kleine und sehr wirksame Ger\u00e4t. Du kannst es mit Druckkn\u00f6pfen verschlie\u00dfen und verstellen. Der Clou: alle drei B\u00e4nder sind innen mit spitzen Dornen besetzt. Deinen n\u00e4chsten Einkauf im Supermarkt wirst Du sicher nachhaltig in Erinnerung behalten, wenn Du dieses fiese, kleine Ding tr\u00e4gst.<\/p>\n","protected":false},"featured_media":14432,"comment_status":"open","ping_status":"closed","template":"","meta":[],"product_brand":[],"product_cat":[166,130,132],"product_tag":[4398],"class_list":{"0":"post-7094","1":"product","2":"type-product","3":"status-publish","4":"has-post-thumbnail","6":"product_cat-cockhalfter","7":"product_cat-cbt","8":"product_cat-dungeon","9":"product_tag-hml-fetish-original","10":"product_shipping_class-brief","12":"first","13":"instock","14":"taxable","15":"shipping-taxable","16":"purchasable","17":"product-type-simple"},"_links":{"self":[{"href":"https:\/\/www.hml-fetish.de\/shop\/wp-json\/wp\/v2\/product\/7094","targetHints":{"allow":["GET"]}}],"collection":[{"href":"https:\/\/www.hml-fetish.de\/shop\/wp-json\/wp\/v2\/product"}],"about":[{"href":"https:\/\/www.hml-fetish.de\/shop\/wp-json\/wp\/v2\/types\/product"}],"replies":[{"embeddable":true,"href":"https:\/\/www.hml-fetish.de\/shop\/wp-json\/wp\/v2\/comments?post=7094"}],"version-history":[{"count":0,"href":"https:\/\/www.hml-fetish.de\/shop\/wp-json\/wp\/v2\/product\/7094\/revisions"}],"wp:featuredmedia":[{"embeddable":true,"href":"https:\/\/www.hml-fetish.de\/shop\/wp-json\/wp\/v2\/media\/14432"}],"wp:attachment":[{"href":"https:\/\/www.hml-fetish.de\/shop\/wp-json\/wp\/v2\/media?parent=7094"}],"wp:term":[{"taxonomy":"product_brand","embeddable":true,"href":"https:\/\/www.hml-fetish.de\/shop\/wp-json\/wp\/v2\/product_brand?post=7094"},{"taxonomy":"product_cat","embeddable":true,"href":"https:\/\/www.hml-fetish.de\/shop\/wp-json\/wp\/v2\/product_cat?post=7094"},{"taxonomy":"product_tag","embeddable":true,"href":"https:\/\/www.hml-fetish.de\/shop\/wp-json\/wp\/v2\/product_tag?post=7094"}],"curies":[{"name":"wp","href":"https:\/\/api.w.org\/{rel}","templated":true}]}}