{"id":7093,"date":"2022-01-23T22:53:48","date_gmt":"2022-01-23T21:53:48","guid":{"rendered":"https:\/\/www.hml-fetish.de\/shop\/?post_type=product&#038;p=7093"},"modified":"2022-03-04T17:58:39","modified_gmt":"2022-03-04T16:58:39","slug":"elektro-leder-cockband-zweipolig","status":"publish","type":"product","link":"https:\/\/www.hml-fetish.de\/shop\/elektro-leder-cockband-zweipolig\/","title":{"rendered":"Elektro-Leder-Cockband zweipolig"},"content":{"rendered":"<p>Ein elektrisierendes Cockband f\u00fcr unseren Elektro-Impulsgenerator. F\u00fcr kribbelnde Reizstrom-Spiele. Nur noch das Cockband an das Reizstromger\u00e4t anschlie\u00dfen. Diese Version kommt als glattes schwarzes Leder-Cockband ohne Ziernieten. Dieses Ger\u00e4t ben\u00f6tigt f\u00fcr die Stromversorgung ein Reizstromger\u00e4t und ein passendes Verbindungskabel-Set mit Bananensteckern. Beide sind nicht im Preis enthalten!<\/p>\n","protected":false},"excerpt":{"rendered":"<h4>Elektro-Leder-Cockband zweipolig<\/h4>\n<p>Ein elektrisierendes Cockband f\u00fcr unseren Elektro-Impulsgenerator. F\u00fcr kribbelnde Reizstrom-Spiele. Nur noch das Cockband an das Reizstromger\u00e4t anschlie\u00dfen. Diese Version kommt als glattes schwarzes Leder-Cockband ohne Ziernieten. Dieses Ger\u00e4t ben\u00f6tigt f\u00fcr die Stromversorgung ein Reizstromger\u00e4t und ein passendes Verbindungskabel-Set mit Bananensteckern. Beide sind nicht im Preis enthalten!<\/p>\n","protected":false},"featured_media":14441,"comment_status":"open","ping_status":"closed","template":"","meta":[],"product_brand":[],"product_cat":[165,133],"product_tag":[],"class_list":{"0":"post-7093","1":"product","2":"type-product","3":"status-publish","4":"has-post-thumbnail","6":"product_cat-cockbaender","7":"product_cat-elektro","8":"product_shipping_class-brief","10":"first","11":"instock","12":"taxable","13":"shipping-taxable","14":"purchasable","15":"product-type-simple"},"_links":{"self":[{"href":"https:\/\/www.hml-fetish.de\/shop\/wp-json\/wp\/v2\/product\/7093","targetHints":{"allow":["GET"]}}],"collection":[{"href":"https:\/\/www.hml-fetish.de\/shop\/wp-json\/wp\/v2\/product"}],"about":[{"href":"https:\/\/www.hml-fetish.de\/shop\/wp-json\/wp\/v2\/types\/product"}],"replies":[{"embeddable":true,"href":"https:\/\/www.hml-fetish.de\/shop\/wp-json\/wp\/v2\/comments?post=7093"}],"version-history":[{"count":0,"href":"https:\/\/www.hml-fetish.de\/shop\/wp-json\/wp\/v2\/product\/7093\/revisions"}],"wp:featuredmedia":[{"embeddable":true,"href":"https:\/\/www.hml-fetish.de\/shop\/wp-json\/wp\/v2\/media\/14441"}],"wp:attachment":[{"href":"https:\/\/www.hml-fetish.de\/shop\/wp-json\/wp\/v2\/media?parent=7093"}],"wp:term":[{"taxonomy":"product_brand","embeddable":true,"href":"https:\/\/www.hml-fetish.de\/shop\/wp-json\/wp\/v2\/product_brand?post=7093"},{"taxonomy":"product_cat","embeddable":true,"href":"https:\/\/www.hml-fetish.de\/shop\/wp-json\/wp\/v2\/product_cat?post=7093"},{"taxonomy":"product_tag","embeddable":true,"href":"https:\/\/www.hml-fetish.de\/shop\/wp-json\/wp\/v2\/product_tag?post=7093"}],"curies":[{"name":"wp","href":"https:\/\/api.w.org\/{rel}","templated":true}]}}