{"id":7092,"date":"2022-01-23T22:53:48","date_gmt":"2022-01-23T21:53:48","guid":{"rendered":"https:\/\/www.hml-fetish.de\/shop\/?post_type=product&#038;p=7092"},"modified":"2024-09-20T12:25:33","modified_gmt":"2024-09-20T10:25:33","slug":"leder-cockband","status":"publish","type":"product","link":"https:\/\/www.hml-fetish.de\/shop\/leder-cockband\/","title":{"rendered":"Leder-Cockband"},"content":{"rendered":"<p>Diese ca. 20 mm breiten Gurte, sind aus ganz durchgef\u00e4rbtem Rindleder, etwa 2,4 mm dick und mit gro\u00dfen Druckkn\u00f6pfen zur Gr\u00f6\u00dfenregulierung. Jeder einzelne ist mit schwarzem Garn am Rand abgesteppt. Insgesamt eine sehr langlebige Sache &#8211; und sehr g\u00fcnstig! Du bekommst unser Leder-Cockband in Schwarz und in den Code-Farben Rot, Blau, Gelb, Wei\u00df und Grau.<\/p>\n","protected":false},"excerpt":{"rendered":"<h4>Leder-Cockband<\/h4>\n<p>Diese ca. 20 mm breiten Gurte, sind aus ganz durchgef\u00e4rbtem Rindleder, etwa 2,4 mm dick und mit gro\u00dfen Druckkn\u00f6pfen zur Gr\u00f6\u00dfenregulierung. Jeder einzelne ist mit schwarzem Garn am Rand abgesteppt. Insgesamt eine sehr langlebige Sache &#8211; und sehr g\u00fcnstig! Erh\u00e4ltlich in Schwarz und in den Code-Farben Rot, Blau, Gelb, Wei\u00df und Grau.<\/p>\n","protected":false},"featured_media":14453,"comment_status":"open","ping_status":"closed","template":"","meta":[],"product_brand":[],"product_cat":[165,152,95,125,129],"product_tag":[4398],"class_list":{"0":"post-7092","1":"product","2":"type-product","3":"status-publish","4":"has-post-thumbnail","6":"product_cat-cockbaender","7":"product_cat-armbaender","8":"product_cat-bestseller","9":"product_cat-gay-pride","10":"product_cat-hanky-code","11":"product_tag-hml-fetish-original","12":"product_shipping_class-brief","14":"first","15":"instock","16":"taxable","17":"shipping-taxable","18":"purchasable","19":"product-type-variable"},"_links":{"self":[{"href":"https:\/\/www.hml-fetish.de\/shop\/wp-json\/wp\/v2\/product\/7092","targetHints":{"allow":["GET"]}}],"collection":[{"href":"https:\/\/www.hml-fetish.de\/shop\/wp-json\/wp\/v2\/product"}],"about":[{"href":"https:\/\/www.hml-fetish.de\/shop\/wp-json\/wp\/v2\/types\/product"}],"replies":[{"embeddable":true,"href":"https:\/\/www.hml-fetish.de\/shop\/wp-json\/wp\/v2\/comments?post=7092"}],"version-history":[{"count":0,"href":"https:\/\/www.hml-fetish.de\/shop\/wp-json\/wp\/v2\/product\/7092\/revisions"}],"wp:featuredmedia":[{"embeddable":true,"href":"https:\/\/www.hml-fetish.de\/shop\/wp-json\/wp\/v2\/media\/14453"}],"wp:attachment":[{"href":"https:\/\/www.hml-fetish.de\/shop\/wp-json\/wp\/v2\/media?parent=7092"}],"wp:term":[{"taxonomy":"product_brand","embeddable":true,"href":"https:\/\/www.hml-fetish.de\/shop\/wp-json\/wp\/v2\/product_brand?post=7092"},{"taxonomy":"product_cat","embeddable":true,"href":"https:\/\/www.hml-fetish.de\/shop\/wp-json\/wp\/v2\/product_cat?post=7092"},{"taxonomy":"product_tag","embeddable":true,"href":"https:\/\/www.hml-fetish.de\/shop\/wp-json\/wp\/v2\/product_tag?post=7092"}],"curies":[{"name":"wp","href":"https:\/\/api.w.org\/{rel}","templated":true}]}}