{"id":7091,"date":"2022-01-23T22:53:48","date_gmt":"2022-01-23T21:53:48","guid":{"rendered":"https:\/\/www.hml-fetish.de\/shop\/?post_type=product&#038;p=7091"},"modified":"2025-11-27T13:55:28","modified_gmt":"2025-11-27T12:55:28","slug":"plug-halter-set","status":"publish","type":"product","link":"https:\/\/www.hml-fetish.de\/shop\/plug-halter-set\/","title":{"rendered":"Plug-Halter-Set"},"content":{"rendered":"<p><P>Hast Du schon einmal dar\u00fcber nachgedacht, wie es sich anf\u00fchlt, gleichzeitig geil, aber dennoch hintenrum verschlossen zu sein? Was Du sp\u00fcrst, wenn Du so versiegelt im Home-Office sitzt, zur Arbeit gehst oder mit Freunden ein Konzert besuchst?<\/P><br \/>\n<P>Daf\u00fcr gibt es jetzt eine L\u00f6sung, n\u00e4mlich unser Plug-Halter-Set. Ein Plug Deiner Wahl f\u00fcllt Deinen Hintern. Gehalten wird er von einer raffinierten Konstruktion aus unserem Plug-Halter und dem Mini-String, unserer kleinsten Unterhose. Ihre Gurte halten gleichzeitig den Plug in Position und sind auf der anderen Seite mit einem Cockring um Deinen Schwanz verankert. Keusch zu bleiben kann verdammt schwierig werden, wenn Du die ganze Zeit einen Pfahl in Deinem Arsch sp\u00fcrst. Dann w\u00e4chst vorne die Latte wie von selbst.<\/P><br \/>\n<P>Willst Du diese Form geiler Hilflosigkeit sp\u00fcren? Dann kaufe unser Set aus einem <a href=\"https:\/\/www.hml-fetish.de\/shop\/harness-plug\/\">Plug<\/a> in Deiner Gr\u00f6\u00dfe, dem praktischen <a href=\"https:\/\/www.hml-fetish.de\/shop\/plug-halter\/\">Plug-Halter<\/a> (Leder) und einem <a href=\"https:\/\/www.hml-fetish.de\/shop\/mini-string\/\">Mini-String<\/a> (Leder) hier zusammen im Set. Die Leder-Teile produzieren wir selbst! Mehr mu\u00df man nicht unterhaben. Hier sparst Du au\u00dferdem richtig, denn die Summe der Einzelpreise liegt zwischen 112,70 Euro und 129,70 Euro.<\/P><br \/>\n<P>Bitte gib den gew\u00fcnschten Plug Durchmesser, den Innendurchmesser des Cockringes (wir empfehlen eine Nummer gr\u00f6\u00dfer, als Du sonst tr\u00e4gst!) sowie die Gr\u00f6\u00dfe des Mini-Strings an. Folgende Plug-Gr\u00f6\u00dfen haben wir am Lager:<BR><br \/>\n30 mm x 100 mm<BR><br \/>\n37 mm x 135 mm<BR><br \/>\n40 mm x 140 mm<BR><br \/>\n48 mm x 160 mm<BR><br \/>\n54 mm x 100 mm<\/P><br \/>\n<P><img decoding=\"async\" title=\"Gr\u00f6\u00dfentabelle\" src=\"\/GIF\/size_unisex_sp.gif\" alt=\"Gr\u00f6\u00dfentabelle\" width=\"114\" height=\"194\" border=\"0\" \/><\/P><\/p>\n","protected":false},"excerpt":{"rendered":"<h4>Plug-Halter-Set<\/h4>\n<p><P>Ein <a href=\"https:\/\/www.hml-fetish.de\/shop\/harness-plug\/\">Plug<\/a>, der praktische <a href=\"https:\/\/www.hml-fetish.de\/shop\/plug-halter\/\">Plug-Halter<\/a> (Leder) und ein <a href=\"https:\/\/www.hml-fetish.de\/shop\/mini-string\/\">Mini-String<\/a> (Leder) hier zusammen im Set. Die Leder-Teile produzieren wir selbst! Mehr mu\u00df man nicht unterhaben. Hier sparst Du richtig. F\u00fcr die Oper oder die n\u00e4chste Party.<\/P><\/p>\n","protected":false},"featured_media":14487,"comment_status":"open","ping_status":"closed","template":"","meta":[],"product_brand":[],"product_cat":[162,95,132,142,139,117],"product_tag":[4398],"class_list":{"0":"post-7091","1":"product","2":"type-product","3":"status-publish","4":"has-post-thumbnail","6":"product_cat-unterwaesche","7":"product_cat-bestseller","8":"product_cat-dungeon","9":"product_cat-keuschheit","10":"product_cat-plugs","11":"product_cat-slips-strings","12":"product_tag-hml-fetish-original","13":"product_shipping_class-paket","15":"first","16":"instock","17":"taxable","18":"shipping-taxable","19":"purchasable","20":"product-type-variable"},"_links":{"self":[{"href":"https:\/\/www.hml-fetish.de\/shop\/wp-json\/wp\/v2\/product\/7091","targetHints":{"allow":["GET"]}}],"collection":[{"href":"https:\/\/www.hml-fetish.de\/shop\/wp-json\/wp\/v2\/product"}],"about":[{"href":"https:\/\/www.hml-fetish.de\/shop\/wp-json\/wp\/v2\/types\/product"}],"replies":[{"embeddable":true,"href":"https:\/\/www.hml-fetish.de\/shop\/wp-json\/wp\/v2\/comments?post=7091"}],"version-history":[{"count":0,"href":"https:\/\/www.hml-fetish.de\/shop\/wp-json\/wp\/v2\/product\/7091\/revisions"}],"wp:featuredmedia":[{"embeddable":true,"href":"https:\/\/www.hml-fetish.de\/shop\/wp-json\/wp\/v2\/media\/14487"}],"wp:attachment":[{"href":"https:\/\/www.hml-fetish.de\/shop\/wp-json\/wp\/v2\/media?parent=7091"}],"wp:term":[{"taxonomy":"product_brand","embeddable":true,"href":"https:\/\/www.hml-fetish.de\/shop\/wp-json\/wp\/v2\/product_brand?post=7091"},{"taxonomy":"product_cat","embeddable":true,"href":"https:\/\/www.hml-fetish.de\/shop\/wp-json\/wp\/v2\/product_cat?post=7091"},{"taxonomy":"product_tag","embeddable":true,"href":"https:\/\/www.hml-fetish.de\/shop\/wp-json\/wp\/v2\/product_tag?post=7091"}],"curies":[{"name":"wp","href":"https:\/\/api.w.org\/{rel}","templated":true}]}}