{"id":7085,"date":"2022-01-23T22:53:46","date_gmt":"2022-01-23T21:53:46","guid":{"rendered":"https:\/\/www.hml-fetish.de\/shop\/?post_type=product&#038;p=7085"},"modified":"2024-05-23T12:06:05","modified_gmt":"2024-05-23T10:06:05","slug":"saug-dildo-82-mm","status":"publish","type":"product","link":"https:\/\/www.hml-fetish.de\/shop\/saug-dildo-82-mm\/","title":{"rendered":"Saug-Dildo 82 mm"},"content":{"rendered":"<p><P>Hier kommt eine neue Serie spezieller Dildos mit einem Saugfu\u00df. Er besteht aus PVC und ist frei von Phthalaten und Latex, geruchlos, ungiftig und leicht zu reinigen. Dieser Kerl hat das Zeug, Dein Gef\u00e4hrte f\u00fcr viele, viele Male zu werden. Er hat 82 mm Durchmesser und ist etwa 355 mm lang.<\/P><br \/>\n<P>Der Saugfu\u00df funktioniert bei gro\u00dfen Dildos aber allenfalls auf dem Fu\u00dfboden. Du solltest ihn nicht an die Wand kleben und erwarten, da\u00df er dort bleibt \ud83d\ude09<\/P><\/p>\n","protected":false},"excerpt":{"rendered":"<h4>Saug-Dildo 82 mm<\/h4>\n<p><P>Hier kommt eine neue Serie spezieller Dildos mit Saugfu\u00df. Er besteht aus PVC und ist frei von Phthalaten und Latex, geruchlos, ungiftig und leicht zu reinigen. Dieser Kerl hat das Zeug, Dein Gef\u00e4hrte f\u00fcr viele, viele Male zu werden. Er hat 82 mm Durchmesser und ist etwa 355 mm lang.<\/P><\/p>\n","protected":false},"featured_media":14903,"comment_status":"open","ping_status":"closed","template":"","meta":[],"product_brand":[],"product_cat":[131],"product_tag":[],"class_list":{"0":"post-7085","1":"product","2":"type-product","3":"status-publish","4":"has-post-thumbnail","6":"product_cat-dildos","7":"product_shipping_class-paket","9":"first","10":"instock","11":"taxable","12":"shipping-taxable","13":"purchasable","14":"product-type-simple"},"_links":{"self":[{"href":"https:\/\/www.hml-fetish.de\/shop\/wp-json\/wp\/v2\/product\/7085","targetHints":{"allow":["GET"]}}],"collection":[{"href":"https:\/\/www.hml-fetish.de\/shop\/wp-json\/wp\/v2\/product"}],"about":[{"href":"https:\/\/www.hml-fetish.de\/shop\/wp-json\/wp\/v2\/types\/product"}],"replies":[{"embeddable":true,"href":"https:\/\/www.hml-fetish.de\/shop\/wp-json\/wp\/v2\/comments?post=7085"}],"version-history":[{"count":0,"href":"https:\/\/www.hml-fetish.de\/shop\/wp-json\/wp\/v2\/product\/7085\/revisions"}],"wp:featuredmedia":[{"embeddable":true,"href":"https:\/\/www.hml-fetish.de\/shop\/wp-json\/wp\/v2\/media\/14903"}],"wp:attachment":[{"href":"https:\/\/www.hml-fetish.de\/shop\/wp-json\/wp\/v2\/media?parent=7085"}],"wp:term":[{"taxonomy":"product_brand","embeddable":true,"href":"https:\/\/www.hml-fetish.de\/shop\/wp-json\/wp\/v2\/product_brand?post=7085"},{"taxonomy":"product_cat","embeddable":true,"href":"https:\/\/www.hml-fetish.de\/shop\/wp-json\/wp\/v2\/product_cat?post=7085"},{"taxonomy":"product_tag","embeddable":true,"href":"https:\/\/www.hml-fetish.de\/shop\/wp-json\/wp\/v2\/product_tag?post=7085"}],"curies":[{"name":"wp","href":"https:\/\/api.w.org\/{rel}","templated":true}]}}