{"id":7082,"date":"2022-01-23T22:53:45","date_gmt":"2022-01-23T21:53:45","guid":{"rendered":"https:\/\/www.hml-fetish.de\/shop\/?post_type=product&#038;p=7082"},"modified":"2024-05-23T12:07:11","modified_gmt":"2024-05-23T10:07:11","slug":"saug-dildo-60-mm-3","status":"publish","type":"product","link":"https:\/\/www.hml-fetish.de\/shop\/saug-dildo-60-mm-3\/","title":{"rendered":"Saug-Dildo 60 mm"},"content":{"rendered":"<p><P>Hier kommt eine neue Serie spezieller Dildos mit einem Saugfu\u00df. Er besteht aus PVC und ist frei von Phthalaten und Latex, geruchlos, ungiftig und leicht zu reinigen. Dieser Kerl hat das Zeug, Dein Gef\u00e4hrte f\u00fcr viele, viele Male zu werden. Er hat 60 mm Durchmesser und ist etwa 280 mm lang.<\/p>\n<p>Der Saugfu\u00df funktioniert bei gro\u00dfen Dildos aber allenfalls auf dem Fu\u00dfboden. Du solltest ihn nicht an die Wand kleben und erwarten, da\u00df er dort bleibt \ud83d\ude09<\/p>\n","protected":false},"excerpt":{"rendered":"<h4>Saug-Dildo 60 mm<\/h4>\n<p><P>Hier kommt eine neue Serie spezieller Dildos mit Saugfu\u00df. Er besteht aus PVC und ist frei von Phthalaten und Latex, geruchlos, ungiftig und leicht zu reinigen. Dieser Kerl hat das Zeug, Dein Gef\u00e4hrte f\u00fcr viele, viele Male zu werden. Er hat 60 mm Durchmesser und ist etwa 280 mm lang.<\/p>\n","protected":false},"featured_media":14943,"comment_status":"open","ping_status":"closed","template":"","meta":[],"product_brand":[],"product_cat":[131,106],"product_tag":[],"class_list":{"0":"post-7082","1":"product","2":"type-product","3":"status-publish","4":"has-post-thumbnail","6":"product_cat-dildos","7":"product_cat-neu-bei-hml","8":"product_shipping_class-paket","10":"first","11":"instock","12":"taxable","13":"shipping-taxable","14":"purchasable","15":"product-type-simple"},"_links":{"self":[{"href":"https:\/\/www.hml-fetish.de\/shop\/wp-json\/wp\/v2\/product\/7082","targetHints":{"allow":["GET"]}}],"collection":[{"href":"https:\/\/www.hml-fetish.de\/shop\/wp-json\/wp\/v2\/product"}],"about":[{"href":"https:\/\/www.hml-fetish.de\/shop\/wp-json\/wp\/v2\/types\/product"}],"replies":[{"embeddable":true,"href":"https:\/\/www.hml-fetish.de\/shop\/wp-json\/wp\/v2\/comments?post=7082"}],"version-history":[{"count":0,"href":"https:\/\/www.hml-fetish.de\/shop\/wp-json\/wp\/v2\/product\/7082\/revisions"}],"wp:featuredmedia":[{"embeddable":true,"href":"https:\/\/www.hml-fetish.de\/shop\/wp-json\/wp\/v2\/media\/14943"}],"wp:attachment":[{"href":"https:\/\/www.hml-fetish.de\/shop\/wp-json\/wp\/v2\/media?parent=7082"}],"wp:term":[{"taxonomy":"product_brand","embeddable":true,"href":"https:\/\/www.hml-fetish.de\/shop\/wp-json\/wp\/v2\/product_brand?post=7082"},{"taxonomy":"product_cat","embeddable":true,"href":"https:\/\/www.hml-fetish.de\/shop\/wp-json\/wp\/v2\/product_cat?post=7082"},{"taxonomy":"product_tag","embeddable":true,"href":"https:\/\/www.hml-fetish.de\/shop\/wp-json\/wp\/v2\/product_tag?post=7082"}],"curies":[{"name":"wp","href":"https:\/\/api.w.org\/{rel}","templated":true}]}}