{"id":7072,"date":"2022-01-23T22:53:42","date_gmt":"2022-01-23T21:53:42","guid":{"rendered":"https:\/\/www.hml-fetish.de\/shop\/?post_type=product&#038;p=7072"},"modified":"2022-06-26T12:29:21","modified_gmt":"2022-06-26T10:29:21","slug":"hals-ruecken-fessel","status":"publish","type":"product","link":"https:\/\/www.hml-fetish.de\/shop\/hals-ruecken-fessel\/","title":{"rendered":"Hals-R\u00fccken-Fessel"},"content":{"rendered":"<p>Schlicht und wirksam. Diese Fessel-Kombination fertigen wir aus 40 mm breiten Gurten, aus je zwei Lagen belastbarem und formtreuen Rindleder, stabil zementiert, vern\u00e4ht und vernietet. Mit einem Stahlring im Genick und einem in H\u00fcfth\u00f6he. Der untere Ring bietet die M\u00f6glichkeit, die Hals-R\u00fccken-Fessel mit unseren Harnessen und mit vielen unserer Strings zu kombinieren &#8211; oder mit einem zus\u00e4tzlichen Schrittgurt, der vorne in einem Cockring m\u00fcndet (und 30 &euro; extra kostet). Gib bitte die gew\u00fcnschte Cockring-Gr\u00f6\u00dfe beim Auschecken Deiner Bestellung im Kommentarfeld an, sonst liefern wir 50 mm.!<\/p>\n","protected":false},"excerpt":{"rendered":"<h4>Hals-R\u00fccken-Fessel<\/h4>\n<p>Schlicht und wirksam. Diese Fessel-Kombination fertigen wir aus 40 mm breiten Gurten, von je zwei Lagen belastbarem und formtreuen Rindleder, stabil zementiert, vern\u00e4ht und vernietet. Mit einem Stahlring im Genick und einem in H\u00fcfth\u00f6he.<\/p>\n","protected":false},"featured_media":15068,"comment_status":"open","ping_status":"closed","template":"","meta":[],"product_brand":[],"product_cat":[163,95,137],"product_tag":[4398],"class_list":{"0":"post-7072","1":"product","2":"type-product","3":"status-publish","4":"has-post-thumbnail","6":"product_cat-lederfesseln","7":"product_cat-bestseller","8":"product_cat-bondage","9":"product_tag-hml-fetish-original","10":"product_shipping_class-paket","12":"first","13":"instock","14":"taxable","15":"shipping-taxable","16":"purchasable","17":"product-type-variable"},"_links":{"self":[{"href":"https:\/\/www.hml-fetish.de\/shop\/wp-json\/wp\/v2\/product\/7072","targetHints":{"allow":["GET"]}}],"collection":[{"href":"https:\/\/www.hml-fetish.de\/shop\/wp-json\/wp\/v2\/product"}],"about":[{"href":"https:\/\/www.hml-fetish.de\/shop\/wp-json\/wp\/v2\/types\/product"}],"replies":[{"embeddable":true,"href":"https:\/\/www.hml-fetish.de\/shop\/wp-json\/wp\/v2\/comments?post=7072"}],"version-history":[{"count":0,"href":"https:\/\/www.hml-fetish.de\/shop\/wp-json\/wp\/v2\/product\/7072\/revisions"}],"wp:featuredmedia":[{"embeddable":true,"href":"https:\/\/www.hml-fetish.de\/shop\/wp-json\/wp\/v2\/media\/15068"}],"wp:attachment":[{"href":"https:\/\/www.hml-fetish.de\/shop\/wp-json\/wp\/v2\/media?parent=7072"}],"wp:term":[{"taxonomy":"product_brand","embeddable":true,"href":"https:\/\/www.hml-fetish.de\/shop\/wp-json\/wp\/v2\/product_brand?post=7072"},{"taxonomy":"product_cat","embeddable":true,"href":"https:\/\/www.hml-fetish.de\/shop\/wp-json\/wp\/v2\/product_cat?post=7072"},{"taxonomy":"product_tag","embeddable":true,"href":"https:\/\/www.hml-fetish.de\/shop\/wp-json\/wp\/v2\/product_tag?post=7072"}],"curies":[{"name":"wp","href":"https:\/\/api.w.org\/{rel}","templated":true}]}}