{"id":7067,"date":"2022-01-23T22:53:22","date_gmt":"2022-01-23T21:53:22","guid":{"rendered":"https:\/\/www.hml-fetish.de\/shop\/?post_type=product&#038;p=7067"},"modified":"2025-10-26T09:18:47","modified_gmt":"2025-10-26T08:18:47","slug":"circular-barbells","status":"publish","type":"product","link":"https:\/\/www.hml-fetish.de\/shop\/circular-barbells\/","title":{"rendered":"Circular Barbells"},"content":{"rendered":"<p><P>Die offenen Piercing Ringe f\u00fcr einen Prinz Albert, oder wenn Du einen gr\u00f6\u00dferen Tittenring suchst. Medizinischer Edelstahl mit zwei Kugeln zum Schrauben. W\u00e4hle Deinen passenden aus diesen 14 Gr\u00f6\u00dfen:<\/P><br \/>\n<P>Wir haben sie mit einer Materialdicke von<br \/>\n<br \/>1,6 mm und 16 mm Ring(innen)durchmesser,<br \/>\n<br \/>2,0 mm mit 16 mm Ringdurchmesser,<br \/>\n<br \/>2,4 mm und mit 16 mm Ringdurchmesser,<br \/>\n<br \/>2,4 mm und 22 mm gro\u00dfem Ring<br \/>\n<br \/>3,2 mm und 16 mm Ringdurchmesser,<br \/>\n<br \/>3,2 mm und 19 mm Ringdurchmesser,<br \/>\n<br \/>4,0 mm und 19 mm Ringdurchmesser,<br \/>\n<br \/>5,0 mm und mit 19 mm Ringgr\u00f6\u00dfe,<br \/>\n<br \/>6,0 mm und 22 mm Ringdurchmesser,<br \/>\n<br \/>8,0 mm mit 22 mm Ringdurchmesser,<br \/>\n<br \/>8,0 mm und mit 25 mm Ringdurchmesser,<br \/>\n<br \/>sowie von 10,0 mm und 22 mm bzw. 25 mm Ring.<\/P><\/p>\n","protected":false},"excerpt":{"rendered":"<h4>Circular Barbells<\/h4>\n<p><P>Die offenen Piercing Ringe f\u00fcr einen Prinz Albert, oder wenn Du einen gr\u00f6\u00dferen Tittenring suchst. Medizinischer Edelstahl mit zwei Kugeln zum Schrauben. W\u00e4hle Deinen passenden aus 14 Gr\u00f6\u00dfen.<\/P><\/p>\n","protected":false},"featured_media":15160,"comment_status":"open","ping_status":"closed","template":"","meta":[],"product_brand":[],"product_cat":[168],"product_tag":[],"class_list":{"0":"post-7067","1":"product","2":"type-product","3":"status-publish","4":"has-post-thumbnail","6":"product_cat-piercing","7":"product_shipping_class-brief","9":"first","10":"instock","11":"taxable","12":"shipping-taxable","13":"purchasable","14":"product-type-variable"},"_links":{"self":[{"href":"https:\/\/www.hml-fetish.de\/shop\/wp-json\/wp\/v2\/product\/7067","targetHints":{"allow":["GET"]}}],"collection":[{"href":"https:\/\/www.hml-fetish.de\/shop\/wp-json\/wp\/v2\/product"}],"about":[{"href":"https:\/\/www.hml-fetish.de\/shop\/wp-json\/wp\/v2\/types\/product"}],"replies":[{"embeddable":true,"href":"https:\/\/www.hml-fetish.de\/shop\/wp-json\/wp\/v2\/comments?post=7067"}],"version-history":[{"count":0,"href":"https:\/\/www.hml-fetish.de\/shop\/wp-json\/wp\/v2\/product\/7067\/revisions"}],"wp:featuredmedia":[{"embeddable":true,"href":"https:\/\/www.hml-fetish.de\/shop\/wp-json\/wp\/v2\/media\/15160"}],"wp:attachment":[{"href":"https:\/\/www.hml-fetish.de\/shop\/wp-json\/wp\/v2\/media?parent=7067"}],"wp:term":[{"taxonomy":"product_brand","embeddable":true,"href":"https:\/\/www.hml-fetish.de\/shop\/wp-json\/wp\/v2\/product_brand?post=7067"},{"taxonomy":"product_cat","embeddable":true,"href":"https:\/\/www.hml-fetish.de\/shop\/wp-json\/wp\/v2\/product_cat?post=7067"},{"taxonomy":"product_tag","embeddable":true,"href":"https:\/\/www.hml-fetish.de\/shop\/wp-json\/wp\/v2\/product_tag?post=7067"}],"curies":[{"name":"wp","href":"https:\/\/api.w.org\/{rel}","templated":true}]}}