{"id":7062,"date":"2022-01-23T22:53:21","date_gmt":"2022-01-23T21:53:21","guid":{"rendered":"https:\/\/www.hml-fetish.de\/shop\/?post_type=product&#038;p=7062"},"modified":"2022-11-13T18:23:14","modified_gmt":"2022-11-13T17:23:14","slug":"vibrator-dilatator","status":"publish","type":"product","link":"https:\/\/www.hml-fetish.de\/shop\/vibrator-dilatator\/","title":{"rendered":"Vibrator Dilatator"},"content":{"rendered":"<p>Dieser Harnr\u00f6hren-Stab kann mehr: Sorgf\u00e4ltig gearbeiteter, medizinischer Edelstahl mit einem kleinen, aber agilen Vibrationsmotor. Desinfiziere ihn und f\u00fchre den Kopf des Dilatators sch\u00f6n langsam und mit reichlich Gleitmittel ein. Dann drehe den Verschlu\u00df des Batteriefaches langsam zu, bis der Kontakt geschlossen ist und geniesse die Show.<br \/>\n<BR>L\u00e4uft mit einer AAA-Zelle (beiliegend). Der Durchmesser betr\u00e4gt etwa 8 mm. Die L\u00e4nge des Stabes betr\u00e4gt 190 mm.<\/p>\n","protected":false},"excerpt":{"rendered":"<h4>Vibrator Dilatator<\/h4>\n<p>Dieser Harnr\u00f6hren Stab kann mehr: Sorgf\u00e4ltig gearbeiteter, medizinischer Edelstahl mit einem kleinen, aber agilen Vibrationsmotor. Desinfiziere ihn und f\u00fchre den Kopf des Dilatators sch\u00f6n langsam und mit reichlich Gleitmittel ein. Dann drehe den Verschlu\u00df des Batteriefaches langsam zu, bis der Kontakt geschlossen ist und geniesse die Show.<\/p>\n","protected":false},"featured_media":15361,"comment_status":"open","ping_status":"closed","template":"","meta":[],"product_brand":[],"product_cat":[130,132],"product_tag":[],"class_list":{"0":"post-7062","1":"product","2":"type-product","3":"status-publish","4":"has-post-thumbnail","6":"product_cat-cbt","7":"product_cat-dungeon","8":"product_shipping_class-brief","10":"first","11":"instock","12":"taxable","13":"shipping-taxable","14":"purchasable","15":"product-type-simple"},"_links":{"self":[{"href":"https:\/\/www.hml-fetish.de\/shop\/wp-json\/wp\/v2\/product\/7062","targetHints":{"allow":["GET"]}}],"collection":[{"href":"https:\/\/www.hml-fetish.de\/shop\/wp-json\/wp\/v2\/product"}],"about":[{"href":"https:\/\/www.hml-fetish.de\/shop\/wp-json\/wp\/v2\/types\/product"}],"replies":[{"embeddable":true,"href":"https:\/\/www.hml-fetish.de\/shop\/wp-json\/wp\/v2\/comments?post=7062"}],"version-history":[{"count":0,"href":"https:\/\/www.hml-fetish.de\/shop\/wp-json\/wp\/v2\/product\/7062\/revisions"}],"wp:featuredmedia":[{"embeddable":true,"href":"https:\/\/www.hml-fetish.de\/shop\/wp-json\/wp\/v2\/media\/15361"}],"wp:attachment":[{"href":"https:\/\/www.hml-fetish.de\/shop\/wp-json\/wp\/v2\/media?parent=7062"}],"wp:term":[{"taxonomy":"product_brand","embeddable":true,"href":"https:\/\/www.hml-fetish.de\/shop\/wp-json\/wp\/v2\/product_brand?post=7062"},{"taxonomy":"product_cat","embeddable":true,"href":"https:\/\/www.hml-fetish.de\/shop\/wp-json\/wp\/v2\/product_cat?post=7062"},{"taxonomy":"product_tag","embeddable":true,"href":"https:\/\/www.hml-fetish.de\/shop\/wp-json\/wp\/v2\/product_tag?post=7062"}],"curies":[{"name":"wp","href":"https:\/\/api.w.org\/{rel}","templated":true}]}}