{"id":7061,"date":"2022-01-23T22:53:20","date_gmt":"2022-01-23T21:53:20","guid":{"rendered":"https:\/\/www.hml-fetish.de\/shop\/?post_type=product&#038;p=7061"},"modified":"2023-05-22T20:42:45","modified_gmt":"2023-05-22T18:42:45","slug":"penis-plug","status":"publish","type":"product","link":"https:\/\/www.hml-fetish.de\/shop\/penis-plug\/","title":{"rendered":"Penis Plug"},"content":{"rendered":"<p>Dieser Harnr\u00f6hren-Plug setzt kein Piercing voraus, sondern wird \u00fcber einen Ring fixiert, der sich eng um die Basis Deiner Eichel legt. Der Plug ist 8 mm dick und 42 mm lang. Das Ganze ist aus hochgl\u00e4nzend poliertem, antiallergischem Edelstahl gedreht. Eine spannende Vorstellung, nur nach Erlaubnis pinkeln zu d\u00fcrfen, oder?<br \/>\n<BR>Verschiedene Eichelring-Gr\u00f6\u00dfen zwischen 25 mm und 32 mm erh\u00e4ltlich. Wenn man Dir das Teil anlegt und die Kugel vorsichtig und mit etwas Gleitmittel in die Harnr\u00f6hre einf\u00fchrt, wirst Du hinterher Deinen Abgang mit Dir selbst ausmachen m\u00fcssen\u2026<br \/>\n<BR><img decoding=\"async\" src=\"\/GIF\/size_ID.gif\" alt=\"Gr\u00f6\u00dfe = Innendurchmesser\" title=\"Gr\u00f6\u00dfe = Innendurchmesser\" border=\"0\" height=\"67\" width=\"183\"><\/p>\n","protected":false},"excerpt":{"rendered":"<h4>Penis Plug<\/h4>\n<p>Dieser Harnr\u00f6hren Plug setzt kein Piercing voraus, sondern wird \u00fcber einen Ring fixiert, der sich eng um die Basis Deiner Eichel legt. Der Plug ist 8 mm dick und 42 mm lang. Das Ganze ist aus hochgl\u00e4nzend poliertem, antiallergischem Edelstahl gedreht. Eine spannende Vorstellung, nur nach Erlaubnis pinkeln zu d\u00fcrfen, oder?<\/p>\n","protected":false},"featured_media":15380,"comment_status":"open","ping_status":"closed","template":"","meta":[],"product_brand":[],"product_cat":[130,168,105],"product_tag":[],"class_list":{"0":"post-7061","1":"product","2":"type-product","3":"status-publish","4":"has-post-thumbnail","6":"product_cat-cbt","7":"product_cat-piercing","8":"product_cat-sonderangebote","9":"product_shipping_class-brief","11":"first","12":"instock","13":"sale","14":"taxable","15":"shipping-taxable","16":"purchasable","17":"product-type-variable"},"_links":{"self":[{"href":"https:\/\/www.hml-fetish.de\/shop\/wp-json\/wp\/v2\/product\/7061","targetHints":{"allow":["GET"]}}],"collection":[{"href":"https:\/\/www.hml-fetish.de\/shop\/wp-json\/wp\/v2\/product"}],"about":[{"href":"https:\/\/www.hml-fetish.de\/shop\/wp-json\/wp\/v2\/types\/product"}],"replies":[{"embeddable":true,"href":"https:\/\/www.hml-fetish.de\/shop\/wp-json\/wp\/v2\/comments?post=7061"}],"version-history":[{"count":0,"href":"https:\/\/www.hml-fetish.de\/shop\/wp-json\/wp\/v2\/product\/7061\/revisions"}],"wp:featuredmedia":[{"embeddable":true,"href":"https:\/\/www.hml-fetish.de\/shop\/wp-json\/wp\/v2\/media\/15380"}],"wp:attachment":[{"href":"https:\/\/www.hml-fetish.de\/shop\/wp-json\/wp\/v2\/media?parent=7061"}],"wp:term":[{"taxonomy":"product_brand","embeddable":true,"href":"https:\/\/www.hml-fetish.de\/shop\/wp-json\/wp\/v2\/product_brand?post=7061"},{"taxonomy":"product_cat","embeddable":true,"href":"https:\/\/www.hml-fetish.de\/shop\/wp-json\/wp\/v2\/product_cat?post=7061"},{"taxonomy":"product_tag","embeddable":true,"href":"https:\/\/www.hml-fetish.de\/shop\/wp-json\/wp\/v2\/product_tag?post=7061"}],"curies":[{"name":"wp","href":"https:\/\/api.w.org\/{rel}","templated":true}]}}