{"id":7060,"date":"2022-01-23T22:53:20","date_gmt":"2022-01-23T21:53:20","guid":{"rendered":"https:\/\/www.hml-fetish.de\/shop\/?post_type=product&#038;p=7060"},"modified":"2025-12-27T11:09:05","modified_gmt":"2025-12-27T10:09:05","slug":"guerteltasche-klein","status":"publish","type":"product","link":"https:\/\/www.hml-fetish.de\/shop\/guerteltasche-klein\/","title":{"rendered":"G\u00fcrteltasche klein"},"content":{"rendered":"<p>Von uns neu erfunden: die Kleine Schwarze f\u00fcr unterwegs. Sehr kompakt, aber dennoch \u00fcberraschend ger\u00e4umig &#8211; von der Zigarettenschachtel \u00fcber Feuerzeug, Perso, Kondome und Gleitmittel bis hin zum Poppersfl\u00e4schchen pa\u00dft alles rein. Innen maximal etwa 150 mm x 100 mm x 40 mm gro\u00df, sofern Du f\u00fcr entsprechende F\u00fcllung sorgst. Ansonsten macht sie sich ganz flach an Deinem G\u00fcrtel. Eine robuste G\u00fcrteltasche aus knapp 2 mm dickem und gl\u00e4nzend glattem Nappaleder mit Knautschfalte aus Ro\u00dfnappa. Solide verarbeitet und sehr praktisch. Hinten mit einer Schlaufe f\u00fcr G\u00fcrtel bis 6 cm Breite.<br \/>\n<BR>Die G\u00fcrteltasche aus Leder gibt es wahlweise mit fest vern\u00e4hter G\u00fcrtelschlaufe oder mit Druckknopfschlaufe und einem losen eingeh\u00e4ngten Karabiner \u2013 besonders geil f\u00fcr die Halteschlaufe unserer Chaps!<\/p>\n","protected":false},"excerpt":{"rendered":"<h4>G\u00fcrteltasche klein<\/h4>\n<p>Von uns neu erfunden: die Kleine Schwarze f\u00fcr unterwegs. Sehr kompakt, aber dennoch \u00fcberraschend ger\u00e4umig &#8211; von der Zigarettenschachtel \u00fcber Feuerzeug, Perso, Kondome und Gleitmittel bis hin zum Poppersfl\u00e4schchen pa\u00dft alles rein. Innen maximal etwa 150 mm x 100 mm x 40 mm gro\u00df, sofern Du f\u00fcr entsprechende F\u00fcllung sorgst. Ansonsten macht sie sich ganz flach an Deinem G\u00fcrtel. Eine robuste G\u00fcrteltasche aus knapp 2 mm dickem und gl\u00e4nzend glattem Nappaleder mit Knautschfalte aus Ro\u00dfnappa. Solide verarbeitet und sehr praktisch. Hinten mit einer Schlaufe f\u00fcr G\u00fcrtel bis 6 cm Breite.<\/p>\n","protected":false},"featured_media":15401,"comment_status":"open","ping_status":"closed","template":"","meta":[],"product_brand":[],"product_cat":[151,95,148],"product_tag":[4398],"class_list":{"0":"post-7060","1":"product","2":"type-product","3":"status-publish","4":"has-post-thumbnail","6":"product_cat-accessoires-2","7":"product_cat-bestseller","8":"product_cat-guertel-gurte","9":"product_tag-hml-fetish-original","10":"product_shipping_class-brief","12":"first","13":"instock","14":"taxable","15":"shipping-taxable","16":"purchasable","17":"product-type-variable"},"_links":{"self":[{"href":"https:\/\/www.hml-fetish.de\/shop\/wp-json\/wp\/v2\/product\/7060","targetHints":{"allow":["GET"]}}],"collection":[{"href":"https:\/\/www.hml-fetish.de\/shop\/wp-json\/wp\/v2\/product"}],"about":[{"href":"https:\/\/www.hml-fetish.de\/shop\/wp-json\/wp\/v2\/types\/product"}],"replies":[{"embeddable":true,"href":"https:\/\/www.hml-fetish.de\/shop\/wp-json\/wp\/v2\/comments?post=7060"}],"version-history":[{"count":0,"href":"https:\/\/www.hml-fetish.de\/shop\/wp-json\/wp\/v2\/product\/7060\/revisions"}],"wp:featuredmedia":[{"embeddable":true,"href":"https:\/\/www.hml-fetish.de\/shop\/wp-json\/wp\/v2\/media\/15401"}],"wp:attachment":[{"href":"https:\/\/www.hml-fetish.de\/shop\/wp-json\/wp\/v2\/media?parent=7060"}],"wp:term":[{"taxonomy":"product_brand","embeddable":true,"href":"https:\/\/www.hml-fetish.de\/shop\/wp-json\/wp\/v2\/product_brand?post=7060"},{"taxonomy":"product_cat","embeddable":true,"href":"https:\/\/www.hml-fetish.de\/shop\/wp-json\/wp\/v2\/product_cat?post=7060"},{"taxonomy":"product_tag","embeddable":true,"href":"https:\/\/www.hml-fetish.de\/shop\/wp-json\/wp\/v2\/product_tag?post=7060"}],"curies":[{"name":"wp","href":"https:\/\/api.w.org\/{rel}","templated":true}]}}