{"id":7058,"date":"2022-01-23T22:53:20","date_gmt":"2022-01-23T21:53:20","guid":{"rendered":"https:\/\/www.hml-fetish.de\/shop\/?post_type=product&#038;p=7058"},"modified":"2026-02-10T17:22:16","modified_gmt":"2026-02-10T16:22:16","slug":"leder-brieftasche","status":"publish","type":"product","link":"https:\/\/www.hml-fetish.de\/shop\/leder-brieftasche\/","title":{"rendered":"Leder-Brieftasche"},"content":{"rendered":"<p>Die klassische Brieftasche f\u00fcr alle Papiere und Karten, die Du unterwegs dabei hast. Zusammengeklappt etwa 115 mm x 165 mm x 15 mm gro\u00df. Drei Kartenf\u00e4cher und drei gr\u00f6\u00dfere F\u00e4cher f\u00fcr Geldscheine, Flyer, ein kleines Handy oder den Reisepa\u00df. Eine robuste Tasche aus ca. 1,5 mm dickem und gl\u00e4nzend glattem Nappaleder. Die Brieftasche aus Leder ist solide verarbeitet und unverw\u00fcstlich.<\/p>\n","protected":false},"excerpt":{"rendered":"<h4>Leder-Brieftasche<\/h4>\n<p>Die klassische Brieftasche f\u00fcr alle Papiere und Karten, die Du unterwegs dabei hast. Zusammengeklappt etwa 115 mm x 165 mm x 15 mm gro\u00df. Drei Kartenf\u00e4cher und drei gr\u00f6\u00dfere F\u00e4cher f\u00fcr Geldscheine, Flyer, ein kleines Handy oder den Reisepa\u00df. Eine robuste Tasche aus ca. 1,5 mm dickem und gl\u00e4nzend glattem Nappaleder. Solide verarbeitet und unverw\u00fcstlich.<\/p>\n","protected":false},"featured_media":15449,"comment_status":"open","ping_status":"closed","template":"","meta":[],"product_brand":[],"product_cat":[151],"product_tag":[3809,4398],"class_list":{"0":"post-7058","1":"product","2":"type-product","3":"status-publish","4":"has-post-thumbnail","6":"product_cat-accessoires-2","7":"product_tag-fh-ledermanufaktur","8":"product_tag-hml-fetish-original","9":"product_shipping_class-brief","11":"first","12":"instock","13":"taxable","14":"shipping-taxable","15":"purchasable","16":"product-type-simple"},"_links":{"self":[{"href":"https:\/\/www.hml-fetish.de\/shop\/wp-json\/wp\/v2\/product\/7058","targetHints":{"allow":["GET"]}}],"collection":[{"href":"https:\/\/www.hml-fetish.de\/shop\/wp-json\/wp\/v2\/product"}],"about":[{"href":"https:\/\/www.hml-fetish.de\/shop\/wp-json\/wp\/v2\/types\/product"}],"replies":[{"embeddable":true,"href":"https:\/\/www.hml-fetish.de\/shop\/wp-json\/wp\/v2\/comments?post=7058"}],"version-history":[{"count":0,"href":"https:\/\/www.hml-fetish.de\/shop\/wp-json\/wp\/v2\/product\/7058\/revisions"}],"wp:featuredmedia":[{"embeddable":true,"href":"https:\/\/www.hml-fetish.de\/shop\/wp-json\/wp\/v2\/media\/15449"}],"wp:attachment":[{"href":"https:\/\/www.hml-fetish.de\/shop\/wp-json\/wp\/v2\/media?parent=7058"}],"wp:term":[{"taxonomy":"product_brand","embeddable":true,"href":"https:\/\/www.hml-fetish.de\/shop\/wp-json\/wp\/v2\/product_brand?post=7058"},{"taxonomy":"product_cat","embeddable":true,"href":"https:\/\/www.hml-fetish.de\/shop\/wp-json\/wp\/v2\/product_cat?post=7058"},{"taxonomy":"product_tag","embeddable":true,"href":"https:\/\/www.hml-fetish.de\/shop\/wp-json\/wp\/v2\/product_tag?post=7058"}],"curies":[{"name":"wp","href":"https:\/\/api.w.org\/{rel}","templated":true}]}}